{"id":10141,"date":"2025-08-06T05:33:52","date_gmt":"2025-08-06T02:33:52","guid":{"rendered":"https:\/\/filterdirect.be\/geschaeftskunden\/"},"modified":"2026-01-27T16:22:24","modified_gmt":"2026-01-27T14:22:24","slug":"geschaeftskunden","status":"publish","type":"page","link":"https:\/\/filterdirect.be\/de\/geschaeftskunden\/","title":{"rendered":"Gesch\u00e4ftskunden"},"content":{"rendered":"\n<h3 class=\"wp-block-heading\">EU-Kunden und Mehrwertsteuer<\/h3>\n\n<p>F\u00fcr unsere Kunden innerhalb der Europ\u00e4ischen Union mit einer g\u00fcltigen Umsatzsteuer-Identifikationsnummer werden die Preise an der Kasse automatisch ohne Umsatzsteuer (0%) angezeigt. Bitte stellen Sie sicher, dass Ihre Umsatzsteuer-Identifikationsnummer g\u00fcltig ist, um diese Steuerbefreiung in Anspruch nehmen zu k\u00f6nnen. <\/p>\n\n<h3 class=\"wp-block-heading\">Gro\u00dfbestellungen und Rabatte<\/h3>\n\n<p>Wenn Sie mehr als 4 Filtersets kaufen m\u00f6chten, kontaktieren Sie uns bitte. Gerne besprechen wir mit Ihnen zus\u00e4tzliche Rabatte f\u00fcr gr\u00f6\u00dfere Bestellmengen, um Ihre gesch\u00e4ftlichen Anforderungen zu unterst\u00fctzen. <\/p>\n\n<h3 class=\"wp-block-heading\">Breite Produktpalette und individuelle Optionen<\/h3>\n\n<p>Dank unseres umfangreichen Netzwerks von Herstellern und Lieferanten k\u00f6nnen wir Luftfilter in so ziemlich jeder Gr\u00f6\u00dfe, Qualit\u00e4t und Filterklasse liefern. Wenn Sie eine gro\u00dfe Menge oder einen bestimmten Filtertyp ben\u00f6tigen, der nicht auf unserer Website aufgef\u00fchrt ist, k\u00f6nnen wir dies f\u00fcr Sie entsprechend Ihren speziellen Anforderungen organisieren. <\/p>\n\n<h3 class=\"wp-block-heading\">Mehrwertsteuer und Proforma-Rechnungen<\/h3>\n\n<p><strong>Rechnungen mit Mehrwertsteuer<\/strong> werden nach jedem Kauf automatisch per E-Mail verschickt. Bitte \u00fcberpr\u00fcfen Sie Ihren Posteingang (und Ihren Spam-Ordner), bevor Sie sich mit uns in Verbindung setzen, damit die Kommunikation klar und effizient bleibt. Auf Wunsch k\u00f6nnen wir Ihnen eine <strong>Proforma-Rechnung<\/strong> zusenden. Bitte kontaktieren Sie uns mit den notwendigen Details, und wir werden Ihre Bestellung nach Zahlungseingang versenden.   <\/p>\n","protected":false},"excerpt":{"rendered":"<p>EU-Kunden und Mehrwertsteuer F\u00fcr unsere Kunden innerhalb der Europ\u00e4ischen Union mit einer g\u00fcltigen Umsatzsteuer-Identifikationsnummer werden die Preise an der Kasse automatisch ohne Umsatzsteuer (0%) angezeigt. Bitte stellen Sie sicher, dass Ihre Umsatzsteuer-Identifikationsnummer g\u00fcltig ist, um diese Steuerbefreiung in Anspruch nehmen zu k\u00f6nnen. Gro\u00dfbestellungen und Rabatte Wenn Sie mehr als 4 Filtersets kaufen m\u00f6chten, kontaktieren Sie [&hellip;]<\/p>\n","protected":false},"author":9,"featured_media":0,"parent":0,"menu_order":0,"comment_status":"closed","ping_status":"closed","template":"","meta":{"footnotes":""},"class_list":["post-10141","page","type-page","status-publish","hentry"],"_links":{"self":[{"href":"https:\/\/filterdirect.be\/de\/wp-json\/wp\/v2\/pages\/10141","targetHints":{"allow":["GET"]}}],"collection":[{"href":"https:\/\/filterdirect.be\/de\/wp-json\/wp\/v2\/pages"}],"about":[{"href":"https:\/\/filterdirect.be\/de\/wp-json\/wp\/v2\/types\/page"}],"author":[{"embeddable":true,"href":"https:\/\/filterdirect.be\/de\/wp-json\/wp\/v2\/users\/9"}],"replies":[{"embeddable":true,"href":"https:\/\/filterdirect.be\/de\/wp-json\/wp\/v2\/comments?post=10141"}],"version-history":[{"count":3,"href":"https:\/\/filterdirect.be\/de\/wp-json\/wp\/v2\/pages\/10141\/revisions"}],"predecessor-version":[{"id":11157,"href":"https:\/\/filterdirect.be\/de\/wp-json\/wp\/v2\/pages\/10141\/revisions\/11157"}],"wp:attachment":[{"href":"https:\/\/filterdirect.be\/de\/wp-json\/wp\/v2\/media?parent=10141"}],"curies":[{"name":"wp","href":"https:\/\/api.w.org\/{rel}","templated":true}]}}