{"id":10144,"date":"2025-02-10T13:46:57","date_gmt":"2025-02-10T11:46:57","guid":{"rendered":"https:\/\/filterdirect.be\/ueber-uns\/"},"modified":"2026-01-27T16:39:13","modified_gmt":"2026-01-27T14:39:13","slug":"ueber-uns","status":"publish","type":"page","link":"https:\/\/filterdirect.be\/de\/ueber-uns\/","title":{"rendered":"\u00dcber uns"},"content":{"rendered":"\n<h3 class=\"wp-block-heading\">Wer sind wir?<\/h3>\n\n<p>Wir gehen verantwortungsvoll mit der Luftverschmutzung und der Luft, die wir atmen, um. Aus diesem Grund haben wir einen speziellen Online-Shop f\u00fcr KWL-Filter eingerichtet. Unser Ziel ist es, KWL-Filter von h\u00f6chster Qualit\u00e4t zu einem erschwinglichen Preis anzubieten. Die Suche, der Kauf und der Erhalt von Filtern sollte einfach und bequem sein. Durch die Zusammenarbeit mit vertrauensw\u00fcrdigen Filterherstellern und H\u00e4ndlern in ganz Europa bieten wir sowohl Originalfilter als auch unsere sorgf\u00e4ltig entwickelten KWL-Filter der Hausmarke an &#8211; alle aus hochwertigen Materialien und unter Einhaltung der strengen ISO 16890-Normen hergestellt, um eine hervorragende Filterleistung und Zuverl\u00e4ssigkeit zu gew\u00e4hrleisten.    <\/p>\n\n<p>Unser Ziel ist es, die Luft in Ihrem Haus sauber und gesund zu halten und gleichzeitig sicherzustellen, dass Ihr KWL-Ger\u00e4t mit h\u00f6chster Effizienz arbeitet. Jeder Filter wurde entwickelt, um Ihr L\u00fcftungssystem zu sch\u00fctzen, seine Lebensdauer zu verl\u00e4ngern und die Luftqualit\u00e4t in Innenr\u00e4umen zu verbessern.  <\/p>\n\n<p>Wie stellt unser Online-Shop das sicher?<\/p>\n\n<h3 class=\"wp-block-heading\">Treueprogramm: Der beste Mehrwert f\u00fcr unsere treuen Kunden<\/h3>\n\n<p>Wir sind der Meinung, dass Ihre Treue Belohnung verdient. Deshalb haben wir ein <strong>Treueprogramm<\/strong> entwickelt, das Ihnen bei jedem Einkauf das beste Verh\u00e4ltnis aus Preis-, Service- und Qualit\u00e4t bietet. Erfahren Sie mehr \u00fcber unser Treueprogramm:  <\/p>\n\n<ul class=\"wp-block-list\">\n<li>Mit jedem Einkauf sammeln Sie Punkte, die Sie gegen Rabatte auf zuk\u00fcnftige Bestellungen einl\u00f6sen k\u00f6nnen;<\/li>\n\n\n\n<li>Damit Ihr Bel\u00fcftungssystem reibungslos funktioniert, schicken wir Ihnen alle 90 Tage eine freundliche Erinnerung, wenn es an der Zeit ist, Ihre Filter auszutauschen;<\/li>\n\n\n\n<li>Profitieren Sie von regelm\u00e4\u00dfigen Sonderangeboten und Rabatten nur f\u00fcr Mitglieder, damit Sie Ihre KWL-Filter immer zum besten Preis erhalten k\u00f6nnen;<\/li>\n\n\n\n<li>Genie\u00dfen Sie <strong>Rabatte von bis zu 15%<\/strong>, wenn Sie mehr als einen gleichen Filter kaufen;<\/li>\n<\/ul>\n\n<p>Ausf\u00fchrlichere Informationen zum Sammeln, Einl\u00f6sen und Verwalten von Treuepunkten finden Sie auf unserer speziellen <strong>Seite zum Treueprogramm<\/strong>.<\/p>\n\n<h3 class=\"wp-block-heading\">Unsere Garantie f\u00fcr Qualit\u00e4t und Zuverl\u00e4ssigkeit<\/h3>\n\n<p>Genie\u00dfen Sie den kostenlosen Versand f\u00fcr alle Bestellungen \u00fcber \u20ac100! Die meisten Bestellungen werden <strong>innerhalb von 24-48 Stunden versandt<\/strong>, damit Sie schnellm\u00f6glichst erhalten, was Sie ben\u00f6tigen.  <\/p>\n\n<p>Wenn Sie nicht zufrieden sind, k\u00f6nnen Sie jedes Produkt innerhalb von <strong>30 Tagen zur\u00fcckgeben und erhalten den vollen Kaufpreis zur\u00fcck<\/strong> &#8211; ohne Angaben von Gr\u00fcnden! Zudem \u00fcbernehmen wir die gesamten Kosten f\u00fcr den R\u00fcckversand. <\/p>\n\n<p>Wir bieten eine gro\u00dfe Auswahl an leistungsstarken Ersatzfiltern an, die mit <strong>allen gro\u00dfen Marken von Ventilatoren<\/strong> kompatibel sind.<\/p>\n\n<p>Wir sind mehr als nur ein Online-Shop f\u00fcr KWL-Filter &#8211; wir sind leidenschaftliche Verfechter von sauberer Luft und L\u00fcftungssystemen. Unser kompetentes Team steht Ihnen jederzeit zur Verf\u00fcgung, um Sie bei allen Fragen zur Bel\u00fcftung zu unterst\u00fctzen und Ihnen bei der Auswahl des perfekten Filters f\u00fcr Ihr KWL-Ger\u00e4t zu helfen. Antworten auf die h\u00e4ufigsten Fragen finden Sie in unserem <strong>FAQ-Bereich<\/strong>.  <\/p>\n\n<p>Wenn Sie weitere Fragen haben, kontaktieren Sie uns bitte \u00fcber den untenstehenden Chat oder nutzen Sie unser <strong>Kontaktformular<\/strong>. Wir helfen Ihnen jederzeit gerne weiter! <\/p>\n","protected":false},"excerpt":{"rendered":"<p>Wer sind wir? Wir gehen verantwortungsvoll mit der Luftverschmutzung und der Luft, die wir atmen, um. Aus diesem Grund haben wir einen speziellen Online-Shop f\u00fcr KWL-Filter eingerichtet. Unser Ziel ist es, KWL-Filter von h\u00f6chster Qualit\u00e4t zu einem erschwinglichen Preis anzubieten. Die Suche, der Kauf und der Erhalt von Filtern sollte einfach und bequem sein. Durch [&hellip;]<\/p>\n","protected":false},"author":2,"featured_media":0,"parent":0,"menu_order":0,"comment_status":"closed","ping_status":"closed","template":"","meta":{"footnotes":""},"class_list":["post-10144","page","type-page","status-publish","hentry"],"_links":{"self":[{"href":"https:\/\/filterdirect.be\/de\/wp-json\/wp\/v2\/pages\/10144","targetHints":{"allow":["GET"]}}],"collection":[{"href":"https:\/\/filterdirect.be\/de\/wp-json\/wp\/v2\/pages"}],"about":[{"href":"https:\/\/filterdirect.be\/de\/wp-json\/wp\/v2\/types\/page"}],"author":[{"embeddable":true,"href":"https:\/\/filterdirect.be\/de\/wp-json\/wp\/v2\/users\/2"}],"replies":[{"embeddable":true,"href":"https:\/\/filterdirect.be\/de\/wp-json\/wp\/v2\/comments?post=10144"}],"version-history":[{"count":3,"href":"https:\/\/filterdirect.be\/de\/wp-json\/wp\/v2\/pages\/10144\/revisions"}],"predecessor-version":[{"id":11159,"href":"https:\/\/filterdirect.be\/de\/wp-json\/wp\/v2\/pages\/10144\/revisions\/11159"}],"wp:attachment":[{"href":"https:\/\/filterdirect.be\/de\/wp-json\/wp\/v2\/media?parent=10144"}],"curies":[{"name":"wp","href":"https:\/\/api.w.org\/{rel}","templated":true}]}}