{"id":10153,"date":"2025-02-10T13:47:26","date_gmt":"2025-02-10T11:47:26","guid":{"rendered":"https:\/\/filterdirect.be\/treueprogramm\/"},"modified":"2026-01-16T11:19:50","modified_gmt":"2026-01-16T09:19:50","slug":"treueprogramm","status":"publish","type":"page","link":"https:\/\/filterdirect.be\/de\/treueprogramm\/","title":{"rendered":"Treueprogramm"},"content":{"rendered":"\n<h3 class=\"wp-block-heading\">Was sind Punkte?<\/h3>\n\n<p>Punkte sind unsere einfache Art, Sie f\u00fcr Ihren Einkauf bei uns zu belohnen. Sie k\u00f6nnen sie mit Ihren Eink\u00e4ufen sammeln und sie als Rabatt f\u00fcr zuk\u00fcnftige Bestellungen in unserem Online-Shop verwenden. Ihre Punkte <strong>verfallen nie<\/strong>.  <\/p>\n\n<p><strong>1 Punkt = 0,01 \u20ac.<\/strong><\/p>\n\n<p>Sie sehen genau, wie viele Punkte Sie zur Verf\u00fcgung haben und wie viele Sie verwenden k\u00f6nnen, wenn Sie eine Bestellung aufgeben, w\u00e4hrend der \u00dcberpr\u00fcfung der Bestellung. Sie k\u00f6nnen sie auch jederzeit in Ihrem Konto einsehen. <\/p>\n\n<h3 class=\"wp-block-heading\">Wie kann ich Punkte sammeln?<\/h3>\n\n<p>Sie k\u00f6nnen auf verschiedene Arten Punkte sammeln:<\/p>\n\n<ol class=\"wp-block-list\">\n<li><strong>Erstellen Sie ein Konto<\/strong>. Um an unserem Treueprogramm teilzunehmen, m\u00fcssen Sie ein Konto einrichten. Jedes neue Mitglied erh\u00e4lt <strong>bei der Registrierung 200 Punkte<\/strong>. Sie k\u00f6nnen auf &#8216;Anmelden&#8217; klicken und sich mit Ihrem bestehenden Google- oder Facebook-Konto registrieren oder ein neues Konto an der Kasse erstellen, indem Sie einfach ein Passwort festlegen.   <\/li>\n\n\n\n<li><strong>Machen Sie eine Bestellung<\/strong>. F\u00fcr jeden Einkauf erhalten Sie Points als Cashback. Der Satz liegt zwischen 3 % und 5 %, abh\u00e4ngig von Ihrer Stufe. Die genaue Rate und wie Sie aufsteigen k\u00f6nnen, erfahren Sie im Abschnitt <em>Tier Levels <\/em>weiter unten auf dieser Seite.   <\/li>\n\n\n\n<li><strong>Schreiben Sie eine Bewertung<\/strong>. Wenn Sie eine Bewertung <strong>auf unserer Website<\/strong> abgeben, erhalten Sie automatisch <strong>200 Punkte<\/strong> f\u00fcr jede genehmigte Produktbewertung. Wir freuen uns auch \u00fcber <strong>Bewertungen auf externen Plattformen<\/strong> (z.B. Trustpilot) &#8211; senden Sie uns einfach einen Nachweis \u00fcber Ihre Bewertung, und nach \u00dcberpr\u00fcfung werden Ihrem Konto 200 Punkte gutgeschrieben.  <\/li>\n\n\n\n<li><strong>Erhalten Sie den Newsletter f\u00fcr Sonderangebote<\/strong>. Profitieren Sie von unseren Sonderangeboten, bei denen Sie zus\u00e4tzliche Punkte sammeln k\u00f6nnen! Melden Sie sich f\u00fcr unseren Newsletter an, um \u00fcber exklusive Angebote und zeitlich begrenzte Gelegenheiten informiert zu werden.  <\/li>\n<\/ol>\n\n<h3 class=\"wp-block-heading\">Stufen<\/h3>\n\n<p>Ihre Tier-Stufe w\u00e4chst automatisch auf der Grundlage Ihrer Gesamtausgaben bei uns. Unser Loyalit\u00e4tsprogramm hat 3 Stufen: <\/p>\n\n<ul class=\"wp-block-list\">\n<li><strong>Stufe 1<\/strong> &#8211; die Standardstufe f\u00fcr alle neuen Mitglieder bei der Registrierung. Sie erhalten 3% Cashback auf jeden Einkauf.<\/li>\n\n\n\n<li><strong>Stufe 2<\/strong> &#8211; wird freigeschaltet, sobald Ihre Gesamtausgaben 100 \u20ac erreichen, und Sie erhalten 4% Cashback auf jeden Einkauf.<\/li>\n\n\n\n<li><strong>Stufe 3<\/strong> &#8211; wird freigeschaltet, sobald Ihre Gesamtausgaben 300 \u20ac erreichen, und Sie erhalten 5% Cashback auf jeden Einkauf.<\/li>\n<\/ul>\n\n<h3 class=\"wp-block-heading\">Verg\u00fcnstigungen im Treueprogramm<\/h3>\n\n<p>Als gesch\u00e4tztes Treue-Mitglied erhalten Sie einige n\u00fctzliche Zusatzleistungen, um Ihr Erlebnis zu verbessern:<\/p>\n\n<ul class=\"wp-block-list\">\n<li><strong>N\u00fctzliche Erinnerungen<\/strong>: Alle 90 Tage schicken wir Ihnen eine E-Mail, die Sie an den Wechsel Ihrer Filter erinnert. So k\u00f6nnen Sie Ihr Ger\u00e4t gut pflegen und gleichzeitig eine optimale Luftqualit\u00e4t und Systemleistung sicherstellen. Au\u00dferdem halten wir Sie \u00fcber Ihren Punktestand auf dem Laufenden (sowohl in Punkten als auch in Euro). <\/li>\n\n\n\n<li><strong>Exklusive Angebote<\/strong>: Sie erhalten Zugang zu speziellen Rabatten und Sonderaktionen nur f\u00fcr Mitglieder.<\/li>\n<\/ul>\n\n<p>Wir halten unsere Nachrichten relevant und n\u00fctzlich, damit Sie informiert bleiben, ohne dass Ihr Posteingang \u00fcberf\u00fcllt wird.<\/p>\n\n<h3 class=\"wp-block-heading\">E-Mail-Einstellungen<\/h3>\n\n<p>Wenn Sie unserem Treueprogramm beitreten, erkl\u00e4ren Sie sich damit einverstanden, dass wir Sie \u00fcber Ihren Punktestand (gesammelte und ausgegebene Punkte), Erinnerungen an Filter\u00e4nderungen und exklusive Angebote informieren. Wenn Sie diese E-Mails nicht erhalten m\u00f6chten, aber dennoch Mitglied bleiben wollen, k\u00f6nnen Sie sich jederzeit \u00fcber den Link in der Fu\u00dfzeile der E-Mail abmelden. <\/p>\n\n<p><\/p>\n","protected":false},"excerpt":{"rendered":"<p>Was sind Punkte? Punkte sind unsere einfache Art, Sie f\u00fcr Ihren Einkauf bei uns zu belohnen. Sie k\u00f6nnen sie mit Ihren Eink\u00e4ufen sammeln und sie als Rabatt f\u00fcr zuk\u00fcnftige Bestellungen in unserem Online-Shop verwenden. Ihre Punkte verfallen nie. 1 Punkt = 0,01 \u20ac. Sie sehen genau, wie viele Punkte Sie zur Verf\u00fcgung haben und wie [&hellip;]<\/p>\n","protected":false},"author":2,"featured_media":0,"parent":0,"menu_order":0,"comment_status":"closed","ping_status":"closed","template":"","meta":{"footnotes":""},"class_list":["post-10153","page","type-page","status-publish","hentry"],"_links":{"self":[{"href":"https:\/\/filterdirect.be\/de\/wp-json\/wp\/v2\/pages\/10153","targetHints":{"allow":["GET"]}}],"collection":[{"href":"https:\/\/filterdirect.be\/de\/wp-json\/wp\/v2\/pages"}],"about":[{"href":"https:\/\/filterdirect.be\/de\/wp-json\/wp\/v2\/types\/page"}],"author":[{"embeddable":true,"href":"https:\/\/filterdirect.be\/de\/wp-json\/wp\/v2\/users\/2"}],"replies":[{"embeddable":true,"href":"https:\/\/filterdirect.be\/de\/wp-json\/wp\/v2\/comments?post=10153"}],"version-history":[{"count":1,"href":"https:\/\/filterdirect.be\/de\/wp-json\/wp\/v2\/pages\/10153\/revisions"}],"predecessor-version":[{"id":10155,"href":"https:\/\/filterdirect.be\/de\/wp-json\/wp\/v2\/pages\/10153\/revisions\/10155"}],"wp:attachment":[{"href":"https:\/\/filterdirect.be\/de\/wp-json\/wp\/v2\/media?parent=10153"}],"curies":[{"name":"wp","href":"https:\/\/api.w.org\/{rel}","templated":true}]}}