{"id":10156,"date":"2025-08-06T05:34:28","date_gmt":"2025-08-06T02:34:28","guid":{"rendered":"https:\/\/filterdirect.be\/filter-gruppe-netzwerk\/"},"modified":"2026-01-27T16:14:16","modified_gmt":"2026-01-27T14:14:16","slug":"filter-gruppe-netzwerk","status":"publish","type":"page","link":"https:\/\/filterdirect.be\/de\/filter-gruppe-netzwerk\/","title":{"rendered":"Filter Gruppe Netzwerk"},"content":{"rendered":"\n<p>Wir von <strong>Filter Loop<\/strong> k\u00fcmmern uns um die Luft, die Sie atmen &#8211; wo auch immer Sie sind. \u00dcber unser Netzwerk lokaler Webshops in ganz Europa bieten wir sowohl Originalfilter als auch Alternativfilter f\u00fcr KWL-Anlagen zu fairen Preisen an. <\/p>\n\n<p><strong>Jeder Shop ist auf das jeweilige Land zugeschnitten<\/strong> und bietet Unterst\u00fctzung in der Landessprache, regionalen Versand und Zahlungsoptionen, denen Sie vertrauen. Indem wir mit zuverl\u00e4ssigen Herstellern zusammenarbeiten und die Bed\u00fcrfnisse jedes Marktes verstehen, sorgen wir f\u00fcr eine reibungslose,<strong> kundenorientierte Erfahrung <\/strong>, die uns zu Ihrem bevorzugten Filterpartner an jedem von uns bedienten Standort macht. <\/p>\n\n<div class=\"wp-block-columns is-layout-flex wp-container-core-columns-is-layout-9d6595d7 wp-block-columns-is-layout-flex\">\n<div class=\"wp-block-column is-layout-flow wp-block-column-is-layout-flow\">\n<div class=\"wp-block-group is-nowrap is-layout-flex wp-container-core-group-is-layout-ad2f72ca wp-block-group-is-layout-flex\">\n<div class=\"wp-block-group is-nowrap is-layout-flex wp-container-core-group-is-layout-ad2f72ca wp-block-group-is-layout-flex\">\n<figure class=\"wp-block-image size-full is-resized\"><img decoding=\"async\" width=\"512\" height=\"512\" src=\"https:\/\/filterdirect.be\/wp-content\/uploads\/2025\/08\/lithuania-1.png\" alt=\"\" class=\"wp-image-4826\" style=\"width:65px\" srcset=\"https:\/\/filterdirect.be\/wp-content\/uploads\/2025\/08\/lithuania-1.png 512w, https:\/\/filterdirect.be\/wp-content\/uploads\/2025\/08\/lithuania-1-300x300.png 300w, https:\/\/filterdirect.be\/wp-content\/uploads\/2025\/08\/lithuania-1-150x150.png 150w, https:\/\/filterdirect.be\/wp-content\/uploads\/2025\/08\/lithuania-1-100x100.png 100w\" sizes=\"(max-width: 512px) 100vw, 512px\" \/><\/figure>\n<\/div>\n\n\n\n<h4 class=\"wp-block-heading\"><a href=\"https:\/\/filtrupasaulis.lt\" target=\"_blank\" rel=\"noopener\">Filtrupasaulis.lt<\/a><\/h4>\n<\/div>\n\n\n\n<p>Sprachen: Litauisch, Russisch, Englisch<\/p>\n<\/div>\n\n\n\n<div class=\"wp-block-column is-layout-flow wp-block-column-is-layout-flow\">\n<div class=\"wp-block-group is-nowrap is-layout-flex wp-container-core-group-is-layout-ad2f72ca wp-block-group-is-layout-flex\">\n<div class=\"wp-block-group is-nowrap is-layout-flex wp-container-core-group-is-layout-ad2f72ca wp-block-group-is-layout-flex\">\n<figure class=\"wp-block-image size-full is-resized\"><img decoding=\"async\" width=\"512\" height=\"512\" src=\"https:\/\/filterdirect.be\/wp-content\/uploads\/2025\/08\/latvia-1.png\" alt=\"\" class=\"wp-image-4828\" style=\"width:65px\" srcset=\"https:\/\/filterdirect.be\/wp-content\/uploads\/2025\/08\/latvia-1.png 512w, https:\/\/filterdirect.be\/wp-content\/uploads\/2025\/08\/latvia-1-300x300.png 300w, https:\/\/filterdirect.be\/wp-content\/uploads\/2025\/08\/latvia-1-150x150.png 150w, https:\/\/filterdirect.be\/wp-content\/uploads\/2025\/08\/latvia-1-100x100.png 100w\" sizes=\"(max-width: 512px) 100vw, 512px\" \/><\/figure>\n<\/div>\n\n\n\n<h4 class=\"wp-block-heading\"><a href=\"https:\/\/filtrupasaule.lv\/\" target=\"_blank\" rel=\"noopener\">Filtrupasaule.lv<\/a><\/h4>\n<\/div>\n\n\n\n<p>Sprachen: Lettisch, Russisch, Englisch<\/p>\n<\/div>\n\n\n\n<div class=\"wp-block-column is-layout-flow wp-block-column-is-layout-flow\">\n<div class=\"wp-block-group is-nowrap is-layout-flex wp-container-core-group-is-layout-ad2f72ca wp-block-group-is-layout-flex\">\n<div class=\"wp-block-group is-nowrap is-layout-flex wp-container-core-group-is-layout-ad2f72ca wp-block-group-is-layout-flex\">\n<figure class=\"wp-block-image size-full is-resized\"><img decoding=\"async\" width=\"512\" height=\"512\" src=\"https:\/\/filterdirect.be\/wp-content\/uploads\/2025\/08\/estonia.png\" alt=\"\" class=\"wp-image-4830\" style=\"width:65px\" srcset=\"https:\/\/filterdirect.be\/wp-content\/uploads\/2025\/08\/estonia.png 512w, https:\/\/filterdirect.be\/wp-content\/uploads\/2025\/08\/estonia-300x300.png 300w, https:\/\/filterdirect.be\/wp-content\/uploads\/2025\/08\/estonia-150x150.png 150w, https:\/\/filterdirect.be\/wp-content\/uploads\/2025\/08\/estonia-100x100.png 100w\" sizes=\"(max-width: 512px) 100vw, 512px\" \/><\/figure>\n<\/div>\n\n\n\n<h4 class=\"wp-block-heading\"><a href=\"https:\/\/filtriturg.ee\/\" target=\"_blank\" rel=\"noopener\">Filtriturg.ee<\/a><\/h4>\n<\/div>\n\n\n\n<p>Sprachen: Estnisch, Russisch, Englisch<\/p>\n<\/div>\n\n\n\n<div class=\"wp-block-column is-layout-flow wp-block-column-is-layout-flow\">\n<div class=\"wp-block-group is-nowrap is-layout-flex wp-container-core-group-is-layout-ad2f72ca wp-block-group-is-layout-flex\">\n<div class=\"wp-block-group is-nowrap is-layout-flex wp-container-core-group-is-layout-ad2f72ca wp-block-group-is-layout-flex\">\n<figure class=\"wp-block-image size-full is-resized\"><img decoding=\"async\" width=\"512\" height=\"512\" src=\"https:\/\/filterdirect.be\/wp-content\/uploads\/2025\/08\/finland.png\" alt=\"\" class=\"wp-image-4915\" style=\"width:65px\" srcset=\"https:\/\/filterdirect.be\/wp-content\/uploads\/2025\/08\/finland.png 512w, https:\/\/filterdirect.be\/wp-content\/uploads\/2025\/08\/finland-300x300.png 300w, https:\/\/filterdirect.be\/wp-content\/uploads\/2025\/08\/finland-150x150.png 150w, https:\/\/filterdirect.be\/wp-content\/uploads\/2025\/08\/finland-100x100.png 100w\" sizes=\"(max-width: 512px) 100vw, 512px\" \/><\/figure>\n<\/div>\n\n\n\n<h4 class=\"wp-block-heading\"><a href=\"https:\/\/filtri.fi\" target=\"_blank\" rel=\"noopener\">Filtri.fi<\/a><\/h4>\n<\/div>\n\n\n\n<p>Sprachen: Finnisch, Schwedisch, Englisch<\/p>\n<\/div>\n<\/div>\n\n<div class=\"wp-block-columns is-layout-flex wp-container-core-columns-is-layout-9d6595d7 wp-block-columns-is-layout-flex\">\n<div class=\"wp-block-column has-white-background-color has-background is-layout-flow wp-block-column-is-layout-flow\">\n<div class=\"wp-block-group is-nowrap is-layout-flex wp-container-core-group-is-layout-ad2f72ca wp-block-group-is-layout-flex\">\n<div class=\"wp-block-group is-vertical is-layout-flex wp-container-core-group-is-layout-8cf370e7 wp-block-group-is-layout-flex\">\n<figure class=\"wp-block-image size-full is-resized\"><img decoding=\"async\" width=\"512\" height=\"512\" src=\"https:\/\/filterdirect.be\/wp-content\/uploads\/2025\/08\/sweden.png\" alt=\"\" class=\"wp-image-4921\" style=\"width:65px\" srcset=\"https:\/\/filterdirect.be\/wp-content\/uploads\/2025\/08\/sweden.png 512w, https:\/\/filterdirect.be\/wp-content\/uploads\/2025\/08\/sweden-300x300.png 300w, https:\/\/filterdirect.be\/wp-content\/uploads\/2025\/08\/sweden-150x150.png 150w, https:\/\/filterdirect.be\/wp-content\/uploads\/2025\/08\/sweden-100x100.png 100w\" sizes=\"(max-width: 512px) 100vw, 512px\" \/><\/figure>\n<\/div>\n\n\n\n<h4 class=\"wp-block-heading\"><a href=\"https:\/\/filtri.se\" target=\"_blank\" rel=\"noopener\">Filtri.se<\/a><\/h4>\n<\/div>\n\n\n\n<p>Sprachen: Schwedisch, Finnisch, Englisch<\/p>\n<\/div>\n\n\n\n<div class=\"wp-block-column is-layout-flow wp-block-column-is-layout-flow\">\n<div class=\"wp-block-group is-nowrap is-layout-flex wp-container-core-group-is-layout-ad2f72ca wp-block-group-is-layout-flex\">\n<div class=\"wp-block-group is-nowrap is-layout-flex wp-container-core-group-is-layout-ad2f72ca wp-block-group-is-layout-flex\">\n<figure class=\"wp-block-image size-full is-resized\"><img decoding=\"async\" width=\"512\" height=\"512\" src=\"https:\/\/filterdirect.be\/wp-content\/uploads\/2025\/08\/germany.png\" alt=\"\" class=\"wp-image-4923\" style=\"width:65px\" srcset=\"https:\/\/filterdirect.be\/wp-content\/uploads\/2025\/08\/germany.png 512w, https:\/\/filterdirect.be\/wp-content\/uploads\/2025\/08\/germany-300x300.png 300w, https:\/\/filterdirect.be\/wp-content\/uploads\/2025\/08\/germany-150x150.png 150w, https:\/\/filterdirect.be\/wp-content\/uploads\/2025\/08\/germany-100x100.png 100w\" sizes=\"(max-width: 512px) 100vw, 512px\" \/><\/figure>\n<\/div>\n\n\n\n<h4 class=\"wp-block-heading\"><a href=\"https:\/\/filterdirect.be\">Filterimperium.de<\/a><\/h4>\n<\/div>\n\n\n\n<p>Sprachen: Deutsch, Englisch<\/p>\n<\/div>\n\n\n\n<div class=\"wp-block-column is-layout-flow wp-block-column-is-layout-flow\">\n<div class=\"wp-block-group is-nowrap is-layout-flex wp-container-core-group-is-layout-ad2f72ca wp-block-group-is-layout-flex\">\n<div class=\"wp-block-group is-nowrap is-layout-flex wp-container-core-group-is-layout-ad2f72ca wp-block-group-is-layout-flex\">\n<figure class=\"wp-block-image size-full is-resized\"><img decoding=\"async\" width=\"512\" height=\"512\" src=\"https:\/\/filterdirect.be\/wp-content\/uploads\/2025\/08\/austria-1.png\" alt=\"\" class=\"wp-image-4927\" style=\"width:65px\" srcset=\"https:\/\/filterdirect.be\/wp-content\/uploads\/2025\/08\/austria-1.png 512w, https:\/\/filterdirect.be\/wp-content\/uploads\/2025\/08\/austria-1-300x300.png 300w, https:\/\/filterdirect.be\/wp-content\/uploads\/2025\/08\/austria-1-150x150.png 150w, https:\/\/filterdirect.be\/wp-content\/uploads\/2025\/08\/austria-1-100x100.png 100w\" sizes=\"(max-width: 512px) 100vw, 512px\" \/><\/figure>\n<\/div>\n\n\n\n<h4 class=\"wp-block-heading\"><a href=\"https:\/\/filtermarkt.at\" target=\"_blank\" rel=\"noopener\">Filtermarkt.at<\/a><\/h4>\n<\/div>\n\n\n\n<p>Sprachen: Deutsch, Englisch<\/p>\n<\/div>\n\n\n\n<div class=\"wp-block-column is-layout-flow wp-block-column-is-layout-flow\">\n<div class=\"wp-block-group is-nowrap is-layout-flex wp-container-core-group-is-layout-ad2f72ca wp-block-group-is-layout-flex\">\n<div class=\"wp-block-group is-nowrap is-layout-flex wp-container-core-group-is-layout-ad2f72ca wp-block-group-is-layout-flex\">\n<figure class=\"wp-block-image size-full is-resized\"><img decoding=\"async\" width=\"512\" height=\"512\" src=\"https:\/\/filterdirect.be\/wp-content\/uploads\/2025\/08\/united-kingdom.png\" alt=\"\" class=\"wp-image-4929\" style=\"width:65px\" srcset=\"https:\/\/filterdirect.be\/wp-content\/uploads\/2025\/08\/united-kingdom.png 512w, https:\/\/filterdirect.be\/wp-content\/uploads\/2025\/08\/united-kingdom-300x300.png 300w, https:\/\/filterdirect.be\/wp-content\/uploads\/2025\/08\/united-kingdom-150x150.png 150w, https:\/\/filterdirect.be\/wp-content\/uploads\/2025\/08\/united-kingdom-100x100.png 100w\" sizes=\"(max-width: 512px) 100vw, 512px\" \/><\/figure>\n<\/div>\n\n\n\n<h4 class=\"wp-block-heading\"><a href=\"https:\/\/filterexpress.co.uk\" target=\"_blank\" rel=\"noopener\">Filterexpress.co.uk<\/a><\/h4>\n<\/div>\n\n\n\n<p>Sprachen: Englisch<\/p>\n<\/div>\n<\/div>\n\n<div class=\"wp-block-columns is-layout-flex wp-container-core-columns-is-layout-9d6595d7 wp-block-columns-is-layout-flex\">\n<div class=\"wp-block-column has-white-background-color has-background is-layout-flow wp-block-column-is-layout-flow\">\n<div class=\"wp-block-group is-nowrap is-layout-flex wp-container-core-group-is-layout-ad2f72ca wp-block-group-is-layout-flex\">\n<div class=\"wp-block-group is-vertical is-layout-flex wp-container-core-group-is-layout-8cf370e7 wp-block-group-is-layout-flex\">\n<figure class=\"wp-block-image size-full is-resized\"><img decoding=\"async\" width=\"512\" height=\"512\" src=\"https:\/\/filterdirect.be\/wp-content\/uploads\/2025\/08\/belgium-1.png\" alt=\"\" class=\"wp-image-4935\" style=\"width:65px\" srcset=\"https:\/\/filterdirect.be\/wp-content\/uploads\/2025\/08\/belgium-1.png 512w, https:\/\/filterdirect.be\/wp-content\/uploads\/2025\/08\/belgium-1-300x300.png 300w, https:\/\/filterdirect.be\/wp-content\/uploads\/2025\/08\/belgium-1-150x150.png 150w, https:\/\/filterdirect.be\/wp-content\/uploads\/2025\/08\/belgium-1-100x100.png 100w\" sizes=\"(max-width: 512px) 100vw, 512px\" \/><\/figure>\n<\/div>\n\n\n\n<h4 class=\"wp-block-heading\"><a href=\"https:\/\/filtri.se\" target=\"_blank\" rel=\"noopener\"><\/a><a href=\"http:\/\/filterdirect.be\/\" target=\"_blank\" rel=\"noreferrer noopener\">Filterdirect.be<\/a><\/h4>\n<\/div>\n\n\n\n<p>Sprachen: Deutsch, Franz\u00f6sisch, Niederl\u00e4ndisch, Englisch<\/p>\n<\/div>\n\n\n\n<div class=\"wp-block-column is-layout-flow wp-block-column-is-layout-flow\">\n<div class=\"wp-block-group is-nowrap is-layout-flex wp-container-core-group-is-layout-ad2f72ca wp-block-group-is-layout-flex\">\n<div class=\"wp-block-group is-nowrap is-layout-flex wp-container-core-group-is-layout-ad2f72ca wp-block-group-is-layout-flex\"\/>\n\n\n\n<h3 class=\"wp-block-heading\"><\/h3>\n<\/div>\n\n\n\n<p><\/p>\n<\/div>\n\n\n\n<div class=\"wp-block-column is-layout-flow wp-block-column-is-layout-flow\">\n<div class=\"wp-block-group is-nowrap is-layout-flex wp-container-core-group-is-layout-ad2f72ca wp-block-group-is-layout-flex\">\n<div class=\"wp-block-group is-nowrap is-layout-flex wp-container-core-group-is-layout-ad2f72ca wp-block-group-is-layout-flex\"\/>\n\n\n\n<h3 class=\"wp-block-heading\"><\/h3>\n<\/div>\n\n\n\n<p><\/p>\n<\/div>\n\n\n\n<div class=\"wp-block-column is-layout-flow wp-block-column-is-layout-flow\">\n<div class=\"wp-block-group is-nowrap is-layout-flex wp-container-core-group-is-layout-ad2f72ca wp-block-group-is-layout-flex\">\n<div class=\"wp-block-group is-nowrap is-layout-flex wp-container-core-group-is-layout-ad2f72ca wp-block-group-is-layout-flex\"\/>\n\n\n\n<h3 class=\"wp-block-heading\"><\/h3>\n<\/div>\n\n\n\n<p><\/p>\n<\/div>\n<\/div>\n\n<p><\/p>\n","protected":false},"excerpt":{"rendered":"<p>Wir von Filter Loop k\u00fcmmern uns um die Luft, die Sie atmen &#8211; wo auch immer Sie sind. \u00dcber unser Netzwerk lokaler Webshops in ganz Europa bieten wir sowohl Originalfilter als auch Alternativfilter f\u00fcr KWL-Anlagen zu fairen Preisen an. Jeder Shop ist auf das jeweilige Land zugeschnitten und bietet Unterst\u00fctzung in der Landessprache, regionalen Versand [&hellip;]<\/p>\n","protected":false},"author":9,"featured_media":0,"parent":0,"menu_order":0,"comment_status":"closed","ping_status":"closed","template":"","meta":{"footnotes":""},"class_list":["post-10156","page","type-page","status-publish","hentry"],"_links":{"self":[{"href":"https:\/\/filterdirect.be\/de\/wp-json\/wp\/v2\/pages\/10156","targetHints":{"allow":["GET"]}}],"collection":[{"href":"https:\/\/filterdirect.be\/de\/wp-json\/wp\/v2\/pages"}],"about":[{"href":"https:\/\/filterdirect.be\/de\/wp-json\/wp\/v2\/types\/page"}],"author":[{"embeddable":true,"href":"https:\/\/filterdirect.be\/de\/wp-json\/wp\/v2\/users\/9"}],"replies":[{"embeddable":true,"href":"https:\/\/filterdirect.be\/de\/wp-json\/wp\/v2\/comments?post=10156"}],"version-history":[{"count":3,"href":"https:\/\/filterdirect.be\/de\/wp-json\/wp\/v2\/pages\/10156\/revisions"}],"predecessor-version":[{"id":11153,"href":"https:\/\/filterdirect.be\/de\/wp-json\/wp\/v2\/pages\/10156\/revisions\/11153"}],"wp:attachment":[{"href":"https:\/\/filterdirect.be\/de\/wp-json\/wp\/v2\/media?parent=10156"}],"curies":[{"name":"wp","href":"https:\/\/api.w.org\/{rel}","templated":true}]}}