{"id":10165,"date":"2025-02-10T13:48:45","date_gmt":"2025-02-10T11:48:45","guid":{"rendered":"https:\/\/filterdirect.be\/bezahlung\/"},"modified":"2026-01-27T16:00:18","modified_gmt":"2026-01-27T14:00:18","slug":"bezahlung","status":"publish","type":"page","link":"https:\/\/filterdirect.be\/de\/bezahlung\/","title":{"rendered":"Zahlung"},"content":{"rendered":"\n<p>Wir arbeiten mit vertrauensw\u00fcrdigen, professionellen Zahlungsanbietern zusammen, um sichere und effiziente Transaktionen zu gew\u00e4hrleisten. Die Wahrung Ihrer Privatsph\u00e4re und Ihre finanzielle Sicherheit haben f\u00fcr uns oberste Priorit\u00e4t. <\/p>\n\n<p>Verf\u00fcgbare Zahlungsarten:<\/p>\n\n<ul class=\"wp-block-list\">\n<li><strong>Kredit- und Debitkarten<\/strong>: Wir akzeptieren alle wichtigen Kartenmarken. Die Transaktionen werden sicher von Montonio verarbeitet und durch Verschl\u00fcsselung auf Bankenniveau gesch\u00fctzt. Weitere Einzelheiten zu den Sicherheitsma\u00dfnahmen finden Sie auf der Website des Unternehmens.  <\/li>\n<\/ul>\n\n<ul class=\"wp-block-list\">\n<li><strong>Apple Pay &amp; Google Pay<\/strong>: schnelle und sichere mobile Zahlungen, unterst\u00fctzt durch biometrischen Schutz.<\/li>\n<\/ul>\n\n<ul class=\"wp-block-list\">\n<li><strong>PayPal<\/strong>: eine weltweit vertrauensw\u00fcrdige Plattform, die K\u00e4uferschutz bietet &#8211; verwenden Sie Ihre Karte oder Ihr PayPal-Guthaben, um Ihren Kauf abzuschlie\u00dfen.<\/li>\n<\/ul>\n\n<ul class=\"wp-block-list\">\n<li><strong>Bank\u00fcberweisung<\/strong>: F\u00fchren Sie eine direkte Zahlung von Ihrer Bank aus, wir geben Ihnen die \u00dcberweisungsanweisungen an der Kasse.<\/li>\n<\/ul>\n\n<p>Die Zahlungen werden von <strong>Filtr\u0173 pasaulis, UAB<\/strong> (Umsatzsteuernummer: LT100016282613) entgegengenommen. Unsere Unternehmensdaten k\u00f6nnen im litauischen Unternehmensregister \u00fcberpr\u00fcft werden: <a href=\"https:\/\/rekvizitai.vz.lt\/en\/company\/filtru_pasaulis\/\" target=\"_blank\" rel=\"noopener\">https:\/\/rekvizitai.vz.lt\/en\/company\/filtru_pasaulis\/<\/a> <\/p>\n\n<h3 class=\"wp-block-heading\">H\u00e4ufig gestellte Fragen &#8211; Zahlung<\/h3>\n\n<p><strong>1. Ist es sicher zu zahlen?<\/strong><\/p>\n\n<p>Wir arbeiten mit vertrauensw\u00fcrdigen Zahlungsanbietern wie <strong>Stripe, PayPal und Montonio<\/strong> zusammen, die Kredit- und Debitkartenzahlungen mit Verschl\u00fcsselung auf Bankenniveau f\u00fcr sichere und effiziente Transaktionen verarbeiten. Wenn Sie Apple Pay oder Google Pay verwenden, sch\u00fctzt die <strong>biometrische Sicherheit<\/strong> Ihre Zahlungsinformationen, damit Ihre Transaktionen sicher und privat bleiben. <\/p>\n\n<p>Die Wahrung Ihrer Privatsph\u00e4re und Ihre finanzielle Sicherheit haben f\u00fcr uns h\u00f6chste Priorit\u00e4t. Wir speichern niemals Ihre Kartendaten, und Ihre Daten werden unter Einhaltung strenger Datenschutz- und Sicherheitsstandards behandelt. <\/p>\n\n<p><strong>2. Fallen f\u00fcr die Verwendung bestimmter Zahlungsmethoden zus\u00e4tzliche Geb\u00fchren an?<\/strong><\/p>\n\n<p>Nein, wir berechnen keine zus\u00e4tzlichen Geb\u00fchren, unabh\u00e4ngig von der von Ihnen gew\u00e4hlten Zahlungsmethode. Der Preis, den Sie an der Kasse sehen, ist der Endbetrag. <\/p>\n\n<p><strong>3. Kann ich eine Proformarechnung f\u00fcr meine Bestellung erhalten?<\/strong><\/p>\n\n<p>Ja, wir k\u00f6nnen auf Anfrage eine Proforma-Rechnung ausstellen. Bitte kontaktieren Sie uns direkt per E-Mail oder \u00fcber das Kontaktformular. Wir versenden Ihre Bestellung, sobald wir die Zahlung erhalten haben. <\/p>\n\n<p><strong>4. Kann ich eine Mehrwertsteuerrechnung erhalten?<\/strong><\/p>\n\n<p>Ja. Eine Mehrwertsteuerrechnung wird automatisch erstellt, sobald Ihre Bestellung verpackt und dem Kurier \u00fcbergeben wurde. Sie wird an die E-Mail-Adresse geschickt, die Sie beim Bezahlen angegeben haben.  <\/p>\n\n<p><strong>5. Kann ich in Raten zahlen?<\/strong><\/p>\n\n<p>Zur Zeit bieten wir keine Ratenzahlung oder &#8220;Jetzt kaufen, sp\u00e4ter bezahlen&#8221; an. Alle Zahlungen m\u00fcssen in voller H\u00f6he an der Kasse geleistet werden. <\/p>\n\n<p><strong>6. Wie und wann erhalte ich eine R\u00fcckerstattung f\u00fcr meine zur\u00fcckgegebene Bestellung?<\/strong><\/p>\n\n<p>Wenn Sie Anspruch auf eine R\u00fcckerstattung haben, wird der Betrag \u00fcber die urspr\u00fcngliche Zahlungsmethode zur\u00fcckerstattet. Erstattungen werden in der Regel innerhalb von 5 Werktagen bearbeitet, aber der genaue Zeitpunkt kann je nach Bank oder Zahlungsanbieter variieren. <\/p>\n","protected":false},"excerpt":{"rendered":"<p>Wir arbeiten mit vertrauensw\u00fcrdigen, professionellen Zahlungsanbietern zusammen, um sichere und effiziente Transaktionen zu gew\u00e4hrleisten. Die Wahrung Ihrer Privatsph\u00e4re und Ihre finanzielle Sicherheit haben f\u00fcr uns oberste Priorit\u00e4t. Verf\u00fcgbare Zahlungsarten: Die Zahlungen werden von Filtr\u0173 pasaulis, UAB (Umsatzsteuernummer: LT100016282613) entgegengenommen. Unsere Unternehmensdaten k\u00f6nnen im litauischen Unternehmensregister \u00fcberpr\u00fcft werden: https:\/\/rekvizitai.vz.lt\/en\/company\/filtru_pasaulis\/ H\u00e4ufig gestellte Fragen &#8211; Zahlung 1. Ist [&hellip;]<\/p>\n","protected":false},"author":2,"featured_media":0,"parent":0,"menu_order":0,"comment_status":"closed","ping_status":"closed","template":"","meta":{"footnotes":""},"class_list":["post-10165","page","type-page","status-publish","hentry"],"_links":{"self":[{"href":"https:\/\/filterdirect.be\/de\/wp-json\/wp\/v2\/pages\/10165","targetHints":{"allow":["GET"]}}],"collection":[{"href":"https:\/\/filterdirect.be\/de\/wp-json\/wp\/v2\/pages"}],"about":[{"href":"https:\/\/filterdirect.be\/de\/wp-json\/wp\/v2\/types\/page"}],"author":[{"embeddable":true,"href":"https:\/\/filterdirect.be\/de\/wp-json\/wp\/v2\/users\/2"}],"replies":[{"embeddable":true,"href":"https:\/\/filterdirect.be\/de\/wp-json\/wp\/v2\/comments?post=10165"}],"version-history":[{"count":6,"href":"https:\/\/filterdirect.be\/de\/wp-json\/wp\/v2\/pages\/10165\/revisions"}],"predecessor-version":[{"id":11151,"href":"https:\/\/filterdirect.be\/de\/wp-json\/wp\/v2\/pages\/10165\/revisions\/11151"}],"wp:attachment":[{"href":"https:\/\/filterdirect.be\/de\/wp-json\/wp\/v2\/media?parent=10165"}],"curies":[{"name":"wp","href":"https:\/\/api.w.org\/{rel}","templated":true}]}}