{"id":10169,"date":"2025-02-10T13:48:36","date_gmt":"2025-02-10T11:48:36","guid":{"rendered":"https:\/\/filterdirect.be\/versand\/"},"modified":"2026-01-27T13:39:55","modified_gmt":"2026-01-27T11:39:55","slug":"versand","status":"publish","type":"page","link":"https:\/\/filterdirect.be\/de\/versand\/","title":{"rendered":"Versand"},"content":{"rendered":"\n<h3 class=\"wp-block-heading\">Bearbeitungszeit der Bestellung<\/h3>\n\n<p>Alle vorr\u00e4tigen Produkte werden innerhalb von 24-48 Stunden versandt, mit Ausnahme derjenigen, die deutlich mit l\u00e4ngeren Versandzeiten (5-10 Tage) gekennzeichnet sind.<\/p>\n\n<h3 class=\"wp-block-heading\">Versandkosten<\/h3>\n\n<p>Der Versand ist <strong>f\u00fcr alle Bestellungen \u00fcber 100 \u20ac kostenlos<\/strong>. F\u00fcr Bestellungen unter \u20ac100 werden die Versandkosten an der Kasse berechnet. <\/p>\n\n<h3 class=\"wp-block-heading\">Gesch\u00e4tzte Lieferzeiten nach Region<\/h3>\n\n<p><strong>Albanien, Montenegro, Bosnien und Herzegowina, Moldawien, Nordmazedonien<\/strong><br\/><em>Zusteller:<\/em> Poczta Polska Registered<br\/><em>Voraussichtliche Lieferung:<\/em> 5-10 Werktage<\/p>\n\n<p><strong>Island, Norwegen, Serbien, Schweiz, Zypern, Kroatien, Malta<\/strong><br\/> <em>Carrier:<\/em> PostNL Tracked<br\/> <em>Gesch\u00e4tzte Lieferung:<\/em> 5-10 Werktage<\/p>\n\n<p><strong>Vereinigtes K\u00f6nigreich<\/strong><br\/> <em>Royal Mail:<\/em> 4-6 Werktage<br\/> <em>Parcel Force:<\/em> 4-6 Arbeitstage<\/p>\n\n<p><strong>Kanada, Australien, Neuseeland<\/strong><br\/> <em>UPS Expedited:<\/em> 3-6 Werktage<br\/> <em>Poczta Polska Registered:<\/em> 5-15 Werktage<\/p>\n\n<p><strong>Vereinigte Staaten (US)<\/strong><br\/> <em>Zusteller:<\/em> PostNL Tracked<br\/> <em>Gesch\u00e4tzte Lieferung:<\/em> 5-10 Werktage<\/p>\n\n<p><strong>\u00d6sterreich, Slowakei, Tschechische Republik, Ungarn<\/strong><br\/> <em>UPS Kurier:<\/em> 3-4 Werktage<br\/> <em>DPD Kurier:<\/em> 3-4 Werktage<br\/> <em>GLS Kurier:<\/em> 3-4 Werktage<\/p>\n\n<p><strong>Belgien, Bulgarien, D\u00e4nemark, Spanien, Frankreich, Griechenland, Irland, Italien, Luxemburg, Niederlande, Portugal, Rum\u00e4nien, Schweden, Slowenien<\/strong><br\/> <em>UPS Kurier:<\/em> 4-5 Werktage<br\/> <em>DPD Kurier:<\/em> 4-5 Werktage<br\/> <em>GLS Kurier:<\/em> 4-5 Werktage<\/p>\n\n<p><strong>Deutschland<\/strong><br\/> <em>DHL Kurier:<\/em> 2-3 Arbeitstage<br\/> <em>DPD Kurier:<\/em> 2-3 Arbeitstage<br\/> <em>GLS Kurier:<\/em> 2-3 Arbeitstage<\/p>\n\n<p><strong>Estland, Lettland<\/strong><br\/> <em>Omniva Terminals:<\/em> 1-3 Arbeitstage<br\/> <em>DPD Kurier:<\/em> 1-3 Arbeitstage<\/p>\n\n<p><strong>Finnland<\/strong><br\/> <em>Posti Courier:<\/em> 2-4 Arbeitstage<\/p>\n\n<p><strong>Litauen<\/strong><br\/> <em>Omniva Terminals:<\/em> 1-2 Arbeitstage<br\/> <em>DPD Terminals:<\/em> 1-2 Arbeitstage<br\/> <em>DPD Courier:<\/em> 1-2 Arbeitstage<\/p>\n\n<p><strong>Polen<\/strong><br\/> <em>InPost:<\/em> 2-3 Arbeitstage<br\/> <em>DPD Kurier:<\/em> 2-3 Arbeitstage<br\/> <em>GLS Kurier:<\/em> 2-3 Arbeitstage<\/p>\n\n<h3 class=\"wp-block-heading\">Sendungsverfolgung<\/h3>\n\n<p>Sobald Ihre Bestellung unterwegs ist, senden wir Ihnen eine Best\u00e4tigungs-E-Mail mit Angaben zur Sendungsverfolgung, so dass Sie den Status Ihrer Lieferung ganz einfach mitverfolgen.<\/p>\n\n<h3 class=\"wp-block-heading\">Z\u00f6lle und Geb\u00fchren<\/h3>\n\n<p>Bitte beachten Sie, dass etwaige Zollgeb\u00fchren, Steuern oder Einfuhrz\u00f6lle vom Empf\u00e4nger zu tragen sind. Diese k\u00f6nnen je nach den Bestimmungen Ihres Landes variieren.<\/p>\n\n<h3 class=\"wp-block-heading\">Werktage<\/h3>\n\n<p>Die Lieferzeiten werden auf der Grundlage von Werktagen berechnet, d.h. Montag bis Freitag, ausgenommen gesetzliche Feiertage.<\/p>\n\n<p><\/p>\n","protected":false},"excerpt":{"rendered":"<p>Bearbeitungszeit der Bestellung Alle vorr\u00e4tigen Produkte werden innerhalb von 24-48 Stunden versandt, mit Ausnahme derjenigen, die deutlich mit l\u00e4ngeren Versandzeiten (5-10 Tage) gekennzeichnet sind. Versandkosten Der Versand ist f\u00fcr alle Bestellungen \u00fcber 100 \u20ac kostenlos. F\u00fcr Bestellungen unter \u20ac100 werden die Versandkosten an der Kasse berechnet. Gesch\u00e4tzte Lieferzeiten nach Region Albanien, Montenegro, Bosnien und Herzegowina, [&hellip;]<\/p>\n","protected":false},"author":2,"featured_media":0,"parent":0,"menu_order":0,"comment_status":"closed","ping_status":"closed","template":"","meta":{"footnotes":""},"class_list":["post-10169","page","type-page","status-publish","hentry"],"_links":{"self":[{"href":"https:\/\/filterdirect.be\/de\/wp-json\/wp\/v2\/pages\/10169","targetHints":{"allow":["GET"]}}],"collection":[{"href":"https:\/\/filterdirect.be\/de\/wp-json\/wp\/v2\/pages"}],"about":[{"href":"https:\/\/filterdirect.be\/de\/wp-json\/wp\/v2\/types\/page"}],"author":[{"embeddable":true,"href":"https:\/\/filterdirect.be\/de\/wp-json\/wp\/v2\/users\/2"}],"replies":[{"embeddable":true,"href":"https:\/\/filterdirect.be\/de\/wp-json\/wp\/v2\/comments?post=10169"}],"version-history":[{"count":3,"href":"https:\/\/filterdirect.be\/de\/wp-json\/wp\/v2\/pages\/10169\/revisions"}],"predecessor-version":[{"id":11141,"href":"https:\/\/filterdirect.be\/de\/wp-json\/wp\/v2\/pages\/10169\/revisions\/11141"}],"wp:attachment":[{"href":"https:\/\/filterdirect.be\/de\/wp-json\/wp\/v2\/media?parent=10169"}],"curies":[{"name":"wp","href":"https:\/\/api.w.org\/{rel}","templated":true}]}}