{"id":10171,"date":"2025-05-17T08:32:37","date_gmt":"2025-05-17T05:32:37","guid":{"rendered":"https:\/\/filterdirect.be\/ruecksendungen-rueckerstattungen\/"},"modified":"2026-02-16T00:29:13","modified_gmt":"2026-02-15T22:29:13","slug":"ruecksendungen-rueckerstattungen","status":"publish","type":"page","link":"https:\/\/filterdirect.be\/de\/ruecksendungen-rueckerstattungen\/","title":{"rendered":"R\u00fcckgaberecht"},"content":{"rendered":"\n<h3 class=\"wp-block-heading\">Einfache R\u00fcckgabe innerhalb von 30 Tagen<\/h3>\n\n<p>Sie k\u00f6nnen jedes Produkt innerhalb von 30 Tagen nach Erhalt gegen volle R\u00fcckerstattung zur\u00fcckgeben &#8211; ohne Angabe von Gr\u00fcnden! <\/p>\n\n<p>Wenn Sie Artikel nach 30 Tagen zur\u00fcckgeben m\u00f6chten, kontaktieren Sie uns bitte. Wir pr\u00fcfen diese Anfragen individuell und werden unser Bestes tun, um Ihnen zu helfen. <\/p>\n\n<h3 class=\"wp-block-heading\">Zustand der zur\u00fcckgegebenen Produkte<\/h3>\n\n<p>Wir akzeptieren die R\u00fcckgabe unbenutzter Produkte in intaktem Zustand, einschlie\u00dflich unverpackter, aber nicht besch\u00e4digter Produkte. Produkte, die besch\u00e4digt, verschmutzt oder anderweitig unbrauchbar sind, k\u00f6nnen nicht zur\u00fcckgenommen werden. <\/p>\n\n<h3 class=\"wp-block-heading\">Defekte oder falsch gelieferte Artikel<\/h3>\n\n<p>Wenn Sie ein fehlerhaftes oder falsches Produkt erhalten, kontaktieren Sie uns bitte umgehend. Wir werden sicherstellen, dass das Problem schnellstm\u00f6glich gel\u00f6st wird, da Ihre Zufriedenheit f\u00fcr uns an erster Stelle steht. <\/p>\n\n<h3 class=\"wp-block-heading\">Zeitrahmen f\u00fcr die R\u00fcckerstattung<\/h3>\n\n<p>Sobald Ihre R\u00fccksendung bei uns eingetroffen ist, werden wir deren Zustand innerhalb von 5 Werktagen \u00fcberpr\u00fcfen. Nach der Genehmigung erfolgt die R\u00fcckerstattung innerhalb von weiteren 5 Werktagen \u00fcber die urspr\u00fcnglichen Zahlungsmethode. <\/p>\n\n<h3 class=\"wp-block-heading\">R\u00fccksendung der Bestellung<\/h3>\n\n<p>Bitte kontaktieren Sie uns, bevor Sie Produkte an uns zur\u00fcckschicken. Wir werden Ihnen die Details f\u00fcr die R\u00fccksendung mitteilen und Sie w\u00e4hrend des gesamten Prozesses unterst\u00fctzen. <strong>Wir \u00fcbernehmen alle Kosten f\u00fcr den R\u00fcckversand<\/strong>. <\/p>\n\n<h3 class=\"wp-block-heading\">Stornierung der Bestellung<\/h3>\n\n<p>Stornierungen sind m\u00f6glich, bevor Ihre Bestellung versandt wurde. Erstattungen f\u00fcr stornierte Bestellungen werden innerhalb von 5 Werktagen bearbeitet. <\/p>\n\n<p><\/p>\n","protected":false},"excerpt":{"rendered":"<p>Einfache R\u00fcckgabe innerhalb von 30 Tagen Sie k\u00f6nnen jedes Produkt innerhalb von 30 Tagen nach Erhalt gegen volle R\u00fcckerstattung zur\u00fcckgeben &#8211; ohne Angabe von Gr\u00fcnden! Wenn Sie Artikel nach 30 Tagen zur\u00fcckgeben m\u00f6chten, kontaktieren Sie uns bitte. Wir pr\u00fcfen diese Anfragen individuell und werden unser Bestes tun, um Ihnen zu helfen. Zustand der zur\u00fcckgegebenen Produkte [&hellip;]<\/p>\n","protected":false},"author":1,"featured_media":0,"parent":0,"menu_order":0,"comment_status":"closed","ping_status":"closed","template":"","meta":{"footnotes":""},"class_list":["post-10171","page","type-page","status-publish","hentry"],"_links":{"self":[{"href":"https:\/\/filterdirect.be\/de\/wp-json\/wp\/v2\/pages\/10171","targetHints":{"allow":["GET"]}}],"collection":[{"href":"https:\/\/filterdirect.be\/de\/wp-json\/wp\/v2\/pages"}],"about":[{"href":"https:\/\/filterdirect.be\/de\/wp-json\/wp\/v2\/types\/page"}],"author":[{"embeddable":true,"href":"https:\/\/filterdirect.be\/de\/wp-json\/wp\/v2\/users\/1"}],"replies":[{"embeddable":true,"href":"https:\/\/filterdirect.be\/de\/wp-json\/wp\/v2\/comments?post=10171"}],"version-history":[{"count":5,"href":"https:\/\/filterdirect.be\/de\/wp-json\/wp\/v2\/pages\/10171\/revisions"}],"predecessor-version":[{"id":11172,"href":"https:\/\/filterdirect.be\/de\/wp-json\/wp\/v2\/pages\/10171\/revisions\/11172"}],"wp:attachment":[{"href":"https:\/\/filterdirect.be\/de\/wp-json\/wp\/v2\/media?parent=10171"}],"curies":[{"name":"wp","href":"https:\/\/api.w.org\/{rel}","templated":true}]}}