{"id":10275,"date":"2025-04-09T17:07:49","date_gmt":"2025-04-09T14:07:49","guid":{"rendered":"https:\/\/filterdirect.be\/product\/wolf-cwl-300-400-excellent-filtersatz-g3g3-hausmarke\/"},"modified":"2026-02-16T11:17:34","modified_gmt":"2026-02-16T09:17:34","slug":"wolf-cwl-300-400-excellent-filtersatz-g3g3-hausmarke","status":"publish","type":"product","link":"https:\/\/filterdirect.be\/de\/produkt\/wolf-cwl-300-400-excellent-filtersatz-g3g3-hausmarke\/","title":{"rendered":"Wolf CWL-300\/400 Excellent Filtersatz G3+G3 (Hausmarke)"},"content":{"rendered":"<h2><span style=\"font-weight: 400\">Kompatibilit\u00e4t der Modelle  <\/span><\/h2>\n<p><span style=\"font-weight: 400\">Kompatibel mit den folgenden Modellen:<\/span><\/p>\n<ul>\n<li style=\"font-weight: 400\"><span style=\"font-weight: 400\">Wolf CWL-300 Ausgezeichnet<\/span><\/li>\n<li style=\"font-weight: 400\"><span style=\"font-weight: 400\">Wolf CWL-400 Ausgezeichnet<\/span><\/li>\n<\/ul>\n<h2><span style=\"font-weight: 400\">Wovor der Filtersatz sch\u00fctzt  <\/span><\/h2>\n<p><span style=\"font-weight: 400\">Das Filter-Set enth\u00e4lt <\/span><b>2 Filter<\/b><span style=\"font-weight: 400\"> mit unterschiedlichen Effizienzklassen:<\/span><\/p>\n<ul>\n<li style=\"font-weight: 400\"><span style=\"font-weight: 400\">Abluftfilter &#8211; G3 (Grob 50%) &#8211; f\u00fcr KWL-Schutz<\/span><\/li>\n<li style=\"font-weight: 400\"><span style=\"font-weight: 400\">Zuluftfilter &#8211; G3 (Grob 50%) &#8211; zum Schutz der Raumluft<\/span><\/li>\n<\/ul>\n<p><span style=\"font-weight: 400\">Dieses Filterset entspricht der ISO 16890-Norm f\u00fcr die Partikelfiltrationseffizienz. <\/span><span style=\"font-weight: 400\">Die <\/span><b>G3-Filter<\/b><span style=\"font-weight: 400\"> fangen bis zu 50% der groben Partikel in der Luft ab, die gr\u00f6\u00dfer als 10 <\/span><span style=\"font-weight: 400\">Mikron<\/span><span style=\"font-weight: 400\">, <\/span><span style=\"font-weight: 400\">wie z.B. Hausstaub, Textilfussel, Tierhaare, gro\u00dfe Pollenk\u00f6rner und \u00e4hnliche Verunreinigungen.<\/span><span style=\"font-weight: 400\">  Einer von ihnen filtert die Luft, die aus Ihrem Innenraum abgesaugt wird, und sch\u00fctzt das KWL-Ger\u00e4t, indem er sichtbaren Staub und allgemeine Ablagerungen im L\u00fcftungssystem reduziert. Der andere reinigt die Au\u00dfenluft, die in Ihre R\u00e4umlichkeiten geleitet wird, verbessert die Luftqualit\u00e4t in den Innenr\u00e4umen und sch\u00fctzt Ihre Gesundheit. <\/span><\/p>\n<h2><span style=\"font-weight: 400\">Verwendung und Pflege  <\/span><\/h2>\n<p><span style=\"font-weight: 400\">Salda <\/span><span style=\"font-weight: 400\">empfiehlt den Austausch der <\/span><b>Filter alle <\/b><b>3-6<\/b><b> Monaten<\/b><span style=\"font-weight: 400\">, um eine optimale Luftqualit\u00e4t und Systemleistung zu gew\u00e4hrleisten.<\/span><span style=\"font-weight: 400\">Die H\u00e4ufigkeit des Austauschs kann jedoch je nach Faktoren wie z.B.:<\/span><\/p>\n<ul>\n<li style=\"font-weight: 400\"><b>Grad der Luftverschmutzung<\/b><span style=\"font-weight: 400\"> (z. B. st\u00e4dtische gegen\u00fcber l\u00e4ndlichen Gebieten)<\/span><\/li>\n<li style=\"font-weight: 400\"><b>Allergien oder Empfindlichkeiten der Atemwege<\/b><\/li>\n<li style=\"font-weight: 400\"><b>Haustiere oder Rauchen im Haus<\/b><\/li>\n<li style=\"font-weight: 400\"><b>Staub von nahegelegenen Baustellen<\/b><\/li>\n<\/ul>\n<p><span style=\"font-weight: 400\">Wenn Ihr System \u00fcber eine <\/span><b>Filterwechselanzeige<\/b><span style=\"font-weight: 400\">folgen Sie den Warnhinweisen. Andernfalls \u00fcberpr\u00fcfen Sie die Filter visuell &#8211; wenn sie stark verschmutzt oder verstopft erscheinen, ist es Zeit, sie zu ersetzen. <\/span><\/p>\n<h2><span style=\"font-weight: 400\">Fertigungsqualit\u00e4t<\/span><\/h2>\n<p><span style=\"font-weight: 400\">Dieses Filterset ist Teil unserer sorgf\u00e4ltig entwickelten Hausmarke, <\/span><b>hergestellt in der Europ\u00e4ischen Union<\/b><span style=\"font-weight: 400\">  von unseren vertrauensw\u00fcrdigen Partnern, die unsere strengen Qualit\u00e4tsstandards erf\u00fcllen. Wir arbeiten eng mit jedem Produktionspartner zusammen und f\u00fchren unsere eigenen Qualit\u00e4tskontrollen durch, um sicherzustellen, dass jeder Filter zuverl\u00e4ssige Leistung und gleichbleibende Qualit\u00e4t liefert. <\/span><span style=\"font-weight: 400\">Diese Filter bestehen aus einem haltbaren verzinkten Drahtrahmen, der feuchtigkeits- und verformungsbest\u00e4ndig ist und eine langfristige strukturelle Stabilit\u00e4t gew\u00e4hrleistet. Die Filtermedien bestehen aus hochwertigen synthetischen Vliesfasern &#8211; sicher, widerstandsf\u00e4hig und hocheffektiv bei der Abscheidung von groben Partikeln in der Luft. Auch wenn das Aussehen von den Original-Electrolux-Filtern abweicht, sind sie vollst\u00e4ndig mit den angegebenen Modellen kompatibel und bieten eine zuverl\u00e4ssige Filterung.  <\/span><\/p>\n<h2><span style=\"font-weight: 400\">Original Produktcodes  <\/span><\/h2>\n<ul>\n<li>1669013<\/li>\n<\/ul>\n","protected":false},"excerpt":{"rendered":"<p>Kompatibilit\u00e4t der Modelle Kompatibel mit den folgenden Modellen: Wolf CWL-300 Ausgezeichnet Wolf CWL-400 Ausgezeichnet Wovor der Filtersatz sch\u00fctzt Das Filter-Set enth\u00e4lt 2 Filter mit unterschiedlichen Effizienzklassen: Abluftfilter &#8211; G3 (Grob 50%) &#8211; f\u00fcr KWL-Schutz Zuluftfilter &#8211; G3 (Grob 50%) &#8211; zum Schutz der Raumluft Dieses Filterset entspricht der ISO 16890-Norm f\u00fcr die Partikelfiltrationseffizienz. Die G3-Filter [&hellip;]<\/p>\n","protected":false},"featured_media":10276,"comment_status":"open","ping_status":"closed","template":"","meta":{"_how_to_change":"Anweisungen zum Wechseln der Filter finden Sie in der folgenden Anleitung<a href=\"https:\/\/filterdirect.be\/wp-content\/uploads\/2025\/04\/Filter-Replacement-Manual-for-Wolf-CWL.pdf\">:Filteraustauschanleitung f\u00fcr Wolf CWL<\/a>","_delivery_info":"<h3 class=\"wp-block-heading\">Bearbeitungszeit der Bestellung<\/h3>\nAlle Produkte, die auf Lager sind, werden innerhalb von 24-48 Stunden versandt, mit Ausnahme derjenigen, die deutlich mit l\u00e4ngeren Versandzeiten (5-10 Tage) gekennzeichnet sind.\n<h3 class=\"wp-block-heading\">Kosten f\u00fcr den Versand<\/h3>\nDer Versand ist <strong>f\u00fcr alle Bestellungen \u00fcber 100 \u20ac kostenlos<\/strong>. F\u00fcr Bestellungen unter \u20ac100 werden die Versandkosten beim Bezahlen berechnet. \n<h3 class=\"wp-block-heading\">Gesch\u00e4tzte Lieferzeiten nach Region<\/h3>\n<strong>Albanien, Montenegro, Bosnien und Herzegowina, Moldawien, Nordmazedonien<\/strong>\n<em>Spediteur:<\/em> Poczta Polska Registriert\n<em>Gesch\u00e4tzte Lieferung:<\/em> 5-10 Arbeitstage\n\n<strong>Island, Norwegen, Serbien, Schweiz, Zypern, Kroatien, Malta<\/strong>\n<em>Spediteur:<\/em> PostNL Verfolgt\n<em>Gesch\u00e4tzte Lieferung:<\/em> 5-10 Arbeitstage\n\n<strong>Vereinigtes K\u00f6nigreich<\/strong>\n<em>Royal Mail:<\/em> 4-6 Arbeitstage\n<em>Parcel Force:<\/em> 4-6 Arbeitstage\n\n<strong>Kanada, Australien, Neuseeland<\/strong>\n<em>UPS Expedited:<\/em> 3-6 Arbeitstage\n<em>Poczta Polska Registriert:<\/em> 5-15 Arbeitstage\n\n<strong>Vereinigte Staaten (US)<\/strong>\n<em>Spediteur:<\/em> PostNL Verfolgt\n<em>Gesch\u00e4tzte Lieferung:<\/em> 5-10 Arbeitstage\n\n<strong>\u00d6sterreich, Slowakei, Tschechische Republik, Ungarn<\/strong>\n<em>UPS Kurierdienst:<\/em> 3-4 Arbeitstage\n<em>DPD Kurier:<\/em> 3-4 Werktage\n<em>GLS Courier:<\/em> 3-4 Arbeitstage\n\n<strong>Belgien, Bulgarien, D\u00e4nemark, Spanien, Frankreich, Griechenland, Irland, Italien, Luxemburg, Niederlande, Portugal, Rum\u00e4nien, Schweden, Slowenien<\/strong>\n<em>UPS Kurierdienst:<\/em> 4-5 Arbeitstage\n<em>DPD-Kurier:<\/em> 4-5 Arbeitstage\n<em>GLS-Kurier:<\/em> 4-5 Arbeitstage\n\n<strong>Deutschland<\/strong>\n<em>DHL-Kurier:<\/em> 2-3 Arbeitstage\n<em>DPD-Kurier:<\/em> 2-3 Arbeitstage\n<em>GLS-Kurier:<\/em> 2-3 Arbeitstage\n\n<strong>Estland, Lettland<\/strong>\n<em>Omniva Terminals:<\/em> 1-3 Arbeitstage\n<em>DPD Kurier:<\/em> 1-3 Werktage\n\n<strong>Finnland<\/strong>\n<em>Posti Courier:<\/em> 2-4 Arbeitstage\n\n<strong>Litauen<\/strong>\n<em>Omniva Terminals:<\/em> 1-2 Arbeitstage\n<em>DPD-Terminals:<\/em> 1-2 Arbeitstage\n<em>DPD-Kurier:<\/em> 1-2 Arbeitstage\n\n<strong>Polen<\/strong>\n<em>InPost:<\/em> 2-3 Arbeitstage\n<em>DPD-Kurier:<\/em> 2-3 Arbeitstage\n<em>GLS-Kurier:<\/em> 2-3 Arbeitstage\n<h3 class=\"wp-block-heading\">Verfolgung der Bestellung<\/h3>\nSobald Ihre Bestellung unterwegs ist, senden wir Ihnen eine Best\u00e4tigungs-E-Mail mit Angaben zur Sendungsverfolgung, so dass Sie den Weg Ihrer Bestellung bis zu Ihnen verfolgen k\u00f6nnen.\n<h3 class=\"wp-block-heading\">Z\u00f6lle und Abgaben<\/h3>\nBitte beachten Sie, dass etwaige Zollgeb\u00fchren, Steuern oder Einfuhrz\u00f6lle in der Verantwortung des Empf\u00e4ngers liegen und je nach den Bestimmungen Ihres Landes variieren k\u00f6nnen.\n<h3 class=\"wp-block-heading\">Gesch\u00e4ftstage<\/h3>\nDie Lieferzeiten werden auf der Grundlage von Werktagen berechnet, d.h. Montag bis Freitag, au\u00dfer an Feiertagen.\n<h3 class=\"wp-block-heading\">Einfache R\u00fcckgabe innerhalb von 30 Tagen<\/h3>\nSie k\u00f6nnen jedes Produkt innerhalb von 30 Tagen nach Erhalt gegen volle R\u00fcckerstattung des Kaufpreises zur\u00fcckgeben - ohne Fragen zu stellen!\n\nWenn Sie Artikel nach 30 Tagen zur\u00fcckgeben m\u00f6chten, kontaktieren Sie uns bitte. Wir pr\u00fcfen diese Anfragen von Fall zu Fall und werden unser Bestes tun, um Ihnen zu helfen. \n<h3 class=\"wp-block-heading\">Zustand der zur\u00fcckgegebenen Produkte<\/h3>\nWir akzeptieren die R\u00fcckgabe unbenutzter Produkte in intaktem Zustand, einschlie\u00dflich unverpackter, aber nicht besch\u00e4digter Produkte. Produkte, die besch\u00e4digt, verschmutzt oder anderweitig unbrauchbar sind, k\u00f6nnen nicht zur\u00fcckgenommen werden. \n<h3 class=\"wp-block-heading\">Defekte oder falsche Artikel<\/h3>\nWenn Sie ein fehlerhaftes oder falsches Produkt erhalten, kontaktieren Sie uns bitte sofort. Wir werden daf\u00fcr sorgen, dass das Problem umgehend behoben wird, denn Ihre Zufriedenheit hat f\u00fcr uns oberste Priorit\u00e4t. \n<h3 class=\"wp-block-heading\">Zeitplan f\u00fcr die Erstattungsbearbeitung<\/h3>\nSobald Ihr zur\u00fcckgesandtes Produkt bei uns eingetroffen ist, werden wir den Zustand des Produkts innerhalb von 5 Werktagen \u00fcberpr\u00fcfen. R\u00fcckerstattungen werden innerhalb von weiteren 5 Gesch\u00e4ftstagen nach der Genehmigung unter Verwendung der urspr\u00fcnglichen Zahlungsmethode bearbeitet. \n<h3 class=\"wp-block-heading\">R\u00fccksendung der Bestellung<\/h3>\nBitte kontaktieren Sie uns, bevor Sie Produkte zur\u00fccksenden. Wir werden Ihnen die Details f\u00fcr die R\u00fccksendung mitteilen und Sie w\u00e4hrend des gesamten Prozesses unterst\u00fctzen. <strong>Wir \u00fcbernehmen alle Kosten f\u00fcr den R\u00fcckversand<\/strong>. \n<h3 class=\"wp-block-heading\">Stornierung der Bestellung<\/h3>\nStornierungen sind m\u00f6glich, bevor Ihre Bestellung versandt wurde. Erstattungen f\u00fcr stornierte Bestellungen werden innerhalb von 5 Werktagen bearbeitet. ","_original_product_code":"1669013","_shipped_within":"24-48 Stunden","_product_quantity":2,"_enable_bulk_discount":"yes","_bulk_discount_rules":[{"min_quantity":2,"discount_percentage":5},{"min_quantity":3,"discount_percentage":10},{"min_quantity":4,"discount_percentage":15}]},"product_brand":[],"product_cat":[3173,3174,3336],"product_tag":[],"class_list":{"0":"post-10275","1":"product","2":"type-product","3":"status-publish","4":"has-post-thumbnail","6":"product_cat-wolf","7":"product_cat-wolf-cwl","8":"product_cat-wolf-cwl-300-400","10":"first","11":"instock","12":"taxable","13":"shipping-taxable","14":"purchasable","15":"product-type-simple"},"_links":{"self":[{"href":"https:\/\/filterdirect.be\/de\/wp-json\/wp\/v2\/product\/10275","targetHints":{"allow":["GET"]}}],"collection":[{"href":"https:\/\/filterdirect.be\/de\/wp-json\/wp\/v2\/product"}],"about":[{"href":"https:\/\/filterdirect.be\/de\/wp-json\/wp\/v2\/types\/product"}],"replies":[{"embeddable":true,"href":"https:\/\/filterdirect.be\/de\/wp-json\/wp\/v2\/comments?post=10275"}],"wp:featuredmedia":[{"embeddable":true,"href":"https:\/\/filterdirect.be\/de\/wp-json\/wp\/v2\/media\/10276"}],"wp:attachment":[{"href":"https:\/\/filterdirect.be\/de\/wp-json\/wp\/v2\/media?parent=10275"}],"wp:term":[{"taxonomy":"product_brand","embeddable":true,"href":"https:\/\/filterdirect.be\/de\/wp-json\/wp\/v2\/product_brand?post=10275"},{"taxonomy":"product_cat","embeddable":true,"href":"https:\/\/filterdirect.be\/de\/wp-json\/wp\/v2\/product_cat?post=10275"},{"taxonomy":"product_tag","embeddable":true,"href":"https:\/\/filterdirect.be\/de\/wp-json\/wp\/v2\/product_tag?post=10275"}],"curies":[{"name":"wp","href":"https:\/\/api.w.org\/{rel}","templated":true}]}}