{"id":11284,"date":"2025-02-10T13:46:57","date_gmt":"2025-02-10T11:46:57","guid":{"rendered":"https:\/\/filterdirect.be\/a-propos-de-nous\/"},"modified":"2026-03-15T16:43:18","modified_gmt":"2026-03-15T14:43:18","slug":"a-propos-de-nous","status":"publish","type":"page","link":"https:\/\/filterdirect.be\/fr\/a-propos-de-nous\/","title":{"rendered":"A propos de nous"},"content":{"rendered":"\n<h3 class=\"wp-block-heading\">Qui sommes-nous ?<\/h3>\n\n<p>Nous avons une approche responsable de la pollution de l&rsquo;air et de l&rsquo;air que nous respirons. C&rsquo;est pourquoi nous avons cr\u00e9\u00e9 une boutique en ligne sp\u00e9cialis\u00e9e dans les filtres pour unit\u00e9s MVHR. Notre objectif est de fournir des filtres MVHR de la plus haute qualit\u00e9 \u00e0 un prix abordable. Trouver, acheter et recevoir des filtres devrait \u00eatre simple et pratique. En travaillant avec des fabricants et des distributeurs de filtres de confiance dans toute l&rsquo;Europe, nous proposons \u00e0 la fois des filtres d&rsquo;origine et des filtres MVHR de notre marque maison, tous fabriqu\u00e9s \u00e0 partir de mat\u00e9riaux de haute qualit\u00e9 et en conformit\u00e9 avec les normes ISO 16890 strictes, afin de garantir des performances de filtration et une fiabilit\u00e9 exceptionnelles.    <\/p>\n\n<p>Notre objectif est de maintenir l&rsquo;air de votre maison propre et sain, tout en garantissant que votre unit\u00e9 MVHR fonctionne avec une efficacit\u00e9 maximale. Chaque filtre est con\u00e7u pour prot\u00e9ger votre syst\u00e8me de ventilation, prolonger sa dur\u00e9e de vie et am\u00e9liorer la qualit\u00e9 de l&rsquo;air int\u00e9rieur.   <\/p>\n\n<p>Comment notre boutique en ligne y contribuera-t-elle ?<\/p>\n\n<h3 class=\"wp-block-heading\">Programme de fid\u00e9lit\u00e9 : La meilleure valeur pour nos clients fid\u00e8les<\/h3>\n\n<p>Nous pensons que votre fid\u00e9lit\u00e9 m\u00e9rite d&rsquo;\u00eatre r\u00e9compens\u00e9e. C&rsquo;est pourquoi nous avons con\u00e7u un <strong>programme de fid\u00e9lisation<\/strong> pour vous offrir le meilleur rapport prix, service et qualit\u00e9 \u00e0 chaque fois que vous faites des achats chez nous. En savoir plus sur le programme de fid\u00e9lit\u00e9 :  <\/p>\n\n<ul class=\"wp-block-list\">\n<li>\u00c0 chaque achat, vous gagnez des points qui peuvent \u00eatre \u00e9chang\u00e9s contre des r\u00e9ductions sur vos prochaines commandes ;<\/li>\n\n\n\n<li>Pour vous aider \u00e0 maintenir le bon fonctionnement de votre syst\u00e8me de ventilation, nous vous enverrons \u00e9galement un rappel amical tous les 90 jours lorsqu&rsquo;il est temps de remplacer vos filtres ;<\/li>\n\n\n\n<li>B\u00e9n\u00e9ficiez r\u00e9guli\u00e8rement de promotions et de remises r\u00e9serv\u00e9es aux membres, afin de toujours obtenir vos filtres MVHR au meilleur prix ;<\/li>\n\n\n\n<li>Profitez de <strong>r\u00e9ductions allant jusqu&rsquo;\u00e0 15 %<\/strong> lorsque vous achetez plusieurs exemplaires d&rsquo;un m\u00eame filtre ;<\/li>\n<\/ul>\n\n<p>Pour plus d&rsquo;informations sur l&rsquo;acquisition, l&rsquo;\u00e9change et la gestion des points de fid\u00e9lit\u00e9, veuillez consulter notre <strong>page<\/strong> d\u00e9di\u00e9e au <strong>programme de fid\u00e9lit\u00e9<\/strong>.<\/p>\n\n<h3 class=\"wp-block-heading\">Notre garantie de qualit\u00e9 et de fiabilit\u00e9<\/h3>\n\n<p>B\u00e9n\u00e9ficiez de la livraison gratuite pour toute commande sup\u00e9rieure \u00e0 100 \u20ac ! La plupart des commandes sont <strong>exp\u00e9di\u00e9es dans les 24 \u00e0 48 heures<\/strong>, ce qui vous permet d&rsquo;obtenir rapidement ce dont vous avez besoin.   <\/p>\n\n<p>Si vous n&rsquo;\u00eates pas enti\u00e8rement satisfait, vous pouvez renvoyer n&rsquo;importe quel produit dans les <strong>30 jours pour un remboursement complet<\/strong> &#8211; sans poser de questions ! De plus, nous prenons en charge tous les frais de retour. <\/p>\n\n<p>Nous proposons une large s\u00e9lection de filtres de remplacement de haute performance compatibles avec <strong>toutes les grandes marques de ventilateurs<\/strong>.<\/p>\n\n<p>Nous sommes plus qu&rsquo;un simple magasin en ligne de filtres MVHR &#8211; nous sommes des d\u00e9fenseurs passionn\u00e9s de l&rsquo;air pur et des syst\u00e8mes de ventilation. Notre \u00e9quipe comp\u00e9tente est toujours disponible pour vous aider \u00e0 r\u00e9pondre \u00e0 toutes les questions relatives \u00e0 la ventilation et vous guider dans le choix du filtre id\u00e9al pour votre unit\u00e9 MVHR. Les r\u00e9ponses aux questions les plus courantes sont disponibles dans notre <strong>section FAQ<\/strong>.  <\/p>\n\n<p>Si vous avez d&rsquo;autres questions, n&rsquo;h\u00e9sitez pas \u00e0 nous contacter via le chat ci-dessous ou en utilisant le <strong>formulaire de contact.<\/strong> Nous sommes toujours heureux de vous aider ! <\/p>\n","protected":false},"excerpt":{"rendered":"<p>Qui sommes-nous ? Nous avons une approche responsable de la pollution de l&rsquo;air et de l&rsquo;air que nous respirons. C&rsquo;est pourquoi nous avons cr\u00e9\u00e9 une boutique en ligne sp\u00e9cialis\u00e9e dans les filtres pour unit\u00e9s MVHR. Notre objectif est de fournir des filtres MVHR de la plus haute qualit\u00e9 \u00e0 un prix abordable. Trouver, acheter et [&hellip;]<\/p>\n","protected":false},"author":2,"featured_media":0,"parent":0,"menu_order":0,"comment_status":"closed","ping_status":"closed","template":"","meta":{"footnotes":""},"class_list":["post-11284","page","type-page","status-publish","hentry"],"_links":{"self":[{"href":"https:\/\/filterdirect.be\/fr\/wp-json\/wp\/v2\/pages\/11284","targetHints":{"allow":["GET"]}}],"collection":[{"href":"https:\/\/filterdirect.be\/fr\/wp-json\/wp\/v2\/pages"}],"about":[{"href":"https:\/\/filterdirect.be\/fr\/wp-json\/wp\/v2\/types\/page"}],"author":[{"embeddable":true,"href":"https:\/\/filterdirect.be\/fr\/wp-json\/wp\/v2\/users\/2"}],"replies":[{"embeddable":true,"href":"https:\/\/filterdirect.be\/fr\/wp-json\/wp\/v2\/comments?post=11284"}],"version-history":[{"count":1,"href":"https:\/\/filterdirect.be\/fr\/wp-json\/wp\/v2\/pages\/11284\/revisions"}],"predecessor-version":[{"id":11285,"href":"https:\/\/filterdirect.be\/fr\/wp-json\/wp\/v2\/pages\/11284\/revisions\/11285"}],"wp:attachment":[{"href":"https:\/\/filterdirect.be\/fr\/wp-json\/wp\/v2\/media?parent=11284"}],"curies":[{"name":"wp","href":"https:\/\/api.w.org\/{rel}","templated":true}]}}