{"id":11286,"date":"2025-08-06T05:33:52","date_gmt":"2025-08-06T02:33:52","guid":{"rendered":"https:\/\/filterdirect.be\/clients-daffaires\/"},"modified":"2026-03-15T16:44:17","modified_gmt":"2026-03-15T14:44:17","slug":"clients-daffaires","status":"publish","type":"page","link":"https:\/\/filterdirect.be\/fr\/clients-daffaires\/","title":{"rendered":"Clients d&rsquo;affaires"},"content":{"rendered":"\n<h3 class=\"wp-block-heading\">Clients de l&rsquo;UE et TVA<\/h3>\n\n<p>Pour nos clients de l&rsquo;Union europ\u00e9enne disposant d&rsquo;un num\u00e9ro de TVA valide, les prix \u00e0 la caisse seront automatiquement affich\u00e9s hors TVA (0 %). Veuillez vous assurer que votre num\u00e9ro de TVA est valide pour b\u00e9n\u00e9ficier de cette exon\u00e9ration fiscale. <\/p>\n\n<h3 class=\"wp-block-heading\">Commandes group\u00e9es et remises<\/h3>\n\n<p>Si vous souhaitez acheter plus de 4 jeux de filtres, veuillez nous contacter. Nous serons heureux de discuter de remises suppl\u00e9mentaires pour des commandes plus importantes afin de r\u00e9pondre aux besoins de votre entreprise. <\/p>\n\n<h3 class=\"wp-block-heading\">Large gamme de produits et options personnalis\u00e9es<\/h3>\n\n<p>Gr\u00e2ce \u00e0 notre vaste r\u00e9seau de fabricants et de fournisseurs, nous pouvons fournir des filtres \u00e0 air dans pratiquement toutes les tailles, qualit\u00e9s et classes de filtres. Si vous avez besoin d&rsquo;une grande quantit\u00e9 ou d&rsquo;un type de filtre sp\u00e9cifique qui n&rsquo;est pas r\u00e9pertori\u00e9 sur notre site web, nous pouvons l&rsquo;organiser pour vous en fonction de vos besoins sp\u00e9cifiques. <\/p>\n\n<h3 class=\"wp-block-heading\">TVA et factures pro forma<\/h3>\n\n<p>Les <strong>factures de TVA<\/strong> sont envoy\u00e9es automatiquement par courrier \u00e9lectronique apr\u00e8s chaque achat. Veuillez v\u00e9rifier votre bo\u00eete de r\u00e9ception (et votre dossier spam) avant de nous contacter afin que la communication reste claire et efficace. Pour votre commodit\u00e9, une <strong>facture proforma<\/strong> peut \u00eatre \u00e9tablie sur demande. Veuillez nous contacter avec les d\u00e9tails n\u00e9cessaires, et nous enverrons votre commande une fois le paiement re\u00e7u.   <\/p>\n","protected":false},"excerpt":{"rendered":"<p>Clients de l&rsquo;UE et TVA Pour nos clients de l&rsquo;Union europ\u00e9enne disposant d&rsquo;un num\u00e9ro de TVA valide, les prix \u00e0 la caisse seront automatiquement affich\u00e9s hors TVA (0 %). Veuillez vous assurer que votre num\u00e9ro de TVA est valide pour b\u00e9n\u00e9ficier de cette exon\u00e9ration fiscale. Commandes group\u00e9es et remises Si vous souhaitez acheter plus de [&hellip;]<\/p>\n","protected":false},"author":9,"featured_media":0,"parent":0,"menu_order":0,"comment_status":"closed","ping_status":"closed","template":"","meta":{"footnotes":""},"class_list":["post-11286","page","type-page","status-publish","hentry"],"_links":{"self":[{"href":"https:\/\/filterdirect.be\/fr\/wp-json\/wp\/v2\/pages\/11286","targetHints":{"allow":["GET"]}}],"collection":[{"href":"https:\/\/filterdirect.be\/fr\/wp-json\/wp\/v2\/pages"}],"about":[{"href":"https:\/\/filterdirect.be\/fr\/wp-json\/wp\/v2\/types\/page"}],"author":[{"embeddable":true,"href":"https:\/\/filterdirect.be\/fr\/wp-json\/wp\/v2\/users\/9"}],"replies":[{"embeddable":true,"href":"https:\/\/filterdirect.be\/fr\/wp-json\/wp\/v2\/comments?post=11286"}],"version-history":[{"count":1,"href":"https:\/\/filterdirect.be\/fr\/wp-json\/wp\/v2\/pages\/11286\/revisions"}],"predecessor-version":[{"id":11288,"href":"https:\/\/filterdirect.be\/fr\/wp-json\/wp\/v2\/pages\/11286\/revisions\/11288"}],"wp:attachment":[{"href":"https:\/\/filterdirect.be\/fr\/wp-json\/wp\/v2\/media?parent=11286"}],"curies":[{"name":"wp","href":"https:\/\/api.w.org\/{rel}","templated":true}]}}