{"id":11318,"date":"2025-08-06T05:34:28","date_gmt":"2025-08-06T02:34:28","guid":{"rendered":"https:\/\/filterdirect.be\/reseau-de-groupes-de-filtrage\/"},"modified":"2026-03-15T16:45:31","modified_gmt":"2026-03-15T14:45:31","slug":"reseau-de-groupes-de-filtrage","status":"publish","type":"page","link":"https:\/\/filterdirect.be\/fr\/reseau-de-groupes-de-filtrage\/","title":{"rendered":"R\u00e9seau de groupes de filtrage"},"content":{"rendered":"\n<p>Chez <strong>Filter Loop<\/strong>, nous nous soucions de l&rsquo;air que vous respirez, o\u00f9 que vous soyez. Gr\u00e2ce \u00e0 notre r\u00e9seau de magasins locaux dans toute l&rsquo;Europe, nous proposons des filtres MVHR originaux et alternatifs \u00e0 des prix abordables. <\/p>\n\n<p><strong>Chaque magasin est adapt\u00e9 \u00e0 son pays<\/strong>, offrant une assistance dans la langue locale, une exp\u00e9dition r\u00e9gionale et des options de paiement auxquelles vous pouvez faire confiance. En travaillant avec des fabricants fiables et en comprenant les besoins de chaque march\u00e9, nous garantissons une<strong> exp\u00e9rience <\/strong>fluide,<strong> ax\u00e9e sur le client, <\/strong>qui fait de nous votre partenaire privil\u00e9gi\u00e9 en mati\u00e8re de filtres dans tous les pays que nous desservons. <\/p>\n\n<div class=\"wp-block-columns is-layout-flex wp-container-core-columns-is-layout-9d6595d7 wp-block-columns-is-layout-flex\">\n<div class=\"wp-block-column is-layout-flow wp-block-column-is-layout-flow\">\n<div class=\"wp-block-group is-nowrap is-layout-flex wp-container-core-group-is-layout-ad2f72ca wp-block-group-is-layout-flex\">\n<div class=\"wp-block-group is-nowrap is-layout-flex wp-container-core-group-is-layout-ad2f72ca wp-block-group-is-layout-flex\">\n<figure class=\"wp-block-image size-full is-resized\"><img decoding=\"async\" width=\"512\" height=\"512\" src=\"https:\/\/filterdirect.be\/wp-content\/uploads\/2025\/08\/lithuania-1.png\" alt=\"\" class=\"wp-image-4826\" style=\"width:65px\" srcset=\"https:\/\/filterdirect.be\/wp-content\/uploads\/2025\/08\/lithuania-1.png 512w, https:\/\/filterdirect.be\/wp-content\/uploads\/2025\/08\/lithuania-1-300x300.png 300w, https:\/\/filterdirect.be\/wp-content\/uploads\/2025\/08\/lithuania-1-150x150.png 150w, https:\/\/filterdirect.be\/wp-content\/uploads\/2025\/08\/lithuania-1-100x100.png 100w\" sizes=\"(max-width: 512px) 100vw, 512px\" \/><\/figure>\n<\/div>\n\n\n\n<h4 class=\"wp-block-heading\"><a href=\"https:\/\/filtrupasaulis.lt\" target=\"_blank\" rel=\"noopener\">Filtrupasaulis.lt<\/a><\/h4>\n<\/div>\n\n\n\n<p>Langues : Lituanien, russe, anglais<\/p>\n<\/div>\n\n\n\n<div class=\"wp-block-column is-layout-flow wp-block-column-is-layout-flow\">\n<div class=\"wp-block-group is-nowrap is-layout-flex wp-container-core-group-is-layout-ad2f72ca wp-block-group-is-layout-flex\">\n<div class=\"wp-block-group is-nowrap is-layout-flex wp-container-core-group-is-layout-ad2f72ca wp-block-group-is-layout-flex\">\n<figure class=\"wp-block-image size-full is-resized\"><img decoding=\"async\" width=\"512\" height=\"512\" src=\"https:\/\/filterdirect.be\/wp-content\/uploads\/2025\/08\/latvia-1.png\" alt=\"\" class=\"wp-image-4828\" style=\"width:65px\" srcset=\"https:\/\/filterdirect.be\/wp-content\/uploads\/2025\/08\/latvia-1.png 512w, https:\/\/filterdirect.be\/wp-content\/uploads\/2025\/08\/latvia-1-300x300.png 300w, https:\/\/filterdirect.be\/wp-content\/uploads\/2025\/08\/latvia-1-150x150.png 150w, https:\/\/filterdirect.be\/wp-content\/uploads\/2025\/08\/latvia-1-100x100.png 100w\" sizes=\"(max-width: 512px) 100vw, 512px\" \/><\/figure>\n<\/div>\n\n\n\n<h4 class=\"wp-block-heading\"><a href=\"https:\/\/filtrupasaule.lv\/\" target=\"_blank\" rel=\"noopener\">Filtrupasaule.lv<\/a><\/h4>\n<\/div>\n\n\n\n<p>Langues : Letton, russe, anglais<\/p>\n<\/div>\n\n\n\n<div class=\"wp-block-column is-layout-flow wp-block-column-is-layout-flow\">\n<div class=\"wp-block-group is-nowrap is-layout-flex wp-container-core-group-is-layout-ad2f72ca wp-block-group-is-layout-flex\">\n<div class=\"wp-block-group is-nowrap is-layout-flex wp-container-core-group-is-layout-ad2f72ca wp-block-group-is-layout-flex\">\n<figure class=\"wp-block-image size-full is-resized\"><img decoding=\"async\" width=\"512\" height=\"512\" src=\"https:\/\/filterdirect.be\/wp-content\/uploads\/2025\/08\/estonia.png\" alt=\"\" class=\"wp-image-4830\" style=\"width:65px\" srcset=\"https:\/\/filterdirect.be\/wp-content\/uploads\/2025\/08\/estonia.png 512w, https:\/\/filterdirect.be\/wp-content\/uploads\/2025\/08\/estonia-300x300.png 300w, https:\/\/filterdirect.be\/wp-content\/uploads\/2025\/08\/estonia-150x150.png 150w, https:\/\/filterdirect.be\/wp-content\/uploads\/2025\/08\/estonia-100x100.png 100w\" sizes=\"(max-width: 512px) 100vw, 512px\" \/><\/figure>\n<\/div>\n\n\n\n<h4 class=\"wp-block-heading\"><a href=\"https:\/\/filtriturg.ee\/\" target=\"_blank\" rel=\"noopener\">Filtriturg.ee<\/a><\/h4>\n<\/div>\n\n\n\n<p>Langues : Estonien, russe, anglais<\/p>\n<\/div>\n\n\n\n<div class=\"wp-block-column is-layout-flow wp-block-column-is-layout-flow\">\n<div class=\"wp-block-group is-nowrap is-layout-flex wp-container-core-group-is-layout-ad2f72ca wp-block-group-is-layout-flex\">\n<div class=\"wp-block-group is-nowrap is-layout-flex wp-container-core-group-is-layout-ad2f72ca wp-block-group-is-layout-flex\">\n<figure class=\"wp-block-image size-full is-resized\"><img decoding=\"async\" width=\"512\" height=\"512\" src=\"https:\/\/filterdirect.be\/wp-content\/uploads\/2025\/08\/finland.png\" alt=\"\" class=\"wp-image-4915\" style=\"width:65px\" srcset=\"https:\/\/filterdirect.be\/wp-content\/uploads\/2025\/08\/finland.png 512w, https:\/\/filterdirect.be\/wp-content\/uploads\/2025\/08\/finland-300x300.png 300w, https:\/\/filterdirect.be\/wp-content\/uploads\/2025\/08\/finland-150x150.png 150w, https:\/\/filterdirect.be\/wp-content\/uploads\/2025\/08\/finland-100x100.png 100w\" sizes=\"(max-width: 512px) 100vw, 512px\" \/><\/figure>\n<\/div>\n\n\n\n<h4 class=\"wp-block-heading\"><a href=\"https:\/\/filtri.fi\" target=\"_blank\" rel=\"noopener\">Filtri.fi<\/a><\/h4>\n<\/div>\n\n\n\n<p>Langues : Finnois, su\u00e9dois, anglais<\/p>\n<\/div>\n<\/div>\n\n<div class=\"wp-block-columns is-layout-flex wp-container-core-columns-is-layout-9d6595d7 wp-block-columns-is-layout-flex\">\n<div class=\"wp-block-column has-white-background-color has-background is-layout-flow wp-block-column-is-layout-flow\">\n<div class=\"wp-block-group is-nowrap is-layout-flex wp-container-core-group-is-layout-ad2f72ca wp-block-group-is-layout-flex\">\n<div class=\"wp-block-group is-vertical is-layout-flex wp-container-core-group-is-layout-8cf370e7 wp-block-group-is-layout-flex\">\n<figure class=\"wp-block-image size-full is-resized\"><img decoding=\"async\" width=\"512\" height=\"512\" src=\"https:\/\/filterdirect.be\/wp-content\/uploads\/2025\/08\/sweden.png\" alt=\"\" class=\"wp-image-4921\" style=\"width:65px\" srcset=\"https:\/\/filterdirect.be\/wp-content\/uploads\/2025\/08\/sweden.png 512w, https:\/\/filterdirect.be\/wp-content\/uploads\/2025\/08\/sweden-300x300.png 300w, https:\/\/filterdirect.be\/wp-content\/uploads\/2025\/08\/sweden-150x150.png 150w, https:\/\/filterdirect.be\/wp-content\/uploads\/2025\/08\/sweden-100x100.png 100w\" sizes=\"(max-width: 512px) 100vw, 512px\" \/><\/figure>\n<\/div>\n\n\n\n<h4 class=\"wp-block-heading\"><a href=\"https:\/\/filtri.se\" target=\"_blank\" rel=\"noopener\">Filtri.se<\/a><\/h4>\n<\/div>\n\n\n\n<p>Langues : Su\u00e9dois, finnois, anglais<\/p>\n<\/div>\n\n\n\n<div class=\"wp-block-column is-layout-flow wp-block-column-is-layout-flow\">\n<div class=\"wp-block-group is-nowrap is-layout-flex wp-container-core-group-is-layout-ad2f72ca wp-block-group-is-layout-flex\">\n<div class=\"wp-block-group is-nowrap is-layout-flex wp-container-core-group-is-layout-ad2f72ca wp-block-group-is-layout-flex\">\n<figure class=\"wp-block-image size-full is-resized\"><img decoding=\"async\" width=\"512\" height=\"512\" src=\"https:\/\/filterdirect.be\/wp-content\/uploads\/2025\/08\/germany.png\" alt=\"\" class=\"wp-image-4923\" style=\"width:65px\" srcset=\"https:\/\/filterdirect.be\/wp-content\/uploads\/2025\/08\/germany.png 512w, https:\/\/filterdirect.be\/wp-content\/uploads\/2025\/08\/germany-300x300.png 300w, https:\/\/filterdirect.be\/wp-content\/uploads\/2025\/08\/germany-150x150.png 150w, https:\/\/filterdirect.be\/wp-content\/uploads\/2025\/08\/germany-100x100.png 100w\" sizes=\"(max-width: 512px) 100vw, 512px\" \/><\/figure>\n<\/div>\n\n\n\n<h4 class=\"wp-block-heading\"><a href=\"https:\/\/filterdirect.be\">Filterimperium.de<\/a><\/h4>\n<\/div>\n\n\n\n<p>Langues : Allemand, anglais<\/p>\n<\/div>\n\n\n\n<div class=\"wp-block-column is-layout-flow wp-block-column-is-layout-flow\">\n<div class=\"wp-block-group is-nowrap is-layout-flex wp-container-core-group-is-layout-ad2f72ca wp-block-group-is-layout-flex\">\n<div class=\"wp-block-group is-nowrap is-layout-flex wp-container-core-group-is-layout-ad2f72ca wp-block-group-is-layout-flex\">\n<figure class=\"wp-block-image size-full is-resized\"><img decoding=\"async\" width=\"512\" height=\"512\" src=\"https:\/\/filterdirect.be\/wp-content\/uploads\/2025\/08\/austria-1.png\" alt=\"\" class=\"wp-image-4927\" style=\"width:65px\" srcset=\"https:\/\/filterdirect.be\/wp-content\/uploads\/2025\/08\/austria-1.png 512w, https:\/\/filterdirect.be\/wp-content\/uploads\/2025\/08\/austria-1-300x300.png 300w, https:\/\/filterdirect.be\/wp-content\/uploads\/2025\/08\/austria-1-150x150.png 150w, https:\/\/filterdirect.be\/wp-content\/uploads\/2025\/08\/austria-1-100x100.png 100w\" sizes=\"(max-width: 512px) 100vw, 512px\" \/><\/figure>\n<\/div>\n\n\n\n<h4 class=\"wp-block-heading\"><a href=\"https:\/\/filtermarkt.at\" target=\"_blank\" rel=\"noopener\">Filtermarkt.at<\/a><\/h4>\n<\/div>\n\n\n\n<p>Langues : Allemand, anglais<\/p>\n<\/div>\n\n\n\n<div class=\"wp-block-column is-layout-flow wp-block-column-is-layout-flow\">\n<div class=\"wp-block-group is-nowrap is-layout-flex wp-container-core-group-is-layout-ad2f72ca wp-block-group-is-layout-flex\">\n<div class=\"wp-block-group is-nowrap is-layout-flex wp-container-core-group-is-layout-ad2f72ca wp-block-group-is-layout-flex\">\n<figure class=\"wp-block-image size-full is-resized\"><img decoding=\"async\" width=\"512\" height=\"512\" src=\"https:\/\/filterdirect.be\/wp-content\/uploads\/2025\/08\/united-kingdom.png\" alt=\"\" class=\"wp-image-4929\" style=\"width:65px\" srcset=\"https:\/\/filterdirect.be\/wp-content\/uploads\/2025\/08\/united-kingdom.png 512w, https:\/\/filterdirect.be\/wp-content\/uploads\/2025\/08\/united-kingdom-300x300.png 300w, https:\/\/filterdirect.be\/wp-content\/uploads\/2025\/08\/united-kingdom-150x150.png 150w, https:\/\/filterdirect.be\/wp-content\/uploads\/2025\/08\/united-kingdom-100x100.png 100w\" sizes=\"(max-width: 512px) 100vw, 512px\" \/><\/figure>\n<\/div>\n\n\n\n<h4 class=\"wp-block-heading\"><a href=\"https:\/\/filterexpress.co.uk\" target=\"_blank\" rel=\"noopener\">Filterexpress.co.uk<\/a><\/h4>\n<\/div>\n\n\n\n<p>Langues : Anglais<\/p>\n<\/div>\n<\/div>\n\n<div class=\"wp-block-columns is-layout-flex wp-container-core-columns-is-layout-9d6595d7 wp-block-columns-is-layout-flex\">\n<div class=\"wp-block-column has-white-background-color has-background is-layout-flow wp-block-column-is-layout-flow\">\n<div class=\"wp-block-group is-nowrap is-layout-flex wp-container-core-group-is-layout-ad2f72ca wp-block-group-is-layout-flex\">\n<div class=\"wp-block-group is-vertical is-layout-flex wp-container-core-group-is-layout-8cf370e7 wp-block-group-is-layout-flex\">\n<figure class=\"wp-block-image size-full is-resized\"><img decoding=\"async\" width=\"512\" height=\"512\" src=\"https:\/\/filterdirect.be\/wp-content\/uploads\/2025\/08\/belgium-1.png\" alt=\"\" class=\"wp-image-4935\" style=\"width:65px\" srcset=\"https:\/\/filterdirect.be\/wp-content\/uploads\/2025\/08\/belgium-1.png 512w, https:\/\/filterdirect.be\/wp-content\/uploads\/2025\/08\/belgium-1-300x300.png 300w, https:\/\/filterdirect.be\/wp-content\/uploads\/2025\/08\/belgium-1-150x150.png 150w, https:\/\/filterdirect.be\/wp-content\/uploads\/2025\/08\/belgium-1-100x100.png 100w\" sizes=\"(max-width: 512px) 100vw, 512px\" \/><\/figure>\n<\/div>\n\n\n\n<h4 class=\"wp-block-heading\"><a href=\"https:\/\/filtri.se\" target=\"_blank\" rel=\"noopener\"><\/a><a href=\"http:\/\/filterdirect.be\/\" target=\"_blank\" rel=\"noreferrer noopener\">Filterdirect.be<\/a><\/h4>\n<\/div>\n\n\n\n<p>Langues : Allemand, fran\u00e7ais, n\u00e9erlandais, anglais<\/p>\n<\/div>\n\n\n\n<div class=\"wp-block-column is-layout-flow wp-block-column-is-layout-flow\">\n<div class=\"wp-block-group is-nowrap is-layout-flex wp-container-core-group-is-layout-ad2f72ca wp-block-group-is-layout-flex\">\n<div class=\"wp-block-group is-nowrap is-layout-flex wp-container-core-group-is-layout-ad2f72ca wp-block-group-is-layout-flex\"><\/div>\n\n\n\n<h3 class=\"wp-block-heading\"><\/h3>\n<\/div>\n\n\n\n<p><\/p>\n<\/div>\n\n\n\n<div class=\"wp-block-column is-layout-flow wp-block-column-is-layout-flow\">\n<div class=\"wp-block-group is-nowrap is-layout-flex wp-container-core-group-is-layout-ad2f72ca wp-block-group-is-layout-flex\">\n<div class=\"wp-block-group is-nowrap is-layout-flex wp-container-core-group-is-layout-ad2f72ca wp-block-group-is-layout-flex\"><\/div>\n\n\n\n<h3 class=\"wp-block-heading\"><\/h3>\n<\/div>\n\n\n\n<p><\/p>\n<\/div>\n\n\n\n<div class=\"wp-block-column is-layout-flow wp-block-column-is-layout-flow\">\n<div class=\"wp-block-group is-nowrap is-layout-flex wp-container-core-group-is-layout-ad2f72ca wp-block-group-is-layout-flex\">\n<div class=\"wp-block-group is-nowrap is-layout-flex wp-container-core-group-is-layout-ad2f72ca wp-block-group-is-layout-flex\"><\/div>\n\n\n\n<h3 class=\"wp-block-heading\"><\/h3>\n<\/div>\n\n\n\n<p><\/p>\n<\/div>\n<\/div>\n\n<p><\/p>\n","protected":false},"excerpt":{"rendered":"<p>Chez Filter Loop, nous nous soucions de l&rsquo;air que vous respirez, o\u00f9 que vous soyez. Gr\u00e2ce \u00e0 notre r\u00e9seau de magasins locaux dans toute l&rsquo;Europe, nous proposons des filtres MVHR originaux et alternatifs \u00e0 des prix abordables. Chaque magasin est adapt\u00e9 \u00e0 son pays, offrant une assistance dans la langue locale, une exp\u00e9dition r\u00e9gionale et [&hellip;]<\/p>\n","protected":false},"author":9,"featured_media":0,"parent":0,"menu_order":0,"comment_status":"closed","ping_status":"closed","template":"","meta":{"footnotes":""},"class_list":["post-11318","page","type-page","status-publish","hentry"],"_links":{"self":[{"href":"https:\/\/filterdirect.be\/fr\/wp-json\/wp\/v2\/pages\/11318","targetHints":{"allow":["GET"]}}],"collection":[{"href":"https:\/\/filterdirect.be\/fr\/wp-json\/wp\/v2\/pages"}],"about":[{"href":"https:\/\/filterdirect.be\/fr\/wp-json\/wp\/v2\/types\/page"}],"author":[{"embeddable":true,"href":"https:\/\/filterdirect.be\/fr\/wp-json\/wp\/v2\/users\/9"}],"replies":[{"embeddable":true,"href":"https:\/\/filterdirect.be\/fr\/wp-json\/wp\/v2\/comments?post=11318"}],"version-history":[{"count":1,"href":"https:\/\/filterdirect.be\/fr\/wp-json\/wp\/v2\/pages\/11318\/revisions"}],"predecessor-version":[{"id":11322,"href":"https:\/\/filterdirect.be\/fr\/wp-json\/wp\/v2\/pages\/11318\/revisions\/11322"}],"wp:attachment":[{"href":"https:\/\/filterdirect.be\/fr\/wp-json\/wp\/v2\/media?parent=11318"}],"curies":[{"name":"wp","href":"https:\/\/api.w.org\/{rel}","templated":true}]}}