{"id":11344,"date":"2025-02-10T13:48:36","date_gmt":"2025-02-10T11:48:36","guid":{"rendered":"https:\/\/filterdirect.be\/expedition\/"},"modified":"2026-03-15T16:48:31","modified_gmt":"2026-03-15T14:48:31","slug":"expedition","status":"publish","type":"page","link":"https:\/\/filterdirect.be\/fr\/expedition\/","title":{"rendered":"Exp\u00e9dition"},"content":{"rendered":"\n<h3 class=\"wp-block-heading\">D\u00e9lai de traitement des commandes<\/h3>\n\n<p>Tous les produits en stock sont exp\u00e9di\u00e9s dans les 24-48 heures, \u00e0 l&rsquo;exception de ceux qui sont clairement indiqu\u00e9s comme ayant un d\u00e9lai d&rsquo;exp\u00e9dition plus long (5-10 jours).<\/p>\n\n<h3 class=\"wp-block-heading\">Frais d&rsquo;exp\u00e9dition<\/h3>\n\n<p>Les frais de port sont <strong>gratuits pour toute commande sup\u00e9rieure \u00e0 100 euros<\/strong>. Pour les commandes inf\u00e9rieures \u00e0 100 euros, les frais de port seront calcul\u00e9s au moment du paiement. <\/p>\n\n<h3 class=\"wp-block-heading\">D\u00e9lais de livraison estim\u00e9s par r\u00e9gion<\/h3>\n\n<p><strong>Albanie, Mont\u00e9n\u00e9gro, Bosnie-Herz\u00e9govine, Moldavie, Mac\u00e9doine du Nord<\/strong><br\/> <em>Transporteur :<\/em> Poczta Polska Registered<br\/> <em>Livraison estim\u00e9e :<\/em> 5-10 jours ouvrables<\/p>\n\n<p><strong>Islande, Norv\u00e8ge, Serbie, Suisse, Chypre, Croatie, Malte<\/strong><br\/> <em>Transporteur :<\/em> PostNL Tracked<br\/> <em>Livraison estim\u00e9e :<\/em> 5-10 jours ouvrables<\/p>\n\n<p><strong>Royaume-Uni<\/strong><br\/> <em>Royal Mail :<\/em> 4-6 jours ouvrables<br\/> <em>Parcel Force :<\/em> 4-6 jours ouvrables<\/p>\n\n<p><strong>Canada, Australie, Nouvelle-Z\u00e9lande<\/strong><br\/> <em>UPS Expedited :<\/em> 3-6 jours ouvrables<br\/> <em>Poczta Polska Registered :<\/em> 5-15 jours ouvrables<\/p>\n\n<p><strong>\u00c9tats-Unis (US)<\/strong><br\/> <em>Transporteur :<\/em> PostNL Tracked<br\/> <em>Livraison estim\u00e9e :<\/em> 5-10 jours ouvrables<\/p>\n\n<p><strong>Autriche, Slovaquie, R\u00e9publique tch\u00e8que, Hongrie<\/strong><br\/> <em>UPS Courier :<\/em> 3-4 jours ouvrables<br\/> <em>DPD Courier :<\/em> 3-4 jours ouvrables<br\/> <em>GLS Courier :<\/em> 3-4 jours ouvrables<\/p>\n\n<p><strong>Belgique, Bulgarie, Danemark, Espagne, France, Gr\u00e8ce, Irlande, Italie, Luxembourg, Pays-Bas, Portugal, Roumanie, Su\u00e8de, Slov\u00e9nie<\/strong><br\/> <em>UPS Courier :<\/em> 4-5 jours ouvrables<br\/> <em>DPD Courier :<\/em> 4-5 jours ouvrables<br\/> <em>GLS Courier :<\/em> 4-5 jours ouvrables<\/p>\n\n<p><strong>Allemagne<\/strong><br\/> <em>DHL Courier :<\/em> 2-3 jours ouvrables<br\/> <em>DPD Courier :<\/em> 2-3 jours ouvrables<br\/> <em>GLS Courier :<\/em> 2-3 jours ouvrables<\/p>\n\n<p><strong>Estonie, Lettonie<\/strong><br\/> <em>Terminaux Omniva :<\/em> 1-3 jours ouvrables<br\/> <em>DPD Courier :<\/em> 1-3 jours ouvrables<\/p>\n\n<p><strong>Finlande<\/strong><br\/> <em>Posti Courier :<\/em> 2-4 jours ouvrables<\/p>\n\n<p><strong>Lituanie<\/strong><br\/> <em>Terminaux Omniva :<\/em> 1-2 jours ouvrables<br\/> <em>DPD Terminals :<\/em> 1-2 jours ouvrables<br\/> <em>DPD Courier :<\/em> 1-2 jours ouvrables<\/p>\n\n<p><strong>Pologne<\/strong><br\/> <em>InPost :<\/em> 2-3 jours ouvrables<br\/> <em>DPD Courier :<\/em> 2-3 jours ouvrables<br\/> <em>GLS Courier :<\/em> 2-3 jours ouvrables<\/p>\n\n<h3 class=\"wp-block-heading\">Suivi des commandes<\/h3>\n\n<p>Une fois que votre commande est en route, nous vous envoyons un e-mail de confirmation avec les d\u00e9tails de suivi afin que vous puissiez facilement suivre son cheminement jusqu&rsquo;\u00e0 vous.<\/p>\n\n<h3 class=\"wp-block-heading\">Douanes et droits<\/h3>\n\n<p>Veuillez noter que les frais de douane, les taxes ou les droits d&rsquo;importation sont \u00e0 la charge du destinataire et peuvent varier en fonction de la r\u00e9glementation de votre pays.<\/p>\n\n<h3 class=\"wp-block-heading\">Jours ouvrables<\/h3>\n\n<p>Les d\u00e9lais de livraison sont calcul\u00e9s sur la base des jours ouvrables, c&rsquo;est-\u00e0-dire du lundi au vendredi, \u00e0 l&rsquo;exclusion des jours f\u00e9ri\u00e9s.<\/p>\n\n<p><\/p>\n","protected":false},"excerpt":{"rendered":"<p>D\u00e9lai de traitement des commandes Tous les produits en stock sont exp\u00e9di\u00e9s dans les 24-48 heures, \u00e0 l&rsquo;exception de ceux qui sont clairement indiqu\u00e9s comme ayant un d\u00e9lai d&rsquo;exp\u00e9dition plus long (5-10 jours). Frais d&rsquo;exp\u00e9dition Les frais de port sont gratuits pour toute commande sup\u00e9rieure \u00e0 100 euros. Pour les commandes inf\u00e9rieures \u00e0 100 euros, [&hellip;]<\/p>\n","protected":false},"author":2,"featured_media":0,"parent":0,"menu_order":0,"comment_status":"closed","ping_status":"closed","template":"","meta":{"footnotes":""},"class_list":["post-11344","page","type-page","status-publish","hentry"],"_links":{"self":[{"href":"https:\/\/filterdirect.be\/fr\/wp-json\/wp\/v2\/pages\/11344","targetHints":{"allow":["GET"]}}],"collection":[{"href":"https:\/\/filterdirect.be\/fr\/wp-json\/wp\/v2\/pages"}],"about":[{"href":"https:\/\/filterdirect.be\/fr\/wp-json\/wp\/v2\/types\/page"}],"author":[{"embeddable":true,"href":"https:\/\/filterdirect.be\/fr\/wp-json\/wp\/v2\/users\/2"}],"replies":[{"embeddable":true,"href":"https:\/\/filterdirect.be\/fr\/wp-json\/wp\/v2\/comments?post=11344"}],"version-history":[{"count":1,"href":"https:\/\/filterdirect.be\/fr\/wp-json\/wp\/v2\/pages\/11344\/revisions"}],"predecessor-version":[{"id":11345,"href":"https:\/\/filterdirect.be\/fr\/wp-json\/wp\/v2\/pages\/11344\/revisions\/11345"}],"wp:attachment":[{"href":"https:\/\/filterdirect.be\/fr\/wp-json\/wp\/v2\/media?parent=11344"}],"curies":[{"name":"wp","href":"https:\/\/api.w.org\/{rel}","templated":true}]}}