{"id":11360,"date":"2025-02-10T13:48:45","date_gmt":"2025-02-10T11:48:45","guid":{"rendered":"https:\/\/filterdirect.be\/paiement\/"},"modified":"2026-03-15T16:50:55","modified_gmt":"2026-03-15T14:50:55","slug":"paiement","status":"publish","type":"page","link":"https:\/\/filterdirect.be\/fr\/paiement\/","title":{"rendered":"Paiement"},"content":{"rendered":"\n<p>Nous nous associons \u00e0 des prestataires de paiement professionnels et de confiance pour garantir la s\u00e9curit\u00e9 et l&rsquo;efficacit\u00e9 des transactions. Le respect de votre vie priv\u00e9e et de votre s\u00e9curit\u00e9 financi\u00e8re est notre priorit\u00e9 absolue. <\/p>\n\n<p>Modes de paiement disponibles :<\/p>\n\n<ul class=\"wp-block-list\">\n<li><strong>Cartes de cr\u00e9dit et de d\u00e9bit<\/strong>: nous acceptons toutes les grandes marques de cartes. Les transactions sont trait\u00e9es en toute s\u00e9curit\u00e9 par Montonio et prot\u00e9g\u00e9es par un cryptage de niveau bancaire. Vous trouverez plus de d\u00e9tails sur leurs mesures de s\u00e9curit\u00e9 sur leur site web.  <\/li>\n<\/ul>\n\n<ul class=\"wp-block-list\">\n<li><strong>Apple Pay et Google Pay<\/strong>: paiements mobiles rapides et s\u00fbrs, avec protection biom\u00e9trique.<\/li>\n<\/ul>\n\n<ul class=\"wp-block-list\">\n<li><strong>PayPal<\/strong>: une plateforme de confiance mondiale offrant une protection \u00e0 l&rsquo;acheteur &#8211; utilisez votre carte ou votre solde PayPal pour effectuer votre achat.<\/li>\n<\/ul>\n\n<ul class=\"wp-block-list\">\n<li><strong>Virement bancaire<\/strong>: effectuer un paiement direct \u00e0 partir de votre banque. Nous vous fournirons les instructions de virement lors de la commande.<\/li>\n<\/ul>\n\n<p>Les paiements sont re\u00e7us par <strong>Filtr\u0173 pasaulis, UAB<\/strong> (num\u00e9ro de TVA : LT100016282613). Les coordonn\u00e9es de notre soci\u00e9t\u00e9 peuvent \u00eatre v\u00e9rifi\u00e9es sur le registre national des entreprises de Lituanie <a href=\"https:\/\/rekvizitai.vz.lt\/en\/company\/filtru_pasaulis\/\" target=\"_blank\" rel=\"noopener\">: https:\/\/rekvizitai.vz.lt\/en\/company\/filtru_pasaulis\/<\/a><\/p>\n\n<h3 class=\"wp-block-heading\">FAQ sur le paiement<\/h3>\n\n<p><strong>1. Le paiement est-il s\u00fbr ?<\/strong><\/p>\n\n<p>Nous nous associons \u00e0 des fournisseurs de paiement de confiance tels que <strong>Stripe, PayPal et Montonio<\/strong>, qui traitent les paiements par carte de cr\u00e9dit et de d\u00e9bit \u00e0 l&rsquo;aide d&rsquo;un cryptage de niveau bancaire pour des transactions s\u00e9curis\u00e9es et efficaces. Lorsque vous utilisez Apple Pay ou Google Pay, la <strong>s\u00e9curit\u00e9 biom\u00e9trique<\/strong> prot\u00e8ge vos informations de paiement pour que vos transactions restent s\u00fbres et priv\u00e9es. <\/p>\n\n<p>Le respect de votre vie priv\u00e9e et de votre s\u00e9curit\u00e9 financi\u00e8re est notre priorit\u00e9 absolue. Nous ne conservons jamais les d\u00e9tails de votre carte et vos donn\u00e9es sont trait\u00e9es conform\u00e9ment \u00e0 des normes strictes en mati\u00e8re de confidentialit\u00e9 et de s\u00e9curit\u00e9. <\/p>\n\n<p><strong>2. Des frais suppl\u00e9mentaires me seront-ils factur\u00e9s pour l&rsquo;utilisation de certains modes de paiement ?<\/strong><\/p>\n\n<p>Non, nous ne facturons pas de frais suppl\u00e9mentaires, quel que soit le mode de paiement choisi. Le prix que vous voyez \u00e0 la caisse est le montant final. <\/p>\n\n<p><strong>3. Puis-je obtenir une facture proforma pour ma commande ?<\/strong><\/p>\n\n<p>Oui, nous pouvons vous fournir une facture proforma sur demande. Veuillez nous contacter directement par e-mail ou via le formulaire de contact, et nous exp\u00e9dierons votre commande une fois le paiement re\u00e7u. <\/p>\n\n<p><strong>4. Puis-je recevoir une facture de TVA ?<\/strong><\/p>\n\n<p>Oui. Une facture de TVA est automatiquement g\u00e9n\u00e9r\u00e9e une fois que votre commande est emball\u00e9e et remise au transporteur. Elle sera envoy\u00e9e \u00e0 l&rsquo;adresse \u00e9lectronique fournie lors de la commande.  <\/p>\n\n<p><strong>5. Puis-je payer en plusieurs fois ?<\/strong><\/p>\n\n<p>Pour l&rsquo;instant, nous ne proposons pas d&rsquo;options de paiement \u00e0 temp\u00e9rament ou de type \u00ab\u00a0achetez maintenant, payez plus tard\u00a0\u00bb. Tous les paiements doivent \u00eatre effectu\u00e9s en totalit\u00e9 au moment de la commande. <\/p>\n\n<p><strong>6. Comment et quand recevrai-je le remboursement de ma commande retourn\u00e9e ?<\/strong><\/p>\n\n<p>Si vous avez droit \u00e0 un remboursement, le montant vous sera renvoy\u00e9 par le biais de la m\u00e9thode de paiement initiale. Les remboursements sont g\u00e9n\u00e9ralement trait\u00e9s dans les 5 jours ouvrables, mais le d\u00e9lai exact peut varier en fonction de votre banque ou de votre fournisseur de paiement. <\/p>\n","protected":false},"excerpt":{"rendered":"<p>Nous nous associons \u00e0 des prestataires de paiement professionnels et de confiance pour garantir la s\u00e9curit\u00e9 et l&rsquo;efficacit\u00e9 des transactions. Le respect de votre vie priv\u00e9e et de votre s\u00e9curit\u00e9 financi\u00e8re est notre priorit\u00e9 absolue. Modes de paiement disponibles : Les paiements sont re\u00e7us par Filtr\u0173 pasaulis, UAB (num\u00e9ro de TVA : LT100016282613). Les coordonn\u00e9es [&hellip;]<\/p>\n","protected":false},"author":2,"featured_media":0,"parent":0,"menu_order":0,"comment_status":"closed","ping_status":"closed","template":"","meta":{"footnotes":""},"class_list":["post-11360","page","type-page","status-publish","hentry"],"_links":{"self":[{"href":"https:\/\/filterdirect.be\/fr\/wp-json\/wp\/v2\/pages\/11360","targetHints":{"allow":["GET"]}}],"collection":[{"href":"https:\/\/filterdirect.be\/fr\/wp-json\/wp\/v2\/pages"}],"about":[{"href":"https:\/\/filterdirect.be\/fr\/wp-json\/wp\/v2\/types\/page"}],"author":[{"embeddable":true,"href":"https:\/\/filterdirect.be\/fr\/wp-json\/wp\/v2\/users\/2"}],"replies":[{"embeddable":true,"href":"https:\/\/filterdirect.be\/fr\/wp-json\/wp\/v2\/comments?post=11360"}],"version-history":[{"count":1,"href":"https:\/\/filterdirect.be\/fr\/wp-json\/wp\/v2\/pages\/11360\/revisions"}],"predecessor-version":[{"id":11361,"href":"https:\/\/filterdirect.be\/fr\/wp-json\/wp\/v2\/pages\/11360\/revisions\/11361"}],"wp:attachment":[{"href":"https:\/\/filterdirect.be\/fr\/wp-json\/wp\/v2\/media?parent=11360"}],"curies":[{"name":"wp","href":"https:\/\/api.w.org\/{rel}","templated":true}]}}