{"id":11929,"date":"2025-04-09T17:06:19","date_gmt":"2025-04-09T14:06:19","guid":{"rendered":"https:\/\/filterdirect.be\/product\/salda-tornado-ris-700v-d-set-de-filtres-m5m5-original\/"},"modified":"2025-04-09T17:06:19","modified_gmt":"2025-04-09T14:06:19","slug":"salda-tornado-ris-700v-d-set-de-filtres-m5m5-original","status":"publish","type":"product","link":"https:\/\/filterdirect.be\/fr\/produit\/salda-tornado-ris-700v-d-set-de-filtres-m5m5-original\/","title":{"rendered":"Salda Tornado RIS 700V D set de filtres M5+M5 (original)"},"content":{"rendered":"<h2><span style=\"font-weight: 400\">Compatibilit\u00e9 des mod\u00e8les  <\/span><\/h2>\n<p><span style=\"font-weight: 400\">Compatible avec les mod\u00e8les suivants :<\/span><\/p>\n<ul>\n<li style=\"font-weight: 400\"><span style=\"font-weight: 400\">Salda Tornado RIS 700V D<\/span><\/li>\n<\/ul>\n<h2><span style=\"font-weight: 400\">Contre quoi le jeu de filtres prot\u00e8ge-t-il ?  <\/span><\/h2>\n<p><span style=\"font-weight: 400\">Le jeu de filtres comprend <\/span><b>2 filtres<\/b><span style=\"font-weight: 400\">:<\/span><\/p>\n<ul>\n<li style=\"font-weight: 400\"><span style=\"font-weight: 400\">Filtre d&rsquo;extraction &#8211; M5 (ePM10 <\/span><span style=\"font-weight: 400\">65%<\/span><span style=\"font-weight: 400\">) &#8211; pour la protection MVHR<\/span><\/li>\n<li style=\"font-weight: 400\"><span style=\"font-weight: 400\">Filtre d&rsquo;alimentation &#8211; M5 (ePM10) <\/span><span style=\"font-weight: 400\">65%<\/span><span style=\"font-weight: 400\">) &#8211; pour la protection de l&rsquo;air int\u00e9rieur<\/span><\/li>\n<\/ul>\n<p><span style=\"font-weight: 400\">Ce jeu de filtres est conforme \u00e0 la norme ISO 16890 relative \u00e0 l&rsquo;efficacit\u00e9 de filtration des particules.<\/span><b> <\/b><span style=\"font-weight: 400\">Les filtres <\/span><b>filtres M5 <\/b><span style=\"font-weight: 400\">capturent environ <\/span><span style=\"font-weight: 400\">65%<\/span><span style=\"font-weight: 400\">  L&rsquo;un d&rsquo;eux filtre l&rsquo;air extrait de votre espace int\u00e9rieur et prot\u00e8ge l&rsquo;unit\u00e9 MVHR en r\u00e9duisant la poussi\u00e8re visible et l&rsquo;accumulation g\u00e9n\u00e9rale dans le syst\u00e8me de ventilation. L&rsquo;un d&rsquo;eux filtre l&rsquo;air extrait de votre espace int\u00e9rieur et prot\u00e8ge l&rsquo;unit\u00e9 MVHR en r\u00e9duisant la poussi\u00e8re visible et l&rsquo;accumulation g\u00e9n\u00e9rale dans le syst\u00e8me de ventilation. Pendant ce temps, l&rsquo;autre purifie l&rsquo;air ext\u00e9rieur qui p\u00e9n\u00e8tre dans vos locaux, am\u00e9liorant ainsi la qualit\u00e9 de l&rsquo;air int\u00e9rieur et prot\u00e9geant votre sant\u00e9.  <\/span><\/p>\n<h2><span style=\"font-weight: 400\">Utilisation et entretien  <\/span><\/h2>\n<p><span style=\"font-weight: 400\">Salda <\/span><span style=\"font-weight: 400\">recommande de remplacer les <\/span><b>tous les <\/b><b>3-6<\/b><b> mois<\/b><span style=\"font-weight: 400\">afin de garantir une qualit\u00e9 d&rsquo;air et des performances optimales du syst\u00e8me.<\/span><span style=\"font-weight: 400\">Toutefois, la fr\u00e9quence de remplacement peut varier en fonction de facteurs tels que :<\/span><\/p>\n<ul>\n<li style=\"font-weight: 400\"><b>Niveaux de pollution de l&rsquo;air<\/b><span style=\"font-weight: 400\"> (par exemple, zones urbaines ou rurales)<\/span><\/li>\n<li style=\"font-weight: 400\"><b>Allergies ou sensibilit\u00e9s respiratoires<\/b><\/li>\n<li style=\"font-weight: 400\"><b>Animaux domestiques ou fumeurs \u00e0 l&rsquo;int\u00e9rieur<\/b><\/li>\n<li style=\"font-weight: 400\"><b>Poussi\u00e8re provenant des chantiers de construction situ\u00e9s \u00e0 proximit\u00e9<\/b><\/li>\n<\/ul>\n<p><span style=\"font-weight: 400\">Si votre syst\u00e8me comprend un <\/span><b>indicateur de changement de filtre<\/b><span style=\"font-weight: 400\">suivez ses conseils. Sinon, v\u00e9rifiez visuellement les filtres &#8211; s&rsquo;ils semblent tr\u00e8s sales ou obstru\u00e9s, il est temps de les remplacer. <\/span><\/p>\n<h2><span style=\"font-weight: 400\">Qualit\u00e9 de la fabrication<\/span><\/h2>\n<p><span style=\"font-weight: 400\">Ce jeu de filtres est <\/span><b>fabriqu\u00e9 par Salda<\/b><span style=\"font-weight: 400\">un producteur bien \u00e9tabli <\/span><b>bas\u00e9 en Lituanie<\/b><span style=\"font-weight: 400\">. Avec des d\u00e9cennies d&rsquo;exp\u00e9rience dans les syst\u00e8mes de traitement de l&rsquo;air, Salda est connu pour ses solutions de ventilation de haute qualit\u00e9 et \u00e0 haut rendement \u00e9nerg\u00e9tique. Elle con\u00e7oit et fabrique les unit\u00e9s de ventilation et les filtres d&rsquo;origine enti\u00e8rement en interne, ce qui garantit une compatibilit\u00e9 totale et des performances constantes.  L&rsquo;usine respecte des normes de production europ\u00e9ennes strictes et chaque filtre d&rsquo;origine est soumis \u00e0 des tests internes approfondis concernant l&rsquo;efficacit\u00e9 du flux d&rsquo;air, la r\u00e9tention de la poussi\u00e8re et la durabilit\u00e9.<\/span><span style=\"font-weight: 400\">Ces filtres sont class\u00e9s comme des filtres \u00e0 poches, \u00e9galement connus sous le nom de filtres \u00e0 poches, en raison de leur construction \u00e0 poches souples cousues, fabriqu\u00e9es \u00e0 partir de fibres synth\u00e9tiques de haute qualit\u00e9. Chaque filtre est dot\u00e9 d&rsquo;une poche profonde et flexible qui augmente consid\u00e9rablement la surface de filtration, ce qui accro\u00eet la capacit\u00e9 de r\u00e9tention de la poussi\u00e8re tout en maintenant une faible perte de charge. <\/span><span style=\"font-weight: 400\">En utilisant  <\/span><b>Filtres Salda originaux<\/b><span style=\"font-weight: 400\">Gr\u00e2ce \u00e0 l&rsquo;utilisation d&rsquo;un syst\u00e8me de ventilation, vous garantissez que votre syst\u00e8me de ventilation fonctionne conform\u00e9ment aux sp\u00e9cifications du fabricant, en maintenant une qualit\u00e9 d&rsquo;air int\u00e9rieur et une efficacit\u00e9 \u00e9nerg\u00e9tique optimales.<\/span><\/p>\n<h2><span style=\"font-weight: 400\">Codes produits originaux  <\/span><\/h2>\n<ul>\n<li>ACC004877<\/li>\n<\/ul>\n","protected":false},"excerpt":{"rendered":"<p>Compatibilit\u00e9 des mod\u00e8les Compatible avec les mod\u00e8les suivants : Salda Tornado RIS 700V D Contre quoi le jeu de filtres prot\u00e8ge-t-il ? Le jeu de filtres comprend 2 filtres: Filtre d&rsquo;extraction &#8211; M5 (ePM10 65%) &#8211; pour la protection MVHR Filtre d&rsquo;alimentation &#8211; M5 (ePM10) 65%) &#8211; pour la protection de l&rsquo;air int\u00e9rieur Ce jeu [&hellip;]<\/p>\n","protected":false},"featured_media":11931,"comment_status":"open","ping_status":"closed","template":"","meta":{"_how_to_change":"<b>Instructions pour le remplacement du filtre pour les unit\u00e9s Salda :<\/b><ol> \t<li style=\"font-weight: 400\"><b>\u00c9teignez l'appareil \u00e0 l'aide du panneau de commande<\/b><span style=\"font-weight: 400\">: Assurez-vous que l'appareil est \u00e9teint et d\u00e9connect\u00e9 de l'alimentation \u00e9lectrique afin d'\u00e9viter tout accident.<\/span><\/li> \t<li style=\"font-weight: 400\"><b>Acc\u00e8s au compartiment du filtre<\/b><span style=\"font-weight: 400\">: Localisez le compartiment du filtre, g\u00e9n\u00e9ralement accessible par le panneau avant ou le couvercle d'acc\u00e8s au filtre.<\/span><\/li> \t<li style=\"font-weight: 400\"><b>Retirez les anciens filtres<\/b><span style=\"font-weight: 400\">: Retirez soigneusement les filtres existants. Notez les fl\u00e8ches de direction du flux d'air des filtres pour installer correctement les nouveaux. <\/span><\/li> \t<li style=\"font-weight: 400\"><b>Nettoyer l'int\u00e9rieur de l'appareil<\/b><span style=\"font-weight: 400\">  avec un aspirateur ou un chiffon doux. V\u00e9rifiez et nettoyez \u00e9galement les composants environnants (\u00e9changeur de chaleur, pales du ventilateur, etc.). <\/span><\/li> \t<li style=\"font-weight: 400\"><b>Ins\u00e9rez de nouveaux filtres avec pr\u00e9caution<\/b><span style=\"font-weight: 400\">: Faites correspondre les fl\u00e8ches de d\u00e9bit d'air avec le sens de l'appareil (en g\u00e9n\u00e9ral, les fl\u00e8ches doivent \u00eatre orient\u00e9es vers l'int\u00e9rieur, vers le centre).<\/span><\/li> \t<li style=\"font-weight: 400\"><b>Remonter l'unit\u00e9<\/b><span style=\"font-weight: 400\">: Remettez en place les panneaux ou les couvercles qui ont \u00e9t\u00e9 retir\u00e9s au cours de l'op\u00e9ration.<\/span><\/li> \t<li style=\"font-weight: 400\"><b>Mettez l'appareil sous tension<\/b>: Reconnectez l'appareil \u00e0 l'alimentation \u00e9lectrique et mettez-le sous tension.<\/li><\/ol>","_delivery_info":"<h3 class=\"wp-block-heading\">D\u00e9lai de traitement des commandes<\/h3>\nTous les produits en stock sont exp\u00e9di\u00e9s dans les 24-48 heures, \u00e0 l'exception de ceux qui sont clairement indiqu\u00e9s comme ayant un d\u00e9lai d'exp\u00e9dition plus long (5-10 jours).\n<h3 class=\"wp-block-heading\">Frais d'exp\u00e9dition<\/h3>\nLes frais de port sont <strong>gratuits pour toute commande sup\u00e9rieure \u00e0 100 euros<\/strong>. Pour les commandes inf\u00e9rieures \u00e0 100 euros, les frais de port seront calcul\u00e9s au moment du paiement. \n<h3 class=\"wp-block-heading\">D\u00e9lais de livraison estim\u00e9s par r\u00e9gion<\/h3>\n<strong>Albanie, Mont\u00e9n\u00e9gro, Bosnie-Herz\u00e9govine, Moldavie, Mac\u00e9doine du Nord<\/strong>\n<em>Transporteur :<\/em> Poczta Polska Registered\n<em>Livraison estim\u00e9e :<\/em> 5-10 jours ouvrables\n\n<strong>Islande, Norv\u00e8ge, Serbie, Suisse, Chypre, Croatie, Malte<\/strong>\n<em>Transporteur :<\/em> PostNL Tracked\n<em>Livraison estim\u00e9e :<\/em> 5-10 jours ouvrables\n\n<strong>Royaume-Uni<\/strong>\n<em>Royal Mail :<\/em> 4-6 jours ouvrables\n<em>Parcel Force :<\/em> 4-6 jours ouvrables\n\n<strong>Canada, Australie, Nouvelle-Z\u00e9lande<\/strong>\n<em>UPS Expedited :<\/em> 3-6 jours ouvrables\n<em>Poczta Polska Registered :<\/em> 5-15 jours ouvrables\n\n<strong>\u00c9tats-Unis (US)<\/strong>\n<em>Transporteur :<\/em> PostNL Tracked\n<em>Livraison estim\u00e9e :<\/em> 5-10 jours ouvrables\n\n<strong>Autriche, Slovaquie, R\u00e9publique tch\u00e8que, Hongrie<\/strong>\n<em>Courrier UPS :<\/em> 3-4 jours ouvrables\n<em>Courrier DPD :<\/em> 3-4 jours ouvrables\n<em>GLS Courier :<\/em> 3-4 jours ouvrables\n\n<strong>Belgique, Bulgarie, Danemark, Espagne, France, Gr\u00e8ce, Irlande, Italie, Luxembourg, Pays-Bas, Portugal, Roumanie, Su\u00e8de, Slov\u00e9nie<\/strong>\n<em>UPS Courier :<\/em> 4-5 jours ouvrables\n<em>Courrier DPD :<\/em> 4-5 jours ouvrables\n<em>GLS Courier :<\/em> 4-5 jours ouvrables\n\n<strong>Allemagne<\/strong>\n<em>Courrier DHL :<\/em> 2-3 jours ouvrables\n<em>Courrier DPD :<\/em> 2-3 jours ouvrables\n<em>GLS Courier :<\/em> 2-3 jours ouvrables\n\n<strong>Estonie, Lettonie<\/strong>\n<em>Terminaux Omniva :<\/em> 1-3 jours ouvrables\n<em>Courrier DPD :<\/em> 1-3 jours ouvrables\n\n<strong>Finlande<\/strong>\n<em>Courrier postal :<\/em> 2-4 jours ouvrables\n\n<strong>Lituanie<\/strong>\n<em>Terminaux Omniva :<\/em> 1-2 jours ouvrables\n<em>Terminaux DPD :<\/em> 1-2 jours ouvrables\n<em>Courrier DPD :<\/em> 1-2 jours ouvrables\n\n<strong>Pologne<\/strong>\n<em>EnPost :<\/em> 2-3 jours ouvrables\n<em>Courrier DPD :<\/em> 2-3 jours ouvrables\n<em>GLS Courier :<\/em> 2-3 jours ouvrables\n<h3 class=\"wp-block-heading\">Suivi des commandes<\/h3>\nUne fois que votre commande est en route, nous vous envoyons un e-mail de confirmation avec les d\u00e9tails de suivi afin que vous puissiez facilement suivre son cheminement jusqu'\u00e0 vous.\n<h3 class=\"wp-block-heading\">Douanes et droits<\/h3>\nVeuillez noter que les frais de douane, les taxes ou les droits d'importation sont \u00e0 la charge du destinataire et peuvent varier en fonction de la r\u00e9glementation de votre pays.\n<h3 class=\"wp-block-heading\">Jours ouvrables<\/h3>\nLes d\u00e9lais de livraison sont calcul\u00e9s sur la base des jours ouvrables, c'est-\u00e0-dire du lundi au vendredi, \u00e0 l'exclusion des jours f\u00e9ri\u00e9s.\n<h3 class=\"wp-block-heading\">Retour facile dans les 30 jours<\/h3>\nVous pouvez renvoyer tout produit dans les 30 jours suivant sa r\u00e9ception pour un remboursement complet - sans aucune question !\n\nSi vous devez retourner des articles apr\u00e8s 30 jours, veuillez nous contacter. Nous examinons ces demandes au cas par cas et ferons de notre mieux pour vous aider. \n<h3 class=\"wp-block-heading\">\u00c9tat des produits retourn\u00e9s<\/h3>\nNous acceptons les retours de produits non utilis\u00e9s et intacts, y compris les produits d\u00e9ball\u00e9s mais non endommag\u00e9s. Les produits endommag\u00e9s, sales ou inutilisables d'une autre mani\u00e8re ne peuvent pas \u00eatre retourn\u00e9s. \n<h3 class=\"wp-block-heading\">Articles d\u00e9fectueux ou incorrects<\/h3>\nSi vous recevez un produit d\u00e9fectueux ou incorrect, veuillez nous contacter imm\u00e9diatement. Nous veillerons \u00e0 ce que le probl\u00e8me soit r\u00e9solu rapidement, car votre satisfaction est notre priorit\u00e9 absolue. \n<h3 class=\"wp-block-heading\">D\u00e9lai de traitement des remboursements<\/h3>\nUne fois que le produit retourn\u00e9 nous est parvenu, nous v\u00e9rifions son \u00e9tat dans un d\u00e9lai de 5 jours ouvrables. Les remboursements seront trait\u00e9s dans un d\u00e9lai suppl\u00e9mentaire de 5 jours ouvrables apr\u00e8s approbation, en utilisant la m\u00e9thode de paiement d'origine. \n<h3 class=\"wp-block-heading\">Renvoi de la commande<\/h3>\nVeuillez nous contacter avant de renvoyer un produit. Nous vous fournirons les d\u00e9tails de l'exp\u00e9dition de retour et vous assisterons tout au long de la proc\u00e9dure. <strong>Nous prenons en charge tous les frais de retour<\/strong>. \n<h3 class=\"wp-block-heading\">Annulation de la commande<\/h3>\nLes annulations sont possibles avant l'exp\u00e9dition de votre commande. Les remboursements des commandes annul\u00e9es sont trait\u00e9s dans les 5 jours ouvrables. ","_original_product_code":"ACC004877","_shipped_within":"24-48 heures","_product_quantity":2,"_enable_bulk_discount":"yes","_bulk_discount_rules":[{"min_quantity":2,"discount_percentage":5},{"min_quantity":3,"discount_percentage":10},{"min_quantity":4,"discount_percentage":15}]},"product_brand":[],"product_cat":[4544,5692,5695],"product_tag":[],"class_list":{"0":"post-11929","1":"product","2":"type-product","3":"status-publish","4":"has-post-thumbnail","6":"product_cat-salda","7":"product_cat-salda-tornado-ris","8":"product_cat-salda-tornado-ris-700v-d","10":"first","11":"instock","12":"taxable","13":"shipping-taxable","14":"purchasable","15":"product-type-simple"},"_links":{"self":[{"href":"https:\/\/filterdirect.be\/fr\/wp-json\/wp\/v2\/product\/11929","targetHints":{"allow":["GET"]}}],"collection":[{"href":"https:\/\/filterdirect.be\/fr\/wp-json\/wp\/v2\/product"}],"about":[{"href":"https:\/\/filterdirect.be\/fr\/wp-json\/wp\/v2\/types\/product"}],"replies":[{"embeddable":true,"href":"https:\/\/filterdirect.be\/fr\/wp-json\/wp\/v2\/comments?post=11929"}],"wp:featuredmedia":[{"embeddable":true,"href":"https:\/\/filterdirect.be\/fr\/wp-json\/wp\/v2\/media\/11931"}],"wp:attachment":[{"href":"https:\/\/filterdirect.be\/fr\/wp-json\/wp\/v2\/media?parent=11929"}],"wp:term":[{"taxonomy":"product_brand","embeddable":true,"href":"https:\/\/filterdirect.be\/fr\/wp-json\/wp\/v2\/product_brand?post=11929"},{"taxonomy":"product_cat","embeddable":true,"href":"https:\/\/filterdirect.be\/fr\/wp-json\/wp\/v2\/product_cat?post=11929"},{"taxonomy":"product_tag","embeddable":true,"href":"https:\/\/filterdirect.be\/fr\/wp-json\/wp\/v2\/product_tag?post=11929"}],"curies":[{"name":"wp","href":"https:\/\/api.w.org\/{rel}","templated":true}]}}