{"id":12093,"date":"2025-04-09T17:05:36","date_gmt":"2025-04-09T14:05:36","guid":{"rendered":"https:\/\/filterdirect.be\/product\/paul-climos-f-200-filtres-m5f7-original\/"},"modified":"2025-04-09T17:05:36","modified_gmt":"2025-04-09T14:05:36","slug":"paul-climos-f-200-filtres-m5f7-original","status":"publish","type":"product","link":"https:\/\/filterdirect.be\/fr\/produit\/paul-climos-f-200-filtres-m5f7-original\/","title":{"rendered":"Paul Climos (F) 200 filtres M5+F7 (original)"},"content":{"rendered":"<h2><span style=\"font-weight: 400\">Compatibilit\u00e9 des mod\u00e8les  <\/span><\/h2>\n<p><span style=\"font-weight: 400\">Compatible avec les mod\u00e8les suivants :<\/span><\/p>\n<ul>\n<li style=\"font-weight: 400\"><span style=\"font-weight: 400\">Paul Climos 200<\/span><\/li>\n<li style=\"font-weight: 400\"><span style=\"font-weight: 400\">Paul Climos F 200<\/span><\/li>\n<li style=\"font-weight: 400\"><span style=\"font-weight: 400\">Paul Climos F 200 ECO<\/span><\/li>\n<li style=\"font-weight: 400\"><span style=\"font-weight: 400\">Paul Climos F 200 Enthalpie<\/span><\/li>\n<li style=\"font-weight: 400\"><span style=\"font-weight: 400\">Paul Climos F 200 Basic<\/span><\/li>\n<li style=\"font-weight: 400\"><span style=\"font-weight: 400\">Paul Climos F 200 Comfort<\/span><\/li>\n<\/ul>\n<h2><span style=\"font-weight: 400\">Contre quoi le jeu de filtres prot\u00e8ge-t-il ?  <\/span><\/h2>\n<p><span style=\"font-weight: 400\">Le jeu de filtres comprend <\/span><b>2 filtres<\/b><span style=\"font-weight: 400\"> de diff\u00e9rentes classes d&rsquo;efficacit\u00e9 :<\/span><\/p>\n<ul>\n<li style=\"font-weight: 400\"><span style=\"font-weight: 400\">Filtre d&rsquo;extraction &#8211; M5 (gros 75<\/span><span style=\"font-weight: 400\">) &#8211; pour la protection MVHR<\/span><\/li>\n<li style=\"font-weight: 400\"><span style=\"font-weight: 400\">Filtre d&rsquo;alimentation &#8211; F7 (ePM1 <\/span><span style=\"font-weight: 400\">60<\/span><span style=\"font-weight: 400\">%) &#8211; pour la protection de l&rsquo;air int\u00e9rieur<\/span><\/li>\n<\/ul>\n<p><span style=\"font-weight: 400\">Ce jeu de filtres est conforme \u00e0 la norme ISO 16890 relative \u00e0 l&rsquo;efficacit\u00e9 de filtration des particules. <\/span><span style=\"font-weight: 400\">Le filtre <\/span><b>M5 <\/b><span style=\"font-weight: 400\">capture environ 7<\/span><span style=\"font-weight: 400\">5%<\/span><span style=\"font-weight: 400\">  de grosses particules en suspension dans l&rsquo;air de 10 microns ou plus, telles que le pollen, les spores de moisissure, les squames d&rsquo;animaux et la poussi\u00e8re domestique. Il est con\u00e7u pour purifier l&rsquo;air extrait de votre espace int\u00e9rieur, en aidant \u00e0 r\u00e9duire la poussi\u00e8re visible et l&rsquo;accumulation g\u00e9n\u00e9rale dans le syst\u00e8me de ventilation. Cela permet de r\u00e9duire la consommation d&rsquo;\u00e9nergie, de maintenir l&rsquo;appareil silencieux et de prolonger la dur\u00e9e de vie de votre syst\u00e8me.  <\/span><span style=\"font-weight: 400\">Le filtre <\/span><b>filtre F7<\/b><span style=\"font-weight: 400\"> capture environ <\/span><span style=\"font-weight: 400\">60<\/span><span style=\"font-weight: 400\">Le syst\u00e8me d&rsquo;\u00e9puration de l&rsquo;air de l&rsquo;Union europ\u00e9enne (UE) est un syst\u00e8me d&rsquo;\u00e9puration de l&rsquo;air de l&rsquo;Union europ\u00e9enne qui permet d&rsquo;\u00e9purer l&rsquo;air de l&rsquo;Union europ\u00e9enne d&rsquo;au moins 50 % des particules tr\u00e8s fines de 1 micron, y compris les bact\u00e9ries, le smog, les particules de fum\u00e9e de tabac, la poussi\u00e8re de combustion, les spores et les particules de fum\u00e9e de feu de for\u00eat. Il contribue \u00e0 purifier l&rsquo;air ext\u00e9rieur entrant avant qu&rsquo;il ne p\u00e9n\u00e8tre dans vos locaux, am\u00e9liorant ainsi la qualit\u00e9 de l&rsquo;air int\u00e9rieur et prot\u00e9geant votre sant\u00e9. <\/span><\/p>\n<h2><span style=\"font-weight: 400\">Utilisation et entretien  <\/span><\/h2>\n<p><span style=\"font-weight: 400\">Paul recommande de remplacer les <\/span><b>tous les 6 mois<\/b><span style=\"font-weight: 400\">afin de garantir une qualit\u00e9 d&rsquo;air et des performances optimales du syst\u00e8me.<\/span><span style=\"font-weight: 400\">Toutefois, la fr\u00e9quence de remplacement peut varier en fonction de facteurs tels que :<\/span><\/p>\n<ul>\n<li style=\"font-weight: 400\"><b>Niveaux de pollution de l&rsquo;air<\/b><span style=\"font-weight: 400\"> (par exemple, zones urbaines ou rurales)<\/span><\/li>\n<li style=\"font-weight: 400\"><b>Allergies ou sensibilit\u00e9s respiratoires<\/b><\/li>\n<li style=\"font-weight: 400\"><b>Animaux domestiques ou fumeurs \u00e0 l&rsquo;int\u00e9rieur<\/b><\/li>\n<li style=\"font-weight: 400\"><b>Poussi\u00e8re provenant des chantiers de construction situ\u00e9s \u00e0 proximit\u00e9<\/b><\/li>\n<\/ul>\n<p><span style=\"font-weight: 400\">Si votre syst\u00e8me comprend un <\/span><b>indicateur de changement de filtre<\/b><span style=\"font-weight: 400\">suivez ses conseils. Sinon, v\u00e9rifiez visuellement les filtres &#8211; s&rsquo;ils semblent tr\u00e8s sales ou obstru\u00e9s, il est temps de les remplacer. <\/span><\/p>\n<h2><span style=\"font-weight: 400\">Qualit\u00e9 de la fabrication<\/span><\/h2>\n<p><span style=\"font-weight: 400\">Ce jeu de filtres est <\/span><b>fabriqu\u00e9 par Paul, qui fait partie du groupe Zehnder<\/b><span style=\"font-weight: 400\">. Nous travaillons avec ce partenaire de confiance depuis de nombreuses ann\u00e9es et achetons tous les produits directement aupr\u00e8s de lui, ce qui garantit l&rsquo;authenticit\u00e9 et une qualit\u00e9 constante. Les filtres de Paul sont produits en Europe dans les usines de Zehnder situ\u00e9es \u00e0   <\/span><b>les Pays-Bas, la France et la Suisse<\/b><span style=\"font-weight: 400\">Ces filtres sont fabriqu\u00e9s \u00e0 l&rsquo;aide d&rsquo;une technologie de pointe et respectent des normes de production \u00e9lev\u00e9es.<\/span><span style=\"font-weight: 400\">Ces filtres \u00e0 panneaux sont fabriqu\u00e9s \u00e0 l&rsquo;aide de la <\/span><span style=\"font-weight: 400\">la technologie de la ligne Z<\/span><span style=\"font-weight: 400\">Le filtre est constitu\u00e9 d&rsquo;un m\u00e9dia filtrant dens\u00e9ment pli\u00e9, mont\u00e9 dans un cadre en carton. Cette conception maximise la surface de filtration, am\u00e9liorant la r\u00e9tention des particules et l&rsquo;efficacit\u00e9 du flux d&rsquo;air. Ce type de construction offre une plus grande surface de filtration effective, une distribution plus uniforme du flux d&rsquo;air, une meilleure capture des particules et une perte de charge plus faible.  <\/span><span style=\"font-weight: 400\">En choisissant  <\/span><b>Filtres Paul originaux<\/b><span style=\"font-weight: 400\">Avec le syst\u00e8me MVHR, vous vous assurez que votre syst\u00e8me MVHR fonctionne conform\u00e9ment aux donn\u00e9es techniques indiqu\u00e9es par le fabricant, en maintenant \u00e0 la fois une qualit\u00e9 d&rsquo;air optimale et une bonne efficacit\u00e9 \u00e9nerg\u00e9tique.  <\/span><\/p>\n<h2><span style=\"font-weight: 400\">Codes produits originaux  <\/span><\/h2>\n<ul>\n<li><span style=\"font-weight: 400\">5027004280<\/span><\/li>\n<\/ul>\n","protected":false},"excerpt":{"rendered":"<p>Compatibilit\u00e9 des mod\u00e8les Compatible avec les mod\u00e8les suivants : Paul Climos 200 Paul Climos F 200 Paul Climos F 200 ECO Paul Climos F 200 Enthalpie Paul Climos F 200 Basic Paul Climos F 200 Comfort Contre quoi le jeu de filtres prot\u00e8ge-t-il ? Le jeu de filtres comprend 2 filtres de diff\u00e9rentes classes d&rsquo;efficacit\u00e9 [&hellip;]<\/p>\n","protected":false},"featured_media":12094,"comment_status":"open","ping_status":"closed","template":"","meta":{"_how_to_change":"<span style=\"font-weight: 400\">Les instructions pour le remplacement des filtres sont fournies dans le manuel ci-dessous :<\/span><a href=\"https:\/\/filterdirect.be\/wp-content\/uploads\/2025\/04\/Filter-Replacement-Manual-for-Paul-Climos-F-200.pdf\">Manuel de remplacement des filtres pour Paul Climos (F) 200<\/a>","_delivery_info":"<h3 class=\"wp-block-heading\">D\u00e9lai de traitement des commandes<\/h3>\nTous les produits en stock sont exp\u00e9di\u00e9s dans les 24-48 heures, \u00e0 l'exception de ceux qui sont clairement indiqu\u00e9s comme ayant un d\u00e9lai d'exp\u00e9dition plus long (5-10 jours).\n<h3 class=\"wp-block-heading\">Frais d'exp\u00e9dition<\/h3>\nLes frais de port sont <strong>gratuits pour toute commande sup\u00e9rieure \u00e0 100 euros<\/strong>. Pour les commandes inf\u00e9rieures \u00e0 100 euros, les frais de port seront calcul\u00e9s au moment du paiement. \n<h3 class=\"wp-block-heading\">D\u00e9lais de livraison estim\u00e9s par r\u00e9gion<\/h3>\n<strong>Albanie, Mont\u00e9n\u00e9gro, Bosnie-Herz\u00e9govine, Moldavie, Mac\u00e9doine du Nord<\/strong>\n<em>Transporteur :<\/em> Poczta Polska Registered\n<em>Livraison estim\u00e9e :<\/em> 5-10 jours ouvrables\n\n<strong>Islande, Norv\u00e8ge, Serbie, Suisse, Chypre, Croatie, Malte<\/strong>\n<em>Transporteur :<\/em> PostNL Tracked\n<em>Livraison estim\u00e9e :<\/em> 5-10 jours ouvrables\n\n<strong>Royaume-Uni<\/strong>\n<em>Royal Mail :<\/em> 4-6 jours ouvrables\n<em>Parcel Force :<\/em> 4-6 jours ouvrables\n\n<strong>Canada, Australie, Nouvelle-Z\u00e9lande<\/strong>\n<em>UPS Expedited :<\/em> 3-6 jours ouvrables\n<em>Poczta Polska Registered :<\/em> 5-15 jours ouvrables\n\n<strong>\u00c9tats-Unis (US)<\/strong>\n<em>Transporteur :<\/em> PostNL Tracked\n<em>Livraison estim\u00e9e :<\/em> 5-10 jours ouvrables\n\n<strong>Autriche, Slovaquie, R\u00e9publique tch\u00e8que, Hongrie<\/strong>\n<em>Courrier UPS :<\/em> 3-4 jours ouvrables\n<em>Courrier DPD :<\/em> 3-4 jours ouvrables\n<em>GLS Courier :<\/em> 3-4 jours ouvrables\n\n<strong>Belgique, Bulgarie, Danemark, Espagne, France, Gr\u00e8ce, Irlande, Italie, Luxembourg, Pays-Bas, Portugal, Roumanie, Su\u00e8de, Slov\u00e9nie<\/strong>\n<em>UPS Courier :<\/em> 4-5 jours ouvrables\n<em>Courrier DPD :<\/em> 4-5 jours ouvrables\n<em>GLS Courier :<\/em> 4-5 jours ouvrables\n\n<strong>Allemagne<\/strong>\n<em>Courrier DHL :<\/em> 2-3 jours ouvrables\n<em>Courrier DPD :<\/em> 2-3 jours ouvrables\n<em>GLS Courier :<\/em> 2-3 jours ouvrables\n\n<strong>Estonie, Lettonie<\/strong>\n<em>Terminaux Omniva :<\/em> 1-3 jours ouvrables\n<em>Courrier DPD :<\/em> 1-3 jours ouvrables\n\n<strong>Finlande<\/strong>\n<em>Courrier postal :<\/em> 2-4 jours ouvrables\n\n<strong>Lituanie<\/strong>\n<em>Terminaux Omniva :<\/em> 1-2 jours ouvrables\n<em>Terminaux DPD :<\/em> 1-2 jours ouvrables\n<em>Courrier DPD :<\/em> 1-2 jours ouvrables\n\n<strong>Pologne<\/strong>\n<em>EnPost :<\/em> 2-3 jours ouvrables\n<em>Courrier DPD :<\/em> 2-3 jours ouvrables\n<em>GLS Courier :<\/em> 2-3 jours ouvrables\n<h3 class=\"wp-block-heading\">Suivi des commandes<\/h3>\nUne fois que votre commande est en route, nous vous envoyons un e-mail de confirmation avec les d\u00e9tails de suivi afin que vous puissiez facilement suivre son cheminement jusqu'\u00e0 vous.\n<h3 class=\"wp-block-heading\">Douanes et droits<\/h3>\nVeuillez noter que les frais de douane, les taxes ou les droits d'importation sont \u00e0 la charge du destinataire et peuvent varier en fonction de la r\u00e9glementation de votre pays.\n<h3 class=\"wp-block-heading\">Jours ouvrables<\/h3>\nLes d\u00e9lais de livraison sont calcul\u00e9s sur la base des jours ouvrables, c'est-\u00e0-dire du lundi au vendredi, \u00e0 l'exclusion des jours f\u00e9ri\u00e9s.\n<h3 class=\"wp-block-heading\">Retour facile dans les 30 jours<\/h3>\nVous pouvez renvoyer tout produit dans les 30 jours suivant sa r\u00e9ception pour un remboursement complet - sans aucune question !\n\nSi vous devez retourner des articles apr\u00e8s 30 jours, veuillez nous contacter. Nous examinons ces demandes au cas par cas et ferons de notre mieux pour vous aider. \n<h3 class=\"wp-block-heading\">\u00c9tat des produits retourn\u00e9s<\/h3>\nNous acceptons les retours de produits non utilis\u00e9s et intacts, y compris les produits d\u00e9ball\u00e9s mais non endommag\u00e9s. Les produits endommag\u00e9s, sales ou inutilisables d'une autre mani\u00e8re ne peuvent pas \u00eatre retourn\u00e9s. \n<h3 class=\"wp-block-heading\">Articles d\u00e9fectueux ou incorrects<\/h3>\nSi vous recevez un produit d\u00e9fectueux ou incorrect, veuillez nous contacter imm\u00e9diatement. Nous veillerons \u00e0 ce que le probl\u00e8me soit r\u00e9solu rapidement, car votre satisfaction est notre priorit\u00e9 absolue. \n<h3 class=\"wp-block-heading\">D\u00e9lai de traitement des remboursements<\/h3>\nUne fois que le produit retourn\u00e9 nous est parvenu, nous v\u00e9rifions son \u00e9tat dans un d\u00e9lai de 5 jours ouvrables. Les remboursements seront trait\u00e9s dans un d\u00e9lai suppl\u00e9mentaire de 5 jours ouvrables apr\u00e8s approbation, en utilisant la m\u00e9thode de paiement d'origine. \n<h3 class=\"wp-block-heading\">Renvoi de la commande<\/h3>\nVeuillez nous contacter avant de renvoyer un produit. Nous vous fournirons les d\u00e9tails de l'exp\u00e9dition de retour et vous assisterons tout au long de la proc\u00e9dure. <strong>Nous prenons en charge tous les frais de retour<\/strong>. \n<h3 class=\"wp-block-heading\">Annulation de la commande<\/h3>\nLes annulations sont possibles avant l'exp\u00e9dition de votre commande. Les remboursements des commandes annul\u00e9es sont trait\u00e9s dans les 5 jours ouvrables. ","_original_product_code":"5027004280","_shipped_within":"24-48 heures","_product_quantity":2,"_enable_bulk_discount":"yes","_bulk_discount_rules":[{"min_quantity":2,"discount_percentage":5},{"min_quantity":3,"discount_percentage":10},{"min_quantity":4,"discount_percentage":15}]},"product_brand":[],"product_cat":[4684,4685,4686],"product_tag":[],"class_list":{"0":"post-12093","1":"product","2":"type-product","3":"status-publish","4":"has-post-thumbnail","6":"product_cat-paul","7":"product_cat-paul-climos","8":"product_cat-paul-climos-f-200","10":"first","11":"instock","12":"taxable","13":"shipping-taxable","14":"purchasable","15":"product-type-simple"},"_links":{"self":[{"href":"https:\/\/filterdirect.be\/fr\/wp-json\/wp\/v2\/product\/12093","targetHints":{"allow":["GET"]}}],"collection":[{"href":"https:\/\/filterdirect.be\/fr\/wp-json\/wp\/v2\/product"}],"about":[{"href":"https:\/\/filterdirect.be\/fr\/wp-json\/wp\/v2\/types\/product"}],"replies":[{"embeddable":true,"href":"https:\/\/filterdirect.be\/fr\/wp-json\/wp\/v2\/comments?post=12093"}],"wp:featuredmedia":[{"embeddable":true,"href":"https:\/\/filterdirect.be\/fr\/wp-json\/wp\/v2\/media\/12094"}],"wp:attachment":[{"href":"https:\/\/filterdirect.be\/fr\/wp-json\/wp\/v2\/media?parent=12093"}],"wp:term":[{"taxonomy":"product_brand","embeddable":true,"href":"https:\/\/filterdirect.be\/fr\/wp-json\/wp\/v2\/product_brand?post=12093"},{"taxonomy":"product_cat","embeddable":true,"href":"https:\/\/filterdirect.be\/fr\/wp-json\/wp\/v2\/product_cat?post=12093"},{"taxonomy":"product_tag","embeddable":true,"href":"https:\/\/filterdirect.be\/fr\/wp-json\/wp\/v2\/product_tag?post=12093"}],"curies":[{"name":"wp","href":"https:\/\/api.w.org\/{rel}","templated":true}]}}