{"id":12590,"date":"2025-04-01T17:12:51","date_gmt":"2025-04-01T14:12:51","guid":{"rendered":"https:\/\/filterdirect.be\/product\/atrea-duplex-easy-300-400-set-de-filtres-10-pcs-g4-original\/"},"modified":"2026-04-17T08:36:52","modified_gmt":"2026-04-17T05:36:52","slug":"atrea-duplex-easy-300-400-set-de-filtres-10-pcs-g4-original","status":"publish","type":"product","link":"https:\/\/filterdirect.be\/fr\/produit\/atrea-duplex-easy-300-400-set-de-filtres-10-pcs-g4-original\/","title":{"rendered":"Atrea Duplex Easy 300\/400 set de filtres 10 pcs. G4 (original)"},"content":{"rendered":"<h2><span style=\"font-weight: 400;\">Compatibilit\u00e9 des mod\u00e8les  <\/span><\/h2>\n<p><span style=\"font-weight: 400;\">Compatible avec les mod\u00e8les suivants :<\/span><\/p>\n<ul>\n<li style=\"font-weight: 400;\"><span style=\"font-weight: 400;\">Atrea Duplex Easy 300<\/span><\/li>\n<li style=\"font-weight: 400;\"><span style=\"font-weight: 400;\">Atrea Duplex Easy 400<\/span><\/li>\n<\/ul>\n<h2><span style=\"font-weight: 400;\">Contre quoi le jeu de filtres prot\u00e8ge-t-il ?  <\/span><\/h2>\n<p><span style=\"font-weight: 400;\">Le pack de filtres comprend <\/span><b>10 filtres <\/b><span style=\"font-weight: 400;\">qui peuvent \u00eatre utilis\u00e9s comme :<\/span><\/p>\n<ul>\n<li style=\"font-weight: 400;\"><span style=\"font-weight: 400;\">Filtre d&rsquo;extraction &#8211; G4 (gros 75 %) &#8211; pour la protection MVHR<\/span><\/li>\n<li style=\"font-weight: 400;\"><span style=\"font-weight: 400;\">Filtre d&rsquo;alimentation &#8211; G4 (gros 75 %) &#8211; pour la protection de l&rsquo;air int\u00e9rieur<\/span><\/li>\n<\/ul>\n<p><span style=\"font-weight: 400;\">Ce pack filtrant est conforme \u00e0 la norme ISO 16890 relative \u00e0 l&rsquo;efficacit\u00e9 de filtration des particules. <\/span><span style=\"font-weight: 400;\">Les filtres <\/span><b>filtres G4<\/b><span style=\"font-weight: 400;\">  capturent jusqu&rsquo;\u00e0 75 % des grosses particules en suspension dans l&rsquo;air d&rsquo;une taille sup\u00e9rieure \u00e0 10 microns, telles que les particules de terre, les gros grains de pollen, les d\u00e9bris v\u00e9g\u00e9taux, les ailes d&rsquo;insectes, la sciure de bois, le sable et les peluches de textile. Le filtre utilis\u00e9 du c\u00f4t\u00e9 de l&rsquo;extraction nettoie l&rsquo;air extrait de votre espace int\u00e9rieur et prot\u00e8ge l&rsquo;unit\u00e9 MVHR en r\u00e9duisant la poussi\u00e8re visible et l&rsquo;accumulation g\u00e9n\u00e9rale dans le syst\u00e8me de ventilation. Parall\u00e8lement, le filtre utilis\u00e9 du c\u00f4t\u00e9 de l&rsquo;alimentation aide \u00e0 nettoyer l&rsquo;air ext\u00e9rieur entrant avant qu&rsquo;il ne p\u00e9n\u00e8tre dans vos locaux, am\u00e9liorant ainsi la qualit\u00e9 de l&rsquo;air int\u00e9rieur et prot\u00e9geant votre sant\u00e9.  <\/span><span style=\"font-weight: 400;\">Bien que le pack contienne 10 filtres, seuls 2 sont utilis\u00e9s \u00e0 la fois &#8211; un pour le c\u00f4t\u00e9 extraction et un pour le c\u00f4t\u00e9 alimentation de votre syst\u00e8me MVHR. Vous pouvez utiliser le m\u00eame type de filtre pour les deux. Toutefois, si vous pr\u00e9f\u00e9rez une classe de filtre plus \u00e9lev\u00e9e pour le c\u00f4t\u00e9 alimentation, nous vous recommandons d&rsquo;acheter un paquet suppl\u00e9mentaire de 10 filtres F7, qui sont vendus s\u00e9par\u00e9ment. Vous pouvez les trouver via     <\/span><a href=\"https:\/\/filterdirect.be\/product\/atrea-duplex-easy-300-400-filter-set-10pcs-f7-original\/\" target=\"_blank\" rel=\"noopener\"><span style=\"font-weight: 400;\">ce lien<\/span><\/a><span style=\"font-weight: 400;\">.<\/span><\/p>\n<h2><span style=\"font-weight: 400;\">Utilisation et entretien  <\/span><\/h2>\n<p><span style=\"font-weight: 400;\">Atrea <\/span><span style=\"font-weight: 400;\">recommande de remplacer les <\/span><b>tous les 3 mois<\/b><span style=\"font-weight: 400;\">Atrea recommande de remplacer les filtres tous les 3 mois, afin d&rsquo;assurer une qualit\u00e9 d&rsquo;air et une performance optimales du syst\u00e8me.<\/span><span style=\"font-weight: 400;\">Cependant, la fr\u00e9quence de remplacement peut varier en fonction de facteurs tels que :<\/span><\/p>\n<ul>\n<li style=\"font-weight: 400;\"><b>Niveaux de pollution de l&rsquo;air<\/b><span style=\"font-weight: 400;\"> (par exemple, zones urbaines ou rurales)<\/span><\/li>\n<li style=\"font-weight: 400;\"><b>Allergies ou sensibilit\u00e9s respiratoires<\/b><\/li>\n<li style=\"font-weight: 400;\"><b>Animaux domestiques ou fumeurs \u00e0 l&rsquo;int\u00e9rieur<\/b><\/li>\n<li style=\"font-weight: 400;\"><b>Poussi\u00e8re provenant des chantiers de construction situ\u00e9s \u00e0 proximit\u00e9<\/b><\/li>\n<\/ul>\n<p><span style=\"font-weight: 400;\">Si votre syst\u00e8me comprend un <\/span><b>indicateur de changement de filtre<\/b><span style=\"font-weight: 400;\">suivez ses conseils. Sinon, v\u00e9rifiez visuellement les filtres &#8211; s&rsquo;ils semblent tr\u00e8s sales ou obstru\u00e9s, il est temps de les remplacer. <\/span><\/p>\n<h2><span style=\"font-weight: 400;\">Qualit\u00e9 de la fabrication<\/span><\/h2>\n<p><span style=\"font-weight: 400;\">Ces filtres sont <\/span><b>fabriqu\u00e9s par Atrea<\/b><span style=\"font-weight: 400;\">une entreprise familiale respect\u00e9e bas\u00e9e en <\/span><b>R\u00e9publique tch\u00e8que<\/b><span style=\"font-weight: 400;\">. Parall\u00e8lement \u00e0 son site principal, Atrea coordonne la production par l&rsquo;interm\u00e9diaire de succursales et de partenaires agr\u00e9\u00e9s dans toute l&rsquo;Europe, o\u00f9 la qualit\u00e9 des produits fait l&rsquo;objet d&rsquo;une surveillance stricte. S&rsquo;appuyant sur plus de 30 ans d&rsquo;exp\u00e9rience en ing\u00e9nierie, Atrea con\u00e7oit ses produits en mettant l&rsquo;accent sur l&rsquo;efficacit\u00e9 \u00e9nerg\u00e9tique, en incorporant des syst\u00e8mes d&rsquo;\u00e9change de chaleur avanc\u00e9s, un contr\u00f4le automatique du climat et une technologie de pointe en mati\u00e8re de flux d&rsquo;air.  Tous les produits sont soumis \u00e0 des tests internes approfondis et r\u00e9pondent \u00e0 des normes europ\u00e9ennes strictes en mati\u00e8re de performance et de qualit\u00e9.<\/span><span style=\"font-weight: 400;\">Ces filtres sont fabriqu\u00e9s \u00e0 partir d&rsquo;un m\u00e9dia synth\u00e9tique non tiss\u00e9 de haute qualit\u00e9, con\u00e7u pour assurer une filtration fiable des particules avec une r\u00e9sistance minimale au flux d&rsquo;air. Ce type de filtre est l\u00e9ger, flexible et facile \u00e0 manipuler lors du remplacement. <\/span><span style=\"font-weight: 400;\">Ces filtres en mat\u00e9riaux se pr\u00e9sentent sous <\/span><b>sous forme de sac<\/b><span style=\"font-weight: 400;\">. Ils sont con\u00e7us pour \u00eatre mont\u00e9s sur le  <\/span><b>cadre en fil de fer r\u00e9utilisable<\/b><span style=\"font-weight: 400;\">  d\u00e9j\u00e0 int\u00e9gr\u00e9 \u00e0 votre unit\u00e9 MVHR. Lorsque vous remplacez le filtre, retirez le c\u00e2ble et \u00e9liminez le m\u00e9dia filtrant usag\u00e9, puis r\u00e9utilisez le cadre m\u00e9tallique avec le nouveau filtre. Cette conception garantit la stabilit\u00e9 structurelle \u00e0 l&rsquo;int\u00e9rieur de l&rsquo;unit\u00e9 tout en minimisant les d\u00e9chets inutiles.    <\/span><span style=\"font-weight: 400;\">Choisir <\/span><b>des filtres Atrea d&rsquo;origine<\/b><span style=\"font-weight: 400;\"> garantit que votre syst\u00e8me MVHR fonctionne conform\u00e9ment aux sp\u00e9cifications du fabricant, en maintenant une qualit\u00e9 d&rsquo;air et une efficacit\u00e9 \u00e9nerg\u00e9tique optimales. <\/span> <\/p>\n<h2><span style=\"font-weight: 400;\">Codes produits originaux  <\/span><\/h2>\n<ul>\n<li><span style=\"font-weight: 400;\">A161121<\/span><\/li>\n<\/ul>\n","protected":false},"excerpt":{"rendered":"<p>Compatibilit\u00e9 des mod\u00e8les Compatible avec les mod\u00e8les suivants : Atrea Duplex Easy 300 Atrea Duplex Easy 400 Contre quoi le jeu de filtres prot\u00e8ge-t-il ? Le pack de filtres comprend 10 filtres qui peuvent \u00eatre utilis\u00e9s comme : Filtre d&rsquo;extraction &#8211; G4 (gros 75 %) &#8211; pour la protection MVHR Filtre d&rsquo;alimentation &#8211; G4 (gros [&hellip;]<\/p>\n","protected":false},"featured_media":12592,"comment_status":"open","ping_status":"closed","template":"","meta":{"_how_to_change":"<span style=\"font-weight: 400\">Les instructions pour le remplacement des filtres sont fournies dans le manuel ci-dessous :<\/span><a href=\"https:\/\/filterdirect.be\/wp-content\/uploads\/2025\/04\/Filter-Replacement-Manual-for-Atrea-Duplex-Easy-300400-and-Duplex-Easy-250.pdf\">Manuel de remplacement des filtres pour Atrea Duplex Easy 300&amp;400 et Duplex Easy 250<\/a>","_delivery_info":"<h3 class=\"wp-block-heading\">D\u00e9lai de traitement des commandes<\/h3>\nTous les produits en stock sont exp\u00e9di\u00e9s dans les 24-48 heures, \u00e0 l'exception de ceux qui sont clairement indiqu\u00e9s comme ayant un d\u00e9lai d'exp\u00e9dition plus long (5-10 jours).\n<h3 class=\"wp-block-heading\">Frais d'exp\u00e9dition<\/h3>\nLes frais de port sont <strong>gratuits pour toute commande sup\u00e9rieure \u00e0 100 euros<\/strong>. Pour les commandes inf\u00e9rieures \u00e0 100 euros, les frais de port seront calcul\u00e9s au moment du paiement. \n<h3 class=\"wp-block-heading\">D\u00e9lais de livraison estim\u00e9s par r\u00e9gion<\/h3>\n<strong>Albanie, Mont\u00e9n\u00e9gro, Bosnie-Herz\u00e9govine, Moldavie, Mac\u00e9doine du Nord<\/strong>\n<em>Transporteur :<\/em> Poczta Polska Registered\n<em>Livraison estim\u00e9e :<\/em> 5-10 jours ouvrables\n\n<strong>Islande, Norv\u00e8ge, Serbie, Suisse, Chypre, Croatie, Malte<\/strong>\n<em>Transporteur :<\/em> PostNL Tracked\n<em>Livraison estim\u00e9e :<\/em> 5-10 jours ouvrables\n\n<strong>Royaume-Uni<\/strong>\n<em>Royal Mail :<\/em> 4-6 jours ouvrables\n<em>Parcel Force :<\/em> 4-6 jours ouvrables\n\n<strong>Canada, Australie, Nouvelle-Z\u00e9lande<\/strong>\n<em>UPS Expedited :<\/em> 3-6 jours ouvrables\n<em>Poczta Polska Registered :<\/em> 5-15 jours ouvrables\n\n<strong>\u00c9tats-Unis (US)<\/strong>\n<em>Transporteur :<\/em> PostNL Tracked\n<em>Livraison estim\u00e9e :<\/em> 5-10 jours ouvrables\n\n<strong>Autriche, Slovaquie, R\u00e9publique tch\u00e8que, Hongrie<\/strong>\n<em>Courrier UPS :<\/em> 3-4 jours ouvrables\n<em>Courrier DPD :<\/em> 3-4 jours ouvrables\n<em>GLS Courier :<\/em> 3-4 jours ouvrables\n\n<strong>Belgique, Bulgarie, Danemark, Espagne, France, Gr\u00e8ce, Irlande, Italie, Luxembourg, Pays-Bas, Portugal, Roumanie, Su\u00e8de, Slov\u00e9nie<\/strong>\n<em>UPS Courier :<\/em> 4-5 jours ouvrables\n<em>Courrier DPD :<\/em> 4-5 jours ouvrables\n<em>GLS Courier :<\/em> 4-5 jours ouvrables\n\n<strong>Allemagne<\/strong>\n<em>Courrier DHL :<\/em> 2-3 jours ouvrables\n<em>Courrier DPD :<\/em> 2-3 jours ouvrables\n<em>GLS Courier :<\/em> 2-3 jours ouvrables\n\n<strong>Estonie, Lettonie<\/strong>\n<em>Terminaux Omniva :<\/em> 1-3 jours ouvrables\n<em>Courrier DPD :<\/em> 1-3 jours ouvrables\n\n<strong>Finlande<\/strong>\n<em>Courrier postal :<\/em> 2-4 jours ouvrables\n\n<strong>Lituanie<\/strong>\n<em>Terminaux Omniva :<\/em> 1-2 jours ouvrables\n<em>Terminaux DPD :<\/em> 1-2 jours ouvrables\n<em>Courrier DPD :<\/em> 1-2 jours ouvrables\n\n<strong>Pologne<\/strong>\n<em>EnPost :<\/em> 2-3 jours ouvrables\n<em>Courrier DPD :<\/em> 2-3 jours ouvrables\n<em>GLS Courier :<\/em> 2-3 jours ouvrables\n<h3 class=\"wp-block-heading\">Suivi des commandes<\/h3>\nUne fois que votre commande est en route, nous vous envoyons un e-mail de confirmation avec les d\u00e9tails de suivi afin que vous puissiez facilement suivre son cheminement jusqu'\u00e0 vous.\n<h3 class=\"wp-block-heading\">Douanes et droits<\/h3>\nVeuillez noter que les frais de douane, les taxes ou les droits d'importation sont \u00e0 la charge du destinataire et peuvent varier en fonction de la r\u00e9glementation de votre pays.\n<h3 class=\"wp-block-heading\">Jours ouvrables<\/h3>\nLes d\u00e9lais de livraison sont calcul\u00e9s sur la base des jours ouvrables, c'est-\u00e0-dire du lundi au vendredi, \u00e0 l'exclusion des jours f\u00e9ri\u00e9s.\n<h3 class=\"wp-block-heading\">Retour facile dans les 30 jours<\/h3>\nVous pouvez renvoyer tout produit dans les 30 jours suivant sa r\u00e9ception pour un remboursement complet - sans aucune question !\n\nSi vous devez retourner des articles apr\u00e8s 30 jours, veuillez nous contacter. Nous examinons ces demandes au cas par cas et ferons de notre mieux pour vous aider. \n<h3 class=\"wp-block-heading\">\u00c9tat des produits retourn\u00e9s<\/h3>\nNous acceptons les retours de produits non utilis\u00e9s et intacts, y compris les produits d\u00e9ball\u00e9s mais non endommag\u00e9s. Les produits endommag\u00e9s, sales ou inutilisables d'une autre mani\u00e8re ne peuvent pas \u00eatre retourn\u00e9s. \n<h3 class=\"wp-block-heading\">Articles d\u00e9fectueux ou incorrects<\/h3>\nSi vous recevez un produit d\u00e9fectueux ou incorrect, veuillez nous contacter imm\u00e9diatement. Nous veillerons \u00e0 ce que le probl\u00e8me soit r\u00e9solu rapidement, car votre satisfaction est notre priorit\u00e9 absolue. \n<h3 class=\"wp-block-heading\">D\u00e9lai de traitement des remboursements<\/h3>\nUne fois que le produit retourn\u00e9 nous est parvenu, nous v\u00e9rifions son \u00e9tat dans un d\u00e9lai de 5 jours ouvrables. Les remboursements seront trait\u00e9s dans un d\u00e9lai suppl\u00e9mentaire de 5 jours ouvrables apr\u00e8s approbation, en utilisant la m\u00e9thode de paiement d'origine. \n<h3 class=\"wp-block-heading\">Renvoi de la commande<\/h3>\nVeuillez nous contacter avant de renvoyer un produit. Nous vous fournirons les d\u00e9tails de l'exp\u00e9dition de retour et vous assisterons tout au long de la proc\u00e9dure. <strong>Nous prenons en charge tous les frais de retour<\/strong>. \n<h3 class=\"wp-block-heading\">Annulation de la commande<\/h3>\nLes annulations sont possibles avant l'exp\u00e9dition de votre commande. Les remboursements des commandes annul\u00e9es sont trait\u00e9s dans les 5 jours ouvrables. ","_original_product_code":"A161121","_shipped_within":"24-48 heures","_product_quantity":10,"_enable_bulk_discount":"yes","_bulk_discount_rules":[{"min_quantity":2,"discount_percentage":5},{"min_quantity":3,"discount_percentage":10},{"min_quantity":4,"discount_percentage":15}]},"product_brand":[],"product_cat":[6632,6636,6637],"product_tag":[],"class_list":{"0":"post-12590","1":"product","2":"type-product","3":"status-publish","4":"has-post-thumbnail","6":"product_cat-atrea","7":"product_cat-atrea-duplex-easy","8":"product_cat-atrea-duplex-easy-300-400","10":"first","11":"instock","12":"taxable","13":"shipping-taxable","14":"purchasable","15":"product-type-simple"},"_links":{"self":[{"href":"https:\/\/filterdirect.be\/fr\/wp-json\/wp\/v2\/product\/12590","targetHints":{"allow":["GET"]}}],"collection":[{"href":"https:\/\/filterdirect.be\/fr\/wp-json\/wp\/v2\/product"}],"about":[{"href":"https:\/\/filterdirect.be\/fr\/wp-json\/wp\/v2\/types\/product"}],"replies":[{"embeddable":true,"href":"https:\/\/filterdirect.be\/fr\/wp-json\/wp\/v2\/comments?post=12590"}],"wp:featuredmedia":[{"embeddable":true,"href":"https:\/\/filterdirect.be\/fr\/wp-json\/wp\/v2\/media\/12592"}],"wp:attachment":[{"href":"https:\/\/filterdirect.be\/fr\/wp-json\/wp\/v2\/media?parent=12590"}],"wp:term":[{"taxonomy":"product_brand","embeddable":true,"href":"https:\/\/filterdirect.be\/fr\/wp-json\/wp\/v2\/product_brand?post=12590"},{"taxonomy":"product_cat","embeddable":true,"href":"https:\/\/filterdirect.be\/fr\/wp-json\/wp\/v2\/product_cat?post=12590"},{"taxonomy":"product_tag","embeddable":true,"href":"https:\/\/filterdirect.be\/fr\/wp-json\/wp\/v2\/product_tag?post=12590"}],"curies":[{"name":"wp","href":"https:\/\/api.w.org\/{rel}","templated":true}]}}