{"id":12912,"date":"2025-04-07T06:42:27","date_gmt":"2025-04-07T03:42:27","guid":{"rendered":"https:\/\/filterdirect.be\/product\/defro-drx-v-opti-v-set-de-filtres-m5m5-original\/"},"modified":"2025-04-07T06:42:27","modified_gmt":"2025-04-07T03:42:27","slug":"defro-drx-v-opti-v-set-de-filtres-m5m5-original","status":"publish","type":"product","link":"https:\/\/filterdirect.be\/fr\/produit\/defro-drx-v-opti-v-set-de-filtres-m5m5-original\/","title":{"rendered":"Defro DRX V \/ OPTI V set de filtres M5+M5 (original)"},"content":{"rendered":"<h2><span style=\"font-weight: 400\">Compatibilit\u00e9 des mod\u00e8les  <\/span><\/h2>\n<p><span style=\"font-weight: 400\">Compatible avec les mod\u00e8les suivants :<\/span><\/p>\n<ul>\n<li style=\"font-weight: 400\"><span style=\"font-weight: 400\">Defro DRX 300 V<\/span><\/li>\n<li style=\"font-weight: 400\"><span style=\"font-weight: 400\">D\u00e9froisseur DRX 400 V<\/span><\/li>\n<li style=\"font-weight: 400\"><span style=\"font-weight: 400\">Defro DRX 500 V<\/span><\/li>\n<li style=\"font-weight: 400\"><span style=\"font-weight: 400\">Defro DRX OPTI 300 V<\/span><\/li>\n<li style=\"font-weight: 400\"><span style=\"font-weight: 400\">Defro DRX OPTI 400 V<\/span><\/li>\n<li style=\"font-weight: 400\"><span style=\"font-weight: 400\">Defro DRX OPTI 500 V<\/span><\/li>\n<li style=\"font-weight: 400\"><span style=\"font-weight: 400\">D\u00e9froisseur DRX OPTI 250 V S<\/span><\/li>\n<li style=\"font-weight: 400\"><span style=\"font-weight: 400\">D\u00e9froisseur DRX OPTI 300 H<\/span><\/li>\n<li style=\"font-weight: 400\"><span style=\"font-weight: 400\">Defro DRX OPTI 400 H<\/span><\/li>\n<li style=\"font-weight: 400\"><span style=\"font-weight: 400\">Defro DRX OPTI 500 H<\/span><\/li>\n<li style=\"font-weight: 400\"><span style=\"font-weight: 400\">D\u00e9froisseur DRX OPTI 350 F<\/span><\/li>\n<li style=\"font-weight: 400\"><span style=\"font-weight: 400\">Defro DRX OPTI 450 F<\/span><\/li>\n<\/ul>\n<h2><span style=\"font-weight: 400\">Contre quoi le jeu de filtres prot\u00e8ge-t-il ?  <\/span><\/h2>\n<p><span style=\"font-weight: 400\">Le jeu de filtres comprend <\/span><b>2 filtres<\/b><span style=\"font-weight: 400\">:<\/span><\/p>\n<ul>\n<li style=\"font-weight: 400\"><span style=\"font-weight: 400\">Filtre d&rsquo;extraction &#8211; M5 (ePM10 <\/span><span style=\"font-weight: 400\">55%<\/span><span style=\"font-weight: 400\">) &#8211; pour la protection MVHR<\/span><\/li>\n<li style=\"font-weight: 400\"><span style=\"font-weight: 400\">Filtre d&rsquo;alimentation &#8211; M5 (ePM10) <\/span><span style=\"font-weight: 400\">55%<\/span><span style=\"font-weight: 400\">) &#8211; pour la protection de l&rsquo;air int\u00e9rieur<\/span><\/li>\n<\/ul>\n<p><span style=\"font-weight: 400\">Ce jeu de filtres est conforme \u00e0 la norme ISO 16890 relative \u00e0 l&rsquo;efficacit\u00e9 de filtration des particules.<\/span><b> <\/b><span style=\"font-weight: 400\">Les filtres <\/span><b>filtres M5 <\/b><span style=\"font-weight: 400\">capturent environ <\/span><span style=\"font-weight: 400\">55%<\/span><span style=\"font-weight: 400\">  de particules de 10 microns ou plus, telles que le pollen, les spores de moisissures, les squames d&rsquo;animaux et la poussi\u00e8re domestique. L&rsquo;un d&rsquo;eux filtre l&rsquo;air extrait de votre espace int\u00e9rieur et prot\u00e8ge l&rsquo;unit\u00e9 MVHR, tandis que l&rsquo;autre purifie l&rsquo;air ext\u00e9rieur qui p\u00e9n\u00e8tre dans vos locaux, am\u00e9liorant ainsi la qualit\u00e9 de l&rsquo;air int\u00e9rieur et prot\u00e9geant votre sant\u00e9.  Cela permet de r\u00e9duire la poussi\u00e8re visible, de diminuer la consommation d&rsquo;\u00e9nergie, de maintenir le syst\u00e8me silencieux et de prolonger sa dur\u00e9e de vie.<\/span><\/p>\n<h2><span style=\"font-weight: 400\">Utilisation et entretien  <\/span><\/h2>\n<p><span style=\"font-weight: 400\">Defro recommande de remplacer les <\/span><b>tous les 6 mois<\/b><span style=\"font-weight: 400\">afin de garantir une qualit\u00e9 d&rsquo;air et des performances optimales du syst\u00e8me.<\/span><span style=\"font-weight: 400\">Cependant, la fr\u00e9quence de remplacement peut varier en fonction de facteurs tels que :<\/span><\/p>\n<ul>\n<li style=\"font-weight: 400\"><b>Niveaux de pollution de l&rsquo;air<\/b><span style=\"font-weight: 400\"> (par exemple, zones urbaines ou rurales)<\/span><\/li>\n<li style=\"font-weight: 400\"><b>Allergies ou sensibilit\u00e9s respiratoires<\/b><\/li>\n<li style=\"font-weight: 400\"><b>Animaux domestiques ou fumeurs \u00e0 l&rsquo;int\u00e9rieur<\/b><\/li>\n<li style=\"font-weight: 400\"><b>Poussi\u00e8re provenant des chantiers de construction situ\u00e9s \u00e0 proximit\u00e9<\/b><\/li>\n<\/ul>\n<p><span style=\"font-weight: 400\">Si votre syst\u00e8me comprend un <\/span><b>indicateur de changement de filtre<\/b><span style=\"font-weight: 400\">suivez ses conseils. Sinon, v\u00e9rifiez visuellement les filtres &#8211; s&rsquo;ils semblent tr\u00e8s sales ou obstru\u00e9s, il est temps de les remplacer. <\/span><\/p>\n<h2><span style=\"font-weight: 400\">Qualit\u00e9 de la fabrication<\/span><\/h2>\n<p><span style=\"font-weight: 400\">Ce jeu de filtres est <\/span><b>fabriqu\u00e9 par Defro<\/b><span style=\"font-weight: 400\">un partenaire de confiance avec lequel nous travaillons depuis de nombreuses ann\u00e9es. Nous achetons tous les produits directement aupr\u00e8s d&rsquo;eux, ce qui garantit l&rsquo;authenticit\u00e9 et une qualit\u00e9 constante.  Les installations de fabrication de Defro,  <\/span><b>bas\u00e9 en Pologne<\/b><span style=\"font-weight: 400\">Les filtres \u00e0 air de la gamme de produits de l&rsquo;Union europ\u00e9enne respectent des normes de production europ\u00e9ennes strictes. Leurs technologies de filtration avanc\u00e9es et leurs processus de test rigoureux garantissent une r\u00e9tention optimale des particules, l&rsquo;efficacit\u00e9 du flux d&rsquo;air et la fiabilit\u00e9 du produit. <\/span><span style=\"font-weight: 400\">Ces filtres \u00e0 panneaux sont fabriqu\u00e9s \u00e0 l&rsquo;aide de la <\/span><span style=\"font-weight: 400\">la technologie Z-line<\/span><span style=\"font-weight: 400\">Le filtre est constitu\u00e9 d&rsquo;un m\u00e9dia filtrant dens\u00e9ment pli\u00e9, mont\u00e9 dans un cadre en carton. Cette conception maximise la surface de filtration, am\u00e9liorant la r\u00e9tention des particules et l&rsquo;efficacit\u00e9 du flux d&rsquo;air. Ce type de construction offre une plus grande surface de filtration effective, une distribution plus uniforme du flux d&rsquo;air, une meilleure capture des particules et une perte de charge plus faible.  <\/span><span style=\"font-weight: 400\">En utilisant <\/span><b>filtres Defro d&rsquo;origine<\/b><span style=\"font-weight: 400\">vous garantissez que votre syst\u00e8me de ventilation fonctionne conform\u00e9ment aux sp\u00e9cifications du fabricant, en maintenant \u00e0 la fois une qualit\u00e9 d&rsquo;air int\u00e9rieur optimale et une efficacit\u00e9 \u00e9nerg\u00e9tique.<\/span><\/p>\n","protected":false},"excerpt":{"rendered":"<p>Compatibilit\u00e9 des mod\u00e8les Compatible avec les mod\u00e8les suivants : Defro DRX 300 V D\u00e9froisseur DRX 400 V Defro DRX 500 V Defro DRX OPTI 300 V Defro DRX OPTI 400 V Defro DRX OPTI 500 V D\u00e9froisseur DRX OPTI 250 V S D\u00e9froisseur DRX OPTI 300 H Defro DRX OPTI 400 H Defro DRX OPTI [&hellip;]<\/p>\n","protected":false},"featured_media":12914,"comment_status":"open","ping_status":"closed","template":"","meta":{"_how_to_change":"<b>Instructions pour le remplacement du filtre pour Defro DRX V \/ OPTI V :<\/b><ol> \t<li style=\"font-weight: 400\"><span style=\"font-weight: 400\"><strong>\u00c9teignez l'appareil<\/strong>: Veillez \u00e0 ce que l'appareil soit \u00e9teint et d\u00e9connect\u00e9 de l'alimentation \u00e9lectrique afin d'\u00e9viter tout accident.<\/span><\/li> \t<li style=\"font-weight: 400\"><span style=\"font-weight: 400\"><strong>Acc\u00e9dez au compartiment du filtre<\/strong>: Rep\u00e9rez le compartiment du filtre, accessible par le panneau avant.<\/span><\/li> \t<li style=\"font-weight: 400\"><span style=\"font-weight: 400\"><strong>Retirez les anciens filtres<\/strong>: Retirez soigneusement les filtres existants. Notez l'orientation et la position des filtres pour installer correctement les nouveaux. <\/span><\/li> \t<li style=\"font-weight: 400\"><span style=\"font-weight: 400\"><strong>Installez les nouveaux filtres<\/strong>: Placez les nouveaux filtres dans le compartiment, en veillant \u00e0 ce qu'ils soient correctement orient\u00e9s et plac\u00e9s.<\/span><\/li> \t<li style=\"font-weight: 400\"><span style=\"font-weight: 400\"><strong>Remontez l'appareil<\/strong>: Remettez en place les panneaux ou les couvercles qui ont \u00e9t\u00e9 retir\u00e9s au cours de l'op\u00e9ration.<\/span><\/li> \t<li style=\"font-weight: 400\"><span style=\"font-weight: 400\"><strong>Mettez l'appareil sous tension<\/strong>: Reconnectez l'appareil \u00e0 l'alimentation \u00e9lectrique et mettez-le sous tension.<\/span><\/li><\/ol>","_delivery_info":"<h3 class=\"wp-block-heading\">D\u00e9lai de traitement des commandes<\/h3>\nTous les produits en stock sont exp\u00e9di\u00e9s dans les 24-48 heures, \u00e0 l'exception de ceux qui sont clairement indiqu\u00e9s comme ayant un d\u00e9lai d'exp\u00e9dition plus long (5-10 jours).\n<h3 class=\"wp-block-heading\">Frais d'exp\u00e9dition<\/h3>\nLes frais de port sont <strong>gratuits pour toute commande sup\u00e9rieure \u00e0 100 euros<\/strong>. Pour les commandes inf\u00e9rieures \u00e0 100 euros, les frais de port seront calcul\u00e9s au moment du paiement. \n<h3 class=\"wp-block-heading\">D\u00e9lais de livraison estim\u00e9s par r\u00e9gion<\/h3>\n<strong>Albanie, Mont\u00e9n\u00e9gro, Bosnie-Herz\u00e9govine, Moldavie, Mac\u00e9doine du Nord<\/strong>\n<em>Transporteur :<\/em> Poczta Polska Registered\n<em>Livraison estim\u00e9e :<\/em> 5-10 jours ouvrables\n\n<strong>Islande, Norv\u00e8ge, Serbie, Suisse, Chypre, Croatie, Malte<\/strong>\n<em>Transporteur :<\/em> PostNL Tracked\n<em>Livraison estim\u00e9e :<\/em> 5-10 jours ouvrables\n\n<strong>Royaume-Uni<\/strong>\n<em>Royal Mail :<\/em> 4-6 jours ouvrables\n<em>Parcel Force :<\/em> 4-6 jours ouvrables\n\n<strong>Canada, Australie, Nouvelle-Z\u00e9lande<\/strong>\n<em>UPS Expedited :<\/em> 3-6 jours ouvrables\n<em>Poczta Polska Registered :<\/em> 5-15 jours ouvrables\n\n<strong>\u00c9tats-Unis (US)<\/strong>\n<em>Transporteur :<\/em> PostNL Tracked\n<em>Livraison estim\u00e9e :<\/em> 5-10 jours ouvrables\n\n<strong>Autriche, Slovaquie, R\u00e9publique tch\u00e8que, Hongrie<\/strong>\n<em>Courrier UPS :<\/em> 3-4 jours ouvrables\n<em>Courrier DPD :<\/em> 3-4 jours ouvrables\n<em>GLS Courier :<\/em> 3-4 jours ouvrables\n\n<strong>Belgique, Bulgarie, Danemark, Espagne, France, Gr\u00e8ce, Irlande, Italie, Luxembourg, Pays-Bas, Portugal, Roumanie, Su\u00e8de, Slov\u00e9nie<\/strong>\n<em>UPS Courier :<\/em> 4-5 jours ouvrables\n<em>Courrier DPD :<\/em> 4-5 jours ouvrables\n<em>GLS Courier :<\/em> 4-5 jours ouvrables\n\n<strong>Allemagne<\/strong>\n<em>Courrier DHL :<\/em> 2-3 jours ouvrables\n<em>Courrier DPD :<\/em> 2-3 jours ouvrables\n<em>GLS Courier :<\/em> 2-3 jours ouvrables\n\n<strong>Estonie, Lettonie<\/strong>\n<em>Terminaux Omniva :<\/em> 1-3 jours ouvrables\n<em>Courrier DPD :<\/em> 1-3 jours ouvrables\n\n<strong>Finlande<\/strong>\n<em>Courrier postal :<\/em> 2-4 jours ouvrables\n\n<strong>Lituanie<\/strong>\n<em>Terminaux Omniva :<\/em> 1-2 jours ouvrables\n<em>Terminaux DPD :<\/em> 1-2 jours ouvrables\n<em>Courrier DPD :<\/em> 1-2 jours ouvrables\n\n<strong>Pologne<\/strong>\n<em>EnPost :<\/em> 2-3 jours ouvrables\n<em>Courrier DPD :<\/em> 2-3 jours ouvrables\n<em>GLS Courier :<\/em> 2-3 jours ouvrables\n<h3 class=\"wp-block-heading\">Suivi des commandes<\/h3>\nUne fois que votre commande est en route, nous vous envoyons un e-mail de confirmation avec les d\u00e9tails de suivi afin que vous puissiez facilement suivre son cheminement jusqu'\u00e0 vous.\n<h3 class=\"wp-block-heading\">Douanes et droits<\/h3>\nVeuillez noter que les frais de douane, les taxes ou les droits d'importation sont \u00e0 la charge du destinataire et peuvent varier en fonction de la r\u00e9glementation de votre pays.\n<h3 class=\"wp-block-heading\">Jours ouvrables<\/h3>\nLes d\u00e9lais de livraison sont calcul\u00e9s sur la base des jours ouvrables, c'est-\u00e0-dire du lundi au vendredi, \u00e0 l'exclusion des jours f\u00e9ri\u00e9s.\n<h3 class=\"wp-block-heading\">Retour facile dans les 30 jours<\/h3>\nVous pouvez renvoyer tout produit dans les 30 jours suivant sa r\u00e9ception pour un remboursement complet - sans aucune question !\n\nSi vous devez retourner des articles apr\u00e8s 30 jours, veuillez nous contacter. Nous examinons ces demandes au cas par cas et ferons de notre mieux pour vous aider. \n<h3 class=\"wp-block-heading\">\u00c9tat des produits retourn\u00e9s<\/h3>\nNous acceptons les retours de produits non utilis\u00e9s et intacts, y compris les produits d\u00e9ball\u00e9s mais non endommag\u00e9s. Les produits endommag\u00e9s, sales ou inutilisables d'une autre mani\u00e8re ne peuvent pas \u00eatre retourn\u00e9s. \n<h3 class=\"wp-block-heading\">Articles d\u00e9fectueux ou incorrects<\/h3>\nSi vous recevez un produit d\u00e9fectueux ou incorrect, veuillez nous contacter imm\u00e9diatement. Nous veillerons \u00e0 ce que le probl\u00e8me soit r\u00e9solu rapidement, car votre satisfaction est notre priorit\u00e9 absolue. \n<h3 class=\"wp-block-heading\">D\u00e9lai de traitement des remboursements<\/h3>\nUne fois que le produit retourn\u00e9 nous est parvenu, nous v\u00e9rifions son \u00e9tat dans un d\u00e9lai de 5 jours ouvrables. Les remboursements seront trait\u00e9s dans un d\u00e9lai suppl\u00e9mentaire de 5 jours ouvrables apr\u00e8s approbation, en utilisant la m\u00e9thode de paiement d'origine. \n<h3 class=\"wp-block-heading\">Renvoi de la commande<\/h3>\nVeuillez nous contacter avant de renvoyer un produit. Nous vous fournirons les d\u00e9tails de l'exp\u00e9dition de retour et vous assisterons tout au long de la proc\u00e9dure. <strong>Nous prenons en charge tous les frais de retour<\/strong>. \n<h3 class=\"wp-block-heading\">Annulation de la commande<\/h3>\nLes annulations sont possibles avant l'exp\u00e9dition de votre commande. Les remboursements des commandes annul\u00e9es sont trait\u00e9s dans les 5 jours ouvrables. ","_original_product_code":"","_shipped_within":"24-48 heures","_product_quantity":2,"_enable_bulk_discount":"yes","_bulk_discount_rules":[{"min_quantity":2,"discount_percentage":5},{"min_quantity":3,"discount_percentage":10},{"min_quantity":4,"discount_percentage":15}]},"product_brand":[],"product_cat":[7054,7055],"product_tag":[],"class_list":{"0":"post-12912","1":"product","2":"type-product","3":"status-publish","4":"has-post-thumbnail","6":"product_cat-defro","7":"product_cat-defro-drx-opti-v","9":"first","10":"instock","11":"taxable","12":"shipping-taxable","13":"purchasable","14":"product-type-simple"},"_links":{"self":[{"href":"https:\/\/filterdirect.be\/fr\/wp-json\/wp\/v2\/product\/12912","targetHints":{"allow":["GET"]}}],"collection":[{"href":"https:\/\/filterdirect.be\/fr\/wp-json\/wp\/v2\/product"}],"about":[{"href":"https:\/\/filterdirect.be\/fr\/wp-json\/wp\/v2\/types\/product"}],"replies":[{"embeddable":true,"href":"https:\/\/filterdirect.be\/fr\/wp-json\/wp\/v2\/comments?post=12912"}],"wp:featuredmedia":[{"embeddable":true,"href":"https:\/\/filterdirect.be\/fr\/wp-json\/wp\/v2\/media\/12914"}],"wp:attachment":[{"href":"https:\/\/filterdirect.be\/fr\/wp-json\/wp\/v2\/media?parent=12912"}],"wp:term":[{"taxonomy":"product_brand","embeddable":true,"href":"https:\/\/filterdirect.be\/fr\/wp-json\/wp\/v2\/product_brand?post=12912"},{"taxonomy":"product_cat","embeddable":true,"href":"https:\/\/filterdirect.be\/fr\/wp-json\/wp\/v2\/product_cat?post=12912"},{"taxonomy":"product_tag","embeddable":true,"href":"https:\/\/filterdirect.be\/fr\/wp-json\/wp\/v2\/product_tag?post=12912"}],"curies":[{"name":"wp","href":"https:\/\/api.w.org\/{rel}","templated":true}]}}